{"id":1540,"date":"2014-01-27T15:48:18","date_gmt":"2014-01-27T14:48:18","guid":{"rendered":"http:\/\/deltaimage.de\/wp\/?page_id=1540"},"modified":"2015-01-20T16:55:33","modified_gmt":"2015-01-20T15:55:33","slug":"flugzeugmodelle","status":"publish","type":"page","link":"https:\/\/deltaimage.de\/wp\/?page_id=1540","title":{"rendered":"Flugzeugmodelle"},"content":{"rendered":"<h3><\/h3>\n<p>Die kleinen Dinge ins rechte Licht r\u00fccken.<\/p>\n<p>Historiker greifen f\u00fcr Dokumentationen und Ausstellungen sehr gerne auf Originalexponate zur\u00fcck. Dort wo diese nicht mehr vorhanden sind, muss man sich sehr oft mit Modellen gegn\u00fcgen. Die Bayerischen-Flugzeug-Historiker e.V. machen aus der Not eine Tugend und haben inzwischen eine der umfangreichsten Sammlungen an historischen Luftfahrtmodellen aller Zeitepochen und Einsatzmuster &#8211; im Ma\u00dfstab 1:72.<\/p>\n<p><a href=\"https:\/\/i0.wp.com\/deltaimage.de\/wp\/wp-content\/uploads\/Logo-bfh.jpg\"><img data-recalc-dims=\"1\" loading=\"lazy\" decoding=\"async\" class=\"alignnone  wp-image-1547\" src=\"https:\/\/i0.wp.com\/deltaimage.de\/wp\/wp-content\/uploads\/Logo-bfh.jpg?resize=180%2C192\" alt=\"\" width=\"180\" height=\"192\" \/><\/a><\/p>\n<p>Das was im Kindesalter noch &#8222;Basteln&#8220; hie\u00df ist in den H\u00e4nden der Historiker ein Modellbau nach historischen Vorbildern und Recherche um dem Original so nah wie m\u00f6glich zu kommen.<\/p>\n<p>Im kleinen Ma\u00dfstab sind die Luftfahrzeuge f\u00fcr Fach- und Sonderausstellungen, u.a. im Deutschen Museum, handlich genug um spezifische Themenw\u00fcnsche abdecken zu k\u00f6nnen.<\/p>\n<ul>\n<li>Propeller Flugzeuge\n<ul>\n<li>1903 &#8211; 1914<\/li>\n<li>1914 &#8211; 1918<\/li>\n<li>1919 &#8211; 1935<\/li>\n<li>1935 &#8211; 1945<\/li>\n<li>1945 &#8211; heute<\/li>\n<\/ul>\n<\/li>\n<li>D\u00fcsen\u00a0Flugzeuge\n<ul>\n<li>bis 1945<\/li>\n<li>ab 1945<\/li>\n<\/ul>\n<\/li>\n<li>Verkehrsflugzeuge\n<ul>\n<li>bis 1945<\/li>\n<\/ul>\n<\/li>\n<li>Hubschrauber<\/li>\n<li>Sonderbauformen<\/li>\n<\/ul>\n<p>Wir begleiten den BFH seit vielen Jahren und stellen die anspruchsvollen Fotos der kleinen Wunder der Fliegekunst her. Mit abnehmendem Ma\u00dfstab werden die Anspruche an die Fotografie sprunghaft gr\u00f6\u00dfer.<\/p>\n\n<p>&nbsp;<\/p>\n<p>Die kleine Welt ganz Gro\u00df.<\/p>\n","protected":false},"excerpt":{"rendered":"<p>Die kleinen Dinge ins rechte Licht r\u00fccken. Historiker greifen f\u00fcr Dokumentationen und Ausstellungen sehr gerne auf Originalexponate zur\u00fcck. Dort wo diese nicht mehr vorhanden sind, muss man sich sehr oft [&hellip;]<\/p>\n","protected":false},"author":1,"featured_media":0,"parent":44296,"menu_order":0,"comment_status":"closed","ping_status":"closed","template":"page-templates\/full-width-page.php","meta":{"wpupg_custom_link":[],"wpupg_custom_link_behaviour":[],"wpupg_custom_link_nofollow":[],"wpupg_custom_image":[],"wpupg_custom_image_id":[],"jetpack_post_was_ever_published":false,"footnotes":""},"class_list":["post-1540","page","type-page","status-publish","hentry"],"jetpack-related-posts":[{"id":45326,"url":"https:\/\/deltaimage.de\/wp\/?page_id=45326","url_meta":{"origin":1540,"position":0},"title":"B\u00fccher mit Dr. Marcus Junkelmann","author":"EschbacP","date":"28. September 2024","format":false,"excerpt":"Neue Buchprojekte mit Dr. Marcus Junkelmann entf\u00fchrt mich immer wieder in andere und nicht minder spannende Zeitepochen, oft in der bayerischen Geschichte. Er f\u00fchlt sich im 19. Jahrhundert genauso zu Hause, wie im 18. Jahrhundert mit der Schicksalsschlacht der Wittelsbacher 1704 in H\u00f6chst\u00e4dt. Dann waren die Wittelsbacher im Exil in\u2026","rel":"","context":"\u00c4hnlicher Beitrag","block_context":{"text":"\u00c4hnlicher Beitrag","link":""},"img":{"alt_text":"","src":"https:\/\/i0.wp.com\/deltaimage.de\/wp\/wp-content\/uploads\/PE5D0295_1200.jpg?fit=1200%2C450&ssl=1&resize=350%2C200","width":350,"height":200,"srcset":"https:\/\/i0.wp.com\/deltaimage.de\/wp\/wp-content\/uploads\/PE5D0295_1200.jpg?fit=1200%2C450&ssl=1&resize=350%2C200 1x, https:\/\/i0.wp.com\/deltaimage.de\/wp\/wp-content\/uploads\/PE5D0295_1200.jpg?fit=1200%2C450&ssl=1&resize=525%2C300 1.5x, https:\/\/i0.wp.com\/deltaimage.de\/wp\/wp-content\/uploads\/PE5D0295_1200.jpg?fit=1200%2C450&ssl=1&resize=700%2C400 2x, https:\/\/i0.wp.com\/deltaimage.de\/wp\/wp-content\/uploads\/PE5D0295_1200.jpg?fit=1200%2C450&ssl=1&resize=1050%2C600 3x"},"classes":[]},{"id":13258,"url":"https:\/\/deltaimage.de\/wp\/?page_id=13258","url_meta":{"origin":1540,"position":1},"title":"Verbundene Webseiten von DELTA IMAGE","author":"EschbacP","date":"21. Januar 2017","format":false,"excerpt":"DELTA IMAGE ist als Marke mit anderen Unternehmen und Ihren Webseiten verbunden. F\u00fcr unsere Kunden und Besuchern der Webseite zeigen wir Ihnen diese Verbindungen mit anderen Kommunikationsplattformen auf. Wir zeigen Ihnen die verbundene Webseite in einem externen Live-Link in einem integrierten Fenster. \u00a0 Webseite: DELTA ADVICE (www.deltaadvice.eu) DELTA IMAGE ist\u2026","rel":"","context":"\u00c4hnlicher Beitrag","block_context":{"text":"\u00c4hnlicher Beitrag","link":""},"img":{"alt_text":"","src":"https:\/\/i0.wp.com\/deltaimage.de\/wp\/wp-content\/uploads\/WP_20170121_20_17_05_Pro_LI_1200.jpg?fit=1200%2C450&ssl=1&resize=350%2C200","width":350,"height":200,"srcset":"https:\/\/i0.wp.com\/deltaimage.de\/wp\/wp-content\/uploads\/WP_20170121_20_17_05_Pro_LI_1200.jpg?fit=1200%2C450&ssl=1&resize=350%2C200 1x, https:\/\/i0.wp.com\/deltaimage.de\/wp\/wp-content\/uploads\/WP_20170121_20_17_05_Pro_LI_1200.jpg?fit=1200%2C450&ssl=1&resize=525%2C300 1.5x, https:\/\/i0.wp.com\/deltaimage.de\/wp\/wp-content\/uploads\/WP_20170121_20_17_05_Pro_LI_1200.jpg?fit=1200%2C450&ssl=1&resize=700%2C400 2x, https:\/\/i0.wp.com\/deltaimage.de\/wp\/wp-content\/uploads\/WP_20170121_20_17_05_Pro_LI_1200.jpg?fit=1200%2C450&ssl=1&resize=1050%2C600 3x"},"classes":[]},{"id":53271,"url":"https:\/\/deltaimage.de\/wp\/?page_id=53271","url_meta":{"origin":1540,"position":2},"title":"Fotografisches Werk","author":"EschbacP","date":"29. November 2025","format":false,"excerpt":"Fotograf: Andreas Pirchmoser Fotografisches Werk 1991 - 1999 entsteht zusammen mit seinem Studienfreund Hubert Bauer-Falkner (\u2020) aus Hauzenberg im Bayerischen Wald das Foto-Team BAYERWALDTEAM. Viele gemeinsame Multivisions-Vortr\u00e4ge zum Bayerischen Wald, B\u00f6hmerwald und Prag entstehen in der Zeit bis zum Jahr 2000 und werden vor gro\u00dfem und interessiertem Publikum in Nieder-\u2026","rel":"","context":"\u00c4hnlicher Beitrag","block_context":{"text":"\u00c4hnlicher Beitrag","link":""},"img":{"alt_text":"","src":"https:\/\/i0.wp.com\/deltaimage.de\/wp\/wp-content\/uploads\/Greiling_311_1200.jpg?fit=1200%2C450&ssl=1&resize=350%2C200","width":350,"height":200,"srcset":"https:\/\/i0.wp.com\/deltaimage.de\/wp\/wp-content\/uploads\/Greiling_311_1200.jpg?fit=1200%2C450&ssl=1&resize=350%2C200 1x, https:\/\/i0.wp.com\/deltaimage.de\/wp\/wp-content\/uploads\/Greiling_311_1200.jpg?fit=1200%2C450&ssl=1&resize=525%2C300 1.5x, https:\/\/i0.wp.com\/deltaimage.de\/wp\/wp-content\/uploads\/Greiling_311_1200.jpg?fit=1200%2C450&ssl=1&resize=700%2C400 2x, https:\/\/i0.wp.com\/deltaimage.de\/wp\/wp-content\/uploads\/Greiling_311_1200.jpg?fit=1200%2C450&ssl=1&resize=1050%2C600 3x"},"classes":[]},{"id":37244,"url":"https:\/\/deltaimage.de\/wp\/?page_id=37244","url_meta":{"origin":1540,"position":3},"title":"Flugplatz Wanderf\u00fchrer zum Selber-Erkunden","author":"EschbacP","date":"17. Oktober 2022","format":false,"excerpt":"Die beliebten historischen Flugplatz-Wanderungen am \u00e4ltesten Flugplatz in Bayern - dem Flugplatz Schlei\u00dfheim - bieten wir seit dem Jahr 2012, zum 110-j\u00e4hrigen Bestehen des Flugplatzes und 30 Jahren Deutsches Museum in der Flugwerft Schlei\u00dfheim. Innerhalb von jeweils zwei Stunden (von 14:00 Uhr bis 16:00 Uhr) erleben wir Ausschnitte der Luftfahrtgeschichte\u2026","rel":"","context":"\u00c4hnlicher Beitrag","block_context":{"text":"\u00c4hnlicher Beitrag","link":""},"img":{"alt_text":"","src":"https:\/\/i0.wp.com\/deltaimage.de\/wp\/wp-content\/uploads\/Banner_Buch_Wanderfuehrer_1200.jpg?fit=1200%2C490&ssl=1&resize=350%2C200","width":350,"height":200,"srcset":"https:\/\/i0.wp.com\/deltaimage.de\/wp\/wp-content\/uploads\/Banner_Buch_Wanderfuehrer_1200.jpg?fit=1200%2C490&ssl=1&resize=350%2C200 1x, https:\/\/i0.wp.com\/deltaimage.de\/wp\/wp-content\/uploads\/Banner_Buch_Wanderfuehrer_1200.jpg?fit=1200%2C490&ssl=1&resize=525%2C300 1.5x, https:\/\/i0.wp.com\/deltaimage.de\/wp\/wp-content\/uploads\/Banner_Buch_Wanderfuehrer_1200.jpg?fit=1200%2C490&ssl=1&resize=700%2C400 2x, https:\/\/i0.wp.com\/deltaimage.de\/wp\/wp-content\/uploads\/Banner_Buch_Wanderfuehrer_1200.jpg?fit=1200%2C490&ssl=1&resize=1050%2C600 3x"},"classes":[]},{"id":7660,"url":"https:\/\/deltaimage.de\/wp\/?page_id=7660","url_meta":{"origin":1540,"position":4},"title":"\u00dcber mich &#8211; Bio Page Paul Eschbach","author":"EschbacP","date":"11. April 2015","format":false,"excerpt":"Fast 40 Jahre ernsthafte und leidenschaftliche Besch\u00e4ftigung mit der Fotografie in vielen Themenbereichen und fotografischen Techniken bildet einen Spannungsbogen um immer das gleiche Motiv: \"Die n\u00e4here Heimat selber und auch f\u00fcr andere visuell erlebbar machen\" Heimat und Landschaft passieren nicht zu Hause und nicht im Umkreis eines Parkplatzes \u2013 da\u2026","rel":"","context":"\u00c4hnlicher Beitrag","block_context":{"text":"\u00c4hnlicher Beitrag","link":""},"img":{"alt_text":"","src":"https:\/\/i0.wp.com\/deltaimage.de\/wp\/wp-content\/uploads\/IMG_2660_1200.jpg?fit=1200%2C450&ssl=1&resize=350%2C200","width":350,"height":200,"srcset":"https:\/\/i0.wp.com\/deltaimage.de\/wp\/wp-content\/uploads\/IMG_2660_1200.jpg?fit=1200%2C450&ssl=1&resize=350%2C200 1x, https:\/\/i0.wp.com\/deltaimage.de\/wp\/wp-content\/uploads\/IMG_2660_1200.jpg?fit=1200%2C450&ssl=1&resize=525%2C300 1.5x, https:\/\/i0.wp.com\/deltaimage.de\/wp\/wp-content\/uploads\/IMG_2660_1200.jpg?fit=1200%2C450&ssl=1&resize=700%2C400 2x, https:\/\/i0.wp.com\/deltaimage.de\/wp\/wp-content\/uploads\/IMG_2660_1200.jpg?fit=1200%2C450&ssl=1&resize=1050%2C600 3x"},"classes":[]},{"id":35787,"url":"https:\/\/deltaimage.de\/wp\/?page_id=35787","url_meta":{"origin":1540,"position":5},"title":"Flugplatz Wanderungen Schlei\u00dfheim","author":"EschbacP","date":"15. August 2022","format":false,"excerpt":"Die beliebten Flugplatz Wanderungen am \u00e4ltesten Flugplatz in Bayern - dem Flugplatz Schlei\u00dfheim - bieten wir seit dem Jahr 2012, zum 110-j\u00e4hrigen Bestehen des Flugplatzes und 30 Jahren Deutsches Museum in der Flugwerft Schlei\u00dfheim. Innerhalb von jeweils zwei Stunden (von 14:00 Uhr bis 16:00 Uhr) erleben wir Ausschnitte der Luftfahrtgeschichte\u2026","rel":"","context":"\u00c4hnlicher Beitrag","block_context":{"text":"\u00c4hnlicher Beitrag","link":""},"img":{"alt_text":"","src":"https:\/\/i0.wp.com\/deltaimage.de\/wp\/wp-content\/uploads\/Banner_alle_FP_Wanderung_1200_450.jpg?fit=1200%2C450&ssl=1&resize=350%2C200","width":350,"height":200,"srcset":"https:\/\/i0.wp.com\/deltaimage.de\/wp\/wp-content\/uploads\/Banner_alle_FP_Wanderung_1200_450.jpg?fit=1200%2C450&ssl=1&resize=350%2C200 1x, https:\/\/i0.wp.com\/deltaimage.de\/wp\/wp-content\/uploads\/Banner_alle_FP_Wanderung_1200_450.jpg?fit=1200%2C450&ssl=1&resize=525%2C300 1.5x, https:\/\/i0.wp.com\/deltaimage.de\/wp\/wp-content\/uploads\/Banner_alle_FP_Wanderung_1200_450.jpg?fit=1200%2C450&ssl=1&resize=700%2C400 2x, https:\/\/i0.wp.com\/deltaimage.de\/wp\/wp-content\/uploads\/Banner_alle_FP_Wanderung_1200_450.jpg?fit=1200%2C450&ssl=1&resize=1050%2C600 3x"},"classes":[]}],"jetpack_sharing_enabled":true,"_links":{"self":[{"href":"https:\/\/deltaimage.de\/wp\/index.php?rest_route=\/wp\/v2\/pages\/1540","targetHints":{"allow":["GET"]}}],"collection":[{"href":"https:\/\/deltaimage.de\/wp\/index.php?rest_route=\/wp\/v2\/pages"}],"about":[{"href":"https:\/\/deltaimage.de\/wp\/index.php?rest_route=\/wp\/v2\/types\/page"}],"author":[{"embeddable":true,"href":"https:\/\/deltaimage.de\/wp\/index.php?rest_route=\/wp\/v2\/users\/1"}],"replies":[{"embeddable":true,"href":"https:\/\/deltaimage.de\/wp\/index.php?rest_route=%2Fwp%2Fv2%2Fcomments&post=1540"}],"version-history":[{"count":10,"href":"https:\/\/deltaimage.de\/wp\/index.php?rest_route=\/wp\/v2\/pages\/1540\/revisions"}],"predecessor-version":[{"id":6555,"href":"https:\/\/deltaimage.de\/wp\/index.php?rest_route=\/wp\/v2\/pages\/1540\/revisions\/6555"}],"up":[{"embeddable":true,"href":"https:\/\/deltaimage.de\/wp\/index.php?rest_route=\/wp\/v2\/pages\/44296"}],"wp:attachment":[{"href":"https:\/\/deltaimage.de\/wp\/index.php?rest_route=%2Fwp%2Fv2%2Fmedia&parent=1540"}],"curies":[{"name":"wp","href":"https:\/\/api.w.org\/{rel}","templated":true}]}}