{"id":1793,"date":"2014-01-28T10:55:33","date_gmt":"2014-01-28T09:55:33","guid":{"rendered":"http:\/\/deltaimage.de\/wp\/?page_id=1793"},"modified":"2024-09-30T13:11:41","modified_gmt":"2024-09-30T11:11:41","slug":"kontakt-2","status":"publish","type":"page","link":"https:\/\/deltaimage.de\/wp\/?page_id=1793","title":{"rendered":"Kontakt"},"content":{"rendered":"<p><a href=\"http:\/\/deltaimage.de\/wp\/wp-content\/uploads\/APP_Logo_DELTA-IMAGE.bmp\"><img loading=\"lazy\" decoding=\"async\" data-attachment-id=\"24591\" data-permalink=\"https:\/\/deltaimage.de\/wp\/?attachment_id=24591#main\" data-orig-file=\"https:\/\/deltaimage.de\/wp\/wp-content\/uploads\/APP_Logo_DELTA-IMAGE.bmp\" data-orig-size=\"200,50\" data-comments-opened=\"0\" data-image-meta=\"{&quot;aperture&quot;:&quot;0&quot;,&quot;credit&quot;:&quot;&quot;,&quot;camera&quot;:&quot;&quot;,&quot;caption&quot;:&quot;&quot;,&quot;created_timestamp&quot;:&quot;0&quot;,&quot;copyright&quot;:&quot;&quot;,&quot;focal_length&quot;:&quot;0&quot;,&quot;iso&quot;:&quot;0&quot;,&quot;shutter_speed&quot;:&quot;0&quot;,&quot;title&quot;:&quot;&quot;,&quot;orientation&quot;:&quot;0&quot;}\" data-image-title=\"APP_Logo_DELTA IMAGE\" data-image-description=\"\" data-image-caption=\"\" data-large-file=\"https:\/\/deltaimage.de\/wp\/wp-content\/uploads\/APP_Logo_DELTA-IMAGE.bmp\" class=\"size-full wp-image-24591 alignright\" src=\"http:\/\/deltaimage.de\/wp\/wp-content\/uploads\/APP_Logo_DELTA-IMAGE.bmp\" alt=\"\" width=\"200\" height=\"50\" \/><\/a>DELTA IMAGE ist eine Marke der DELTA ADVICE GmbH<br \/>\nBenediktenwandstra\u00dfe 10<br \/>\n85221 Dachau<\/p>\n<p>&nbsp;<\/p>\n<p><a href=\"http:\/\/deltaimage.de\/wp\/?attachment_id=13174#main\" rel=\"attachment wp-att-13174\"><img data-recalc-dims=\"1\" loading=\"lazy\" decoding=\"async\" class=\"size-full wp-image-13174 alignright\" src=\"https:\/\/i0.wp.com\/deltaimage.de\/wp\/wp-content\/uploads\/Eschbach_Portrait.jpg?resize=279%2C80\" alt=\"eschbach_portrait\" width=\"279\" height=\"80\" \/><\/a><\/p>\n<p>Paul Eschbach<br \/>\nDipl.-Ing. (FH), Dipl.-Wirtschafts-Ing. (FH)<br \/>\nGesch\u00e4ftsf\u00fchrender Gesellschafter<\/p>\n<p><a href=\"mailto:pe@deltaadvice.eu\"><strong>pe@deltaadvice.eu<\/strong><\/a><br \/>\nMobil:\u00a0\u00a0\u00a0 +49 173 465 23 21<br \/>\nTelefon: +49 89 41 61 65 55<\/p>\n<p>&nbsp;<\/p>\n<hr \/>\n<p>&nbsp;<\/p>\n<div class=\"su-button-center\"><a href=\"mailto:pe@deltaadvice.eu\" class=\"su-button su-button-style-bubbles\" style=\"color:#ffffff;background-color:#d0b04e;border-color:#a78d3f;border-radius:9px\" target=\"_blank\" rel=\"noopener noreferrer\"><span style=\"color:#ffffff;padding:8px 24px;font-size:18px;line-height:27px;border-color:#dfc884;border-radius:9px;text-shadow:none\"><i class=\"sui sui-envelope-o\" style=\"font-size:18px;color:#FFFFFF\"><\/i> e-Mail<small style=\"padding-bottom:8px;color:#ffffff\">zu DELTA IMAGE senden<\/small><\/span><\/a><\/div>\n<p style=\"text-align: center;\">Schicken Sie uns ganz einfach eine Nachricht \u00fcber Ihr e-Mail System, wir freuen uns dar\u00fcber und beantworten Ihre freundliche Anfrage \/ W\u00fcnsche.<\/p>\n","protected":false},"excerpt":{"rendered":"<p>DELTA IMAGE ist eine Marke der DELTA ADVICE GmbH Benediktenwandstra\u00dfe 10 85221 Dachau &nbsp; Paul Eschbach Dipl.-Ing. (FH), Dipl.-Wirtschafts-Ing. (FH) Gesch\u00e4ftsf\u00fchrender Gesellschafter pe@deltaadvice.eu Mobil:\u00a0\u00a0\u00a0 +49 173 465 23 21 Telefon: [&hellip;]<\/p>\n","protected":false},"author":1,"featured_media":7119,"parent":1467,"menu_order":0,"comment_status":"closed","ping_status":"closed","template":"page-templates\/full-width-page.php","meta":{"wpupg_custom_link":[],"wpupg_custom_link_behaviour":["default"],"wpupg_custom_link_nofollow":[],"wpupg_custom_image":[],"wpupg_custom_image_id":[],"jetpack_post_was_ever_published":false,"footnotes":""},"class_list":["post-1793","page","type-page","status-publish","has-post-thumbnail","hentry"],"jetpack-related-posts":[{"id":1467,"url":"https:\/\/deltaimage.de\/wp\/?page_id=1467","url_meta":{"origin":1793,"position":0},"title":"Impressum","author":"EschbacP","date":"26. Januar 2014","format":false,"excerpt":"Diensteanbieter und inhaltliche Verantwortung DELTA IMAGE ist eine Marke der DELTA ADVICE GmbH Paul Eschbach Benediktenwandstra\u00dfe 10 85221 Dachau Telefon: +49 89 41 61 65 55 E-Mail\u00a0 pe@deltaadvice.eu Registergericht: Amtsgericht M\u00fcnchen Registernummer: HRB 184811 Umsatzsteueridentifikationsnummer: DE 270560371 Vertretungsberechtigte Gesch\u00e4ftsf\u00fchrung Dipl.Ing(FH), Dipl.Wirtschafts-Ing.(FH) Paul Eschbach Links zu anderen Internetseiten Inhalte anderer Anbieter,\u2026","rel":"","context":"\u00c4hnlicher Beitrag","block_context":{"text":"\u00c4hnlicher Beitrag","link":""},"img":{"alt_text":"Aktuelles","src":"https:\/\/i0.wp.com\/deltaimage.de\/wp\/wp-content\/uploads\/ZY5M4644_1200.jpg?fit=1200%2C500&ssl=1&resize=350%2C200","width":350,"height":200,"srcset":"https:\/\/i0.wp.com\/deltaimage.de\/wp\/wp-content\/uploads\/ZY5M4644_1200.jpg?fit=1200%2C500&ssl=1&resize=350%2C200 1x, https:\/\/i0.wp.com\/deltaimage.de\/wp\/wp-content\/uploads\/ZY5M4644_1200.jpg?fit=1200%2C500&ssl=1&resize=525%2C300 1.5x, https:\/\/i0.wp.com\/deltaimage.de\/wp\/wp-content\/uploads\/ZY5M4644_1200.jpg?fit=1200%2C500&ssl=1&resize=700%2C400 2x, https:\/\/i0.wp.com\/deltaimage.de\/wp\/wp-content\/uploads\/ZY5M4644_1200.jpg?fit=1200%2C500&ssl=1&resize=1050%2C600 3x"},"classes":[]},{"id":36632,"url":"https:\/\/deltaimage.de\/wp\/?page_id=36632","url_meta":{"origin":1793,"position":1},"title":"Foto-Kurs: Grundlagenkurs","author":"EschbacP","date":"15. September 2022","format":false,"excerpt":"Sie wollen Spa\u00df an der Fotografie haben. Speziell f\u00fcr Einsteiger, Anf\u00e4nger und Aufsteiger lernen Sie die Grundlagen in der digitalen Fotografie in einem lockeren und auf Ihre Bed\u00fcrfnisse angepassten Seminar. Vorkenntnisse sind nicht erforderlich, nur Interesse an der Fotografie. Das Seminar findet in Dachau in einem Seminarraum statt. Teilnehmer bringen\u2026","rel":"","context":"\u00c4hnlicher Beitrag","block_context":{"text":"\u00c4hnlicher Beitrag","link":""},"img":{"alt_text":"","src":"https:\/\/i0.wp.com\/deltaimage.de\/wp\/wp-content\/uploads\/Banner_Foto_Kurse_1200.jpg?fit=1200%2C490&ssl=1&resize=350%2C200","width":350,"height":200,"srcset":"https:\/\/i0.wp.com\/deltaimage.de\/wp\/wp-content\/uploads\/Banner_Foto_Kurse_1200.jpg?fit=1200%2C490&ssl=1&resize=350%2C200 1x, https:\/\/i0.wp.com\/deltaimage.de\/wp\/wp-content\/uploads\/Banner_Foto_Kurse_1200.jpg?fit=1200%2C490&ssl=1&resize=525%2C300 1.5x, https:\/\/i0.wp.com\/deltaimage.de\/wp\/wp-content\/uploads\/Banner_Foto_Kurse_1200.jpg?fit=1200%2C490&ssl=1&resize=700%2C400 2x, https:\/\/i0.wp.com\/deltaimage.de\/wp\/wp-content\/uploads\/Banner_Foto_Kurse_1200.jpg?fit=1200%2C490&ssl=1&resize=1050%2C600 3x"},"classes":[]},{"id":36625,"url":"https:\/\/deltaimage.de\/wp\/?page_id=36625","url_meta":{"origin":1793,"position":2},"title":"Foto-Kurs: Aufbaukurs","author":"EschbacP","date":"15. September 2022","format":false,"excerpt":"Der Foto-Kurs ist speziell f\u00fcr Fortgeschrittene in der Fotografie, aufbauend auf den Inhalten im Grundkurs bauen wir die fotografischen Themen Schritt f\u00fcr Schritt weiter aus und gewinnen Sicherheit und \u00dcbung in der Fotografie.\u00a0Die Fotografie hat noch so viel mehr an M\u00f6glichkeiten zu bieten und Herausforderungen zu beherrschen, dass die Neugierde\u2026","rel":"","context":"\u00c4hnlicher Beitrag","block_context":{"text":"\u00c4hnlicher Beitrag","link":""},"img":{"alt_text":"","src":"https:\/\/i0.wp.com\/deltaimage.de\/wp\/wp-content\/uploads\/Portrait_Paul_Eschbach_600-265x300.jpg?resize=350%2C200&ssl=1","width":350,"height":200},"classes":[]},{"id":1475,"url":"https:\/\/deltaimage.de\/wp\/?page_id=1475","url_meta":{"origin":1793,"position":3},"title":"Profil: DELTA IMAGE","author":"EschbacP","date":"26. Januar 2014","format":false,"excerpt":"DELTA IMAGE - Professionelle Fotografie bietet in enger Zusammenarbeit mit anderen f\u00fchrenden Unternehmen ein kombiniertes und sich erg\u00e4nzendes Leistungsspektrum in der professionellen Luftbildfotografie an. Natur- und Kulturlandschaft, Industrie und Infrastruktur - oder letztendlich das eigenen Unternehmen oder Haus l\u00e4sst sich mit den modernen Technolgien in der Fotografie und in der\u2026","rel":"","context":"\u00c4hnlicher Beitrag","block_context":{"text":"\u00c4hnlicher Beitrag","link":""},"img":{"alt_text":"","src":"https:\/\/i0.wp.com\/deltaimage.de\/wp\/wp-content\/uploads\/ANDI0013_1200.jpg?fit=1200%2C450&ssl=1&resize=350%2C200","width":350,"height":200,"srcset":"https:\/\/i0.wp.com\/deltaimage.de\/wp\/wp-content\/uploads\/ANDI0013_1200.jpg?fit=1200%2C450&ssl=1&resize=350%2C200 1x, https:\/\/i0.wp.com\/deltaimage.de\/wp\/wp-content\/uploads\/ANDI0013_1200.jpg?fit=1200%2C450&ssl=1&resize=525%2C300 1.5x, https:\/\/i0.wp.com\/deltaimage.de\/wp\/wp-content\/uploads\/ANDI0013_1200.jpg?fit=1200%2C450&ssl=1&resize=700%2C400 2x, https:\/\/i0.wp.com\/deltaimage.de\/wp\/wp-content\/uploads\/ANDI0013_1200.jpg?fit=1200%2C450&ssl=1&resize=1050%2C600 3x"},"classes":[]},{"id":14429,"url":"https:\/\/deltaimage.de\/wp\/?page_id=14429","url_meta":{"origin":1793,"position":4},"title":"Fotokurse f\u00fcr Einsteiger und Fortgeschrittene","author":"EschbacP","date":"24. September 2022","format":false,"excerpt":"Digitale Bilder sind ein selbstverst\u00e4ndlicher Bestandteil unseres t\u00e4glichen Lebens. In Medien, Zeitschriften und Online konsumieren wir st\u00e4ndig tausende Bilder - meist schon ganz unbewu\u00dft. Unser Leben teilen wir wie selbstverst\u00e4ndlich mit Milliarden Menschen auf der Welt. Wer m\u00f6chte da nicht auch seine eigene Welt \u00fcber das kreative Mittel der Fotografie\u2026","rel":"","context":"\u00c4hnlicher Beitrag","block_context":{"text":"\u00c4hnlicher Beitrag","link":""},"img":{"alt_text":"","src":"https:\/\/i0.wp.com\/deltaimage.de\/wp\/wp-content\/uploads\/Banner_Fotokurse_Einsteiger_1200.jpg?fit=1200%2C491&ssl=1&resize=350%2C200","width":350,"height":200,"srcset":"https:\/\/i0.wp.com\/deltaimage.de\/wp\/wp-content\/uploads\/Banner_Fotokurse_Einsteiger_1200.jpg?fit=1200%2C491&ssl=1&resize=350%2C200 1x, https:\/\/i0.wp.com\/deltaimage.de\/wp\/wp-content\/uploads\/Banner_Fotokurse_Einsteiger_1200.jpg?fit=1200%2C491&ssl=1&resize=525%2C300 1.5x, https:\/\/i0.wp.com\/deltaimage.de\/wp\/wp-content\/uploads\/Banner_Fotokurse_Einsteiger_1200.jpg?fit=1200%2C491&ssl=1&resize=700%2C400 2x, https:\/\/i0.wp.com\/deltaimage.de\/wp\/wp-content\/uploads\/Banner_Fotokurse_Einsteiger_1200.jpg?fit=1200%2C491&ssl=1&resize=1050%2C600 3x"},"classes":[]},{"id":44298,"url":"https:\/\/deltaimage.de\/wp\/?page_id=44298","url_meta":{"origin":1793,"position":5},"title":"| Lernen","author":"EschbacP","date":"17. September 2024","format":false,"excerpt":"Der pers\u00f6nliche Zugang zur Fotografie ist einfacher denn je, die M\u00f6glichkeiten gr\u00f6\u00dfer und vielf\u00e4ltiger durch die digitale Technik. Ob EinsteigerIn, oder AufsteigerIn vom Smartphone oder bereits fortgeschrittene FotografIn, das Erlebnis Fotografie begeistert Menschen jeden Alters in zunehmenden Ma\u00dfe. Digitale Bilder sind ein selbstverst\u00e4ndlicher Bestandteil unseres t\u00e4glichen Lebens. In Medien, Zeitschriften\u2026","rel":"","context":"\u00c4hnlicher Beitrag","block_context":{"text":"\u00c4hnlicher Beitrag","link":""},"img":{"alt_text":"","src":"https:\/\/i0.wp.com\/deltaimage.de\/wp\/wp-content\/uploads\/Banner_Lernen.jpg?fit=1200%2C451&ssl=1&resize=350%2C200","width":350,"height":200,"srcset":"https:\/\/i0.wp.com\/deltaimage.de\/wp\/wp-content\/uploads\/Banner_Lernen.jpg?fit=1200%2C451&ssl=1&resize=350%2C200 1x, https:\/\/i0.wp.com\/deltaimage.de\/wp\/wp-content\/uploads\/Banner_Lernen.jpg?fit=1200%2C451&ssl=1&resize=525%2C300 1.5x, https:\/\/i0.wp.com\/deltaimage.de\/wp\/wp-content\/uploads\/Banner_Lernen.jpg?fit=1200%2C451&ssl=1&resize=700%2C400 2x, https:\/\/i0.wp.com\/deltaimage.de\/wp\/wp-content\/uploads\/Banner_Lernen.jpg?fit=1200%2C451&ssl=1&resize=1050%2C600 3x"},"classes":[]}],"jetpack_sharing_enabled":true,"_links":{"self":[{"href":"https:\/\/deltaimage.de\/wp\/index.php?rest_route=\/wp\/v2\/pages\/1793","targetHints":{"allow":["GET"]}}],"collection":[{"href":"https:\/\/deltaimage.de\/wp\/index.php?rest_route=\/wp\/v2\/pages"}],"about":[{"href":"https:\/\/deltaimage.de\/wp\/index.php?rest_route=\/wp\/v2\/types\/page"}],"author":[{"embeddable":true,"href":"https:\/\/deltaimage.de\/wp\/index.php?rest_route=\/wp\/v2\/users\/1"}],"replies":[{"embeddable":true,"href":"https:\/\/deltaimage.de\/wp\/index.php?rest_route=%2Fwp%2Fv2%2Fcomments&post=1793"}],"version-history":[{"count":34,"href":"https:\/\/deltaimage.de\/wp\/index.php?rest_route=\/wp\/v2\/pages\/1793\/revisions"}],"predecessor-version":[{"id":28971,"href":"https:\/\/deltaimage.de\/wp\/index.php?rest_route=\/wp\/v2\/pages\/1793\/revisions\/28971"}],"up":[{"embeddable":true,"href":"https:\/\/deltaimage.de\/wp\/index.php?rest_route=\/wp\/v2\/pages\/1467"}],"wp:featuredmedia":[{"embeddable":true,"href":"https:\/\/deltaimage.de\/wp\/index.php?rest_route=\/wp\/v2\/media\/7119"}],"wp:attachment":[{"href":"https:\/\/deltaimage.de\/wp\/index.php?rest_route=%2Fwp%2Fv2%2Fmedia&parent=1793"}],"curies":[{"name":"wp","href":"https:\/\/api.w.org\/{rel}","templated":true}]}}