{"id":18867,"date":"2018-06-06T23:27:56","date_gmt":"2018-06-06T22:27:56","guid":{"rendered":"http:\/\/deltaimage.de\/wp\/?page_id=18867"},"modified":"2024-09-30T12:50:28","modified_gmt":"2024-09-30T10:50:28","slug":"wetteranalyse-frontensysteme","status":"publish","type":"page","link":"https:\/\/deltaimage.de\/wp\/?page_id=18867","title":{"rendered":"Wetteranalyse Frontensysteme"},"content":{"rendered":"<p><em>Quelle der Wetterdaten und Wetterkarten: <\/em><a href=\"http:\/\/www.wetteronline.de\" target=\"_blank\" rel=\"noopener\"><em>www.wetteronline.de<\/em><\/a><\/p>\n<p>Das Wettergeschehen wird durch das Zusammenwirken der Tiefdruck und Hochdrucksysteme ganz wesentlich bestimmt. Tiefdrucksysteme sind der Ausgangspunkt der bestimmenden Frontensystemen in Form von<\/p>\n<ul>\n<li>Warmfronten und<\/li>\n<li>Kaltfronten<\/li>\n<\/ul>\n<p>Die Wetteranalyse auf Grundlage von Fronten sind eine wesentlich f\u00fcr eine gro\u00dfr\u00e4umige Wetteranalyse. Wir haben die einfachste Form als Zugang zu Wetterkarten in Europa mit dem jeweils herrschenden Fronten bei Wetter Online gefunden.<\/p>\n<h2>Wetterkarten mit Fronten<\/h2>\n<p>Wetterkarte mit Fronten von Wetter Online. Beim Klick auf die Wetterkarte f\u00fchrt zu www.wetteronline.de.<a href=\"https:\/\/www.wetteronline.de\/wetterfronten\/europa\"><img data-recalc-dims=\"1\" loading=\"lazy\" decoding=\"async\" class=\"alignnone size-full wp-image-18870\" src=\"https:\/\/i0.wp.com\/deltaimage.de\/wp\/wp-content\/uploads\/Wetteronline-Fronten.jpg?resize=797%2C900\" alt=\"\" width=\"797\" height=\"900\" \/><\/a><\/p>\n","protected":false},"excerpt":{"rendered":"<p>Quelle der Wetterdaten und Wetterkarten: www.wetteronline.de Das Wettergeschehen wird durch das Zusammenwirken der Tiefdruck und Hochdrucksysteme ganz wesentlich bestimmt. Tiefdrucksysteme sind der Ausgangspunkt der bestimmenden Frontensystemen in Form von Warmfronten [&hellip;]<\/p>\n","protected":false},"author":1,"featured_media":0,"parent":45048,"menu_order":0,"comment_status":"closed","ping_status":"closed","template":"page-templates\/full-width-page.php","meta":{"wpupg_custom_link":[],"wpupg_custom_link_behaviour":["default"],"wpupg_custom_link_nofollow":[],"wpupg_custom_image":[],"wpupg_custom_image_id":[],"jetpack_post_was_ever_published":false,"footnotes":""},"class_list":["post-18867","page","type-page","status-publish","hentry"],"jetpack-related-posts":[{"id":18878,"url":"https:\/\/deltaimage.de\/wp\/?page_id=18878","url_meta":{"origin":18867,"position":0},"title":"Wetteranlyse Radarbilder","author":"EschbacP","date":"8. Juni 2018","format":false,"excerpt":"Quelle der Wetterdaten und Wetterkarten: www.wetteronline.de Das Wettergeschehen wird durch das Zusammenwirken der Tiefdruck und Hochdrucksysteme ganz wesentlich bestimmt. Die verf\u00fcgbaren Satelittensysteme erzeugen engmaschige Wetterradarbilder als Grundlage f\u00fcr eine Wetteranalyse. Wir haben die einfachste Form als Zugang zu Wetterkarten in Europa mit dem jeweils herrschenden Fronten bei Wetter Online gefunden.\u2026","rel":"","context":"\u00c4hnlicher Beitrag","block_context":{"text":"\u00c4hnlicher Beitrag","link":""},"img":{"alt_text":"","src":"https:\/\/i0.wp.com\/deltaimage.de\/wp\/wp-content\/uploads\/2018-06-08.jpg?resize=350%2C200","width":350,"height":200,"srcset":"https:\/\/i0.wp.com\/deltaimage.de\/wp\/wp-content\/uploads\/2018-06-08.jpg?resize=350%2C200 1x, https:\/\/i0.wp.com\/deltaimage.de\/wp\/wp-content\/uploads\/2018-06-08.jpg?resize=525%2C300 1.5x, https:\/\/i0.wp.com\/deltaimage.de\/wp\/wp-content\/uploads\/2018-06-08.jpg?resize=700%2C400 2x"},"classes":[]},{"id":1951,"url":"https:\/\/deltaimage.de\/wp\/?page_id=1951","url_meta":{"origin":18867,"position":1},"title":"Luftbild Fotografie","author":"EschbacP","date":"31. Januar 2014","format":false,"excerpt":"Luftbild Fotografie hat eine lange Tradition in Oberschlei\u00dfheim. Zusammen mit den ersten Fliegern in Schlei\u00dfheim wurden auch Artelleriebeobachter und etwas sp\u00e4ter Luftbildner zur Feldaufkl\u00e4rung aufgebaut. Dazu war in Schlei\u00dfheim eine Luftbildstelle aufgebaut und die \u00fcbenden Besatzungen der Luftfahrtzeuge fotografierten die Mooslandschaft zwischen Schlei\u00dfheim und Dachau tausende Male. \"Wenn du einmal\u2026","rel":"","context":"\u00c4hnlicher Beitrag","block_context":{"text":"\u00c4hnlicher Beitrag","link":""},"img":{"alt_text":"","src":"https:\/\/i0.wp.com\/deltaimage.de\/wp\/wp-content\/uploads\/ZY5M1469_1200.jpg?fit=1200%2C450&ssl=1&resize=350%2C200","width":350,"height":200,"srcset":"https:\/\/i0.wp.com\/deltaimage.de\/wp\/wp-content\/uploads\/ZY5M1469_1200.jpg?fit=1200%2C450&ssl=1&resize=350%2C200 1x, https:\/\/i0.wp.com\/deltaimage.de\/wp\/wp-content\/uploads\/ZY5M1469_1200.jpg?fit=1200%2C450&ssl=1&resize=525%2C300 1.5x, https:\/\/i0.wp.com\/deltaimage.de\/wp\/wp-content\/uploads\/ZY5M1469_1200.jpg?fit=1200%2C450&ssl=1&resize=700%2C400 2x, https:\/\/i0.wp.com\/deltaimage.de\/wp\/wp-content\/uploads\/ZY5M1469_1200.jpg?fit=1200%2C450&ssl=1&resize=1050%2C600 3x"},"classes":[]},{"id":49767,"url":"https:\/\/deltaimage.de\/wp\/?page_id=49767","url_meta":{"origin":18867,"position":2},"title":"Erkl\u00e4rung zur Barrierefreiheit","author":"EschbacP","date":"27. Juli 2025","format":false,"excerpt":"Erkl\u00e4rung zur Barrierefreiheit F\u00fcr DELTA IMAGE (https:\/\/deltaimage.de) bedeutet der Begriff der Barrierefreiheit, dass unser Internet-Angebot f\u00fcr alle Menschen mit unterschiedlichsten Einschr\u00e4nkungen nutzbar ist und damit ein pers\u00f6nliches Erlebnis und eine Erweiterung des Wissens und des Erlebnisses erm\u00f6glicht. Insbesondere bedeutet dies, dass die Inhalte der Webseite f\u00fcr alle Menschen nach den\u2026","rel":"","context":"\u00c4hnlicher Beitrag","block_context":{"text":"\u00c4hnlicher Beitrag","link":""},"img":{"alt_text":"","src":"https:\/\/i0.wp.com\/deltaimage.de\/wp\/wp-content\/uploads\/DELTA-IMAGE-Logo-300x61.jpg?resize=350%2C200&ssl=1","width":350,"height":200},"classes":[]},{"id":45287,"url":"https:\/\/deltaimage.de\/wp\/?page_id=45287","url_meta":{"origin":18867,"position":3},"title":"DELTA IMAGE Eigenverlag","author":"EschbacP","date":"27. September 2024","format":false,"excerpt":"B\u00fccher sind ein Kulturgut und als Speicher von Sprache, Bildern und deren Zusammenh\u00e4nge ein unverzichtbares Repositorium von Wissen, das zum Zeitpunkt des Lesens oft gar nicht gebraucht wird. B\u00fccher trainieren unseren Intellekt und f\u00f6rdern das Erinnerungsverm\u00f6gen durch vielf\u00e4ltige Assoziationen. Ein gelesener Text bleibt ungleich tiefer im Ged\u00e4chtnis, als andere Formen\u2026","rel":"","context":"\u00c4hnlicher Beitrag","block_context":{"text":"\u00c4hnlicher Beitrag","link":""},"img":{"alt_text":"","src":"https:\/\/i0.wp.com\/deltaimage.de\/wp\/wp-content\/uploads\/IMG_9082_1200.jpg?fit=1200%2C450&ssl=1&resize=350%2C200","width":350,"height":200,"srcset":"https:\/\/i0.wp.com\/deltaimage.de\/wp\/wp-content\/uploads\/IMG_9082_1200.jpg?fit=1200%2C450&ssl=1&resize=350%2C200 1x, https:\/\/i0.wp.com\/deltaimage.de\/wp\/wp-content\/uploads\/IMG_9082_1200.jpg?fit=1200%2C450&ssl=1&resize=525%2C300 1.5x, https:\/\/i0.wp.com\/deltaimage.de\/wp\/wp-content\/uploads\/IMG_9082_1200.jpg?fit=1200%2C450&ssl=1&resize=700%2C400 2x, https:\/\/i0.wp.com\/deltaimage.de\/wp\/wp-content\/uploads\/IMG_9082_1200.jpg?fit=1200%2C450&ssl=1&resize=1050%2C600 3x"},"classes":[]},{"id":37244,"url":"https:\/\/deltaimage.de\/wp\/?page_id=37244","url_meta":{"origin":18867,"position":4},"title":"Flugplatz Wanderf\u00fchrer zum Selber-Erkunden","author":"EschbacP","date":"17. Oktober 2022","format":false,"excerpt":"Die beliebten historischen Flugplatz-Wanderungen am \u00e4ltesten Flugplatz in Bayern - dem Flugplatz Schlei\u00dfheim - bieten wir seit dem Jahr 2012, zum 110-j\u00e4hrigen Bestehen des Flugplatzes und 30 Jahren Deutsches Museum in der Flugwerft Schlei\u00dfheim. Innerhalb von jeweils zwei Stunden (von 14:00 Uhr bis 16:00 Uhr) erleben wir Ausschnitte der Luftfahrtgeschichte\u2026","rel":"","context":"\u00c4hnlicher Beitrag","block_context":{"text":"\u00c4hnlicher Beitrag","link":""},"img":{"alt_text":"","src":"https:\/\/i0.wp.com\/deltaimage.de\/wp\/wp-content\/uploads\/Banner_Buch_Wanderfuehrer_1200.jpg?fit=1200%2C490&ssl=1&resize=350%2C200","width":350,"height":200,"srcset":"https:\/\/i0.wp.com\/deltaimage.de\/wp\/wp-content\/uploads\/Banner_Buch_Wanderfuehrer_1200.jpg?fit=1200%2C490&ssl=1&resize=350%2C200 1x, https:\/\/i0.wp.com\/deltaimage.de\/wp\/wp-content\/uploads\/Banner_Buch_Wanderfuehrer_1200.jpg?fit=1200%2C490&ssl=1&resize=525%2C300 1.5x, https:\/\/i0.wp.com\/deltaimage.de\/wp\/wp-content\/uploads\/Banner_Buch_Wanderfuehrer_1200.jpg?fit=1200%2C490&ssl=1&resize=700%2C400 2x, https:\/\/i0.wp.com\/deltaimage.de\/wp\/wp-content\/uploads\/Banner_Buch_Wanderfuehrer_1200.jpg?fit=1200%2C490&ssl=1&resize=1050%2C600 3x"},"classes":[]},{"id":35787,"url":"https:\/\/deltaimage.de\/wp\/?page_id=35787","url_meta":{"origin":18867,"position":5},"title":"Flugplatz Wanderungen Schlei\u00dfheim","author":"EschbacP","date":"15. August 2022","format":false,"excerpt":"Die beliebten Flugplatz Wanderungen am \u00e4ltesten Flugplatz in Bayern - dem Flugplatz Schlei\u00dfheim - bieten wir seit dem Jahr 2012, zum 110-j\u00e4hrigen Bestehen des Flugplatzes und 30 Jahren Deutsches Museum in der Flugwerft Schlei\u00dfheim. Innerhalb von jeweils zwei Stunden (von 14:00 Uhr bis 16:00 Uhr) erleben wir Ausschnitte der Luftfahrtgeschichte\u2026","rel":"","context":"\u00c4hnlicher Beitrag","block_context":{"text":"\u00c4hnlicher Beitrag","link":""},"img":{"alt_text":"","src":"https:\/\/i0.wp.com\/deltaimage.de\/wp\/wp-content\/uploads\/Banner_alle_FP_Wanderung_1200_450.jpg?fit=1200%2C450&ssl=1&resize=350%2C200","width":350,"height":200,"srcset":"https:\/\/i0.wp.com\/deltaimage.de\/wp\/wp-content\/uploads\/Banner_alle_FP_Wanderung_1200_450.jpg?fit=1200%2C450&ssl=1&resize=350%2C200 1x, https:\/\/i0.wp.com\/deltaimage.de\/wp\/wp-content\/uploads\/Banner_alle_FP_Wanderung_1200_450.jpg?fit=1200%2C450&ssl=1&resize=525%2C300 1.5x, https:\/\/i0.wp.com\/deltaimage.de\/wp\/wp-content\/uploads\/Banner_alle_FP_Wanderung_1200_450.jpg?fit=1200%2C450&ssl=1&resize=700%2C400 2x, https:\/\/i0.wp.com\/deltaimage.de\/wp\/wp-content\/uploads\/Banner_alle_FP_Wanderung_1200_450.jpg?fit=1200%2C450&ssl=1&resize=1050%2C600 3x"},"classes":[]}],"jetpack_sharing_enabled":true,"_links":{"self":[{"href":"https:\/\/deltaimage.de\/wp\/index.php?rest_route=\/wp\/v2\/pages\/18867","targetHints":{"allow":["GET"]}}],"collection":[{"href":"https:\/\/deltaimage.de\/wp\/index.php?rest_route=\/wp\/v2\/pages"}],"about":[{"href":"https:\/\/deltaimage.de\/wp\/index.php?rest_route=\/wp\/v2\/types\/page"}],"author":[{"embeddable":true,"href":"https:\/\/deltaimage.de\/wp\/index.php?rest_route=\/wp\/v2\/users\/1"}],"replies":[{"embeddable":true,"href":"https:\/\/deltaimage.de\/wp\/index.php?rest_route=%2Fwp%2Fv2%2Fcomments&post=18867"}],"version-history":[{"count":9,"href":"https:\/\/deltaimage.de\/wp\/index.php?rest_route=\/wp\/v2\/pages\/18867\/revisions"}],"predecessor-version":[{"id":45423,"href":"https:\/\/deltaimage.de\/wp\/index.php?rest_route=\/wp\/v2\/pages\/18867\/revisions\/45423"}],"up":[{"embeddable":true,"href":"https:\/\/deltaimage.de\/wp\/index.php?rest_route=\/wp\/v2\/pages\/45048"}],"wp:attachment":[{"href":"https:\/\/deltaimage.de\/wp\/index.php?rest_route=%2Fwp%2Fv2%2Fmedia&parent=18867"}],"curies":[{"name":"wp","href":"https:\/\/api.w.org\/{rel}","templated":true}]}}