{"id":30028,"date":"2021-08-26T16:32:42","date_gmt":"2021-08-26T15:32:42","guid":{"rendered":"https:\/\/deltaimage.de\/wp\/?page_id=30028"},"modified":"2024-09-30T12:46:25","modified_gmt":"2024-09-30T10:46:25","slug":"neumond-kalender","status":"publish","type":"page","link":"https:\/\/deltaimage.de\/wp\/?page_id=30028","title":{"rendered":"Neumond Kalender"},"content":{"rendered":"[stars-at-night name=&#8220;Dachau&#8220; lat=48.2695801 long=11.3734216 timezone=Europe\/Prague days=10]\n","protected":false},"excerpt":{"rendered":"<p>[stars-at-night name=&#8220;Dachau&#8220; lat=48.2695801 long=11.3734216 timezone=Europe\/Prague days=10]<\/p>\n","protected":false},"author":1,"featured_media":20177,"parent":45048,"menu_order":0,"comment_status":"closed","ping_status":"closed","template":"","meta":{"wpupg_custom_link":[],"wpupg_custom_link_behaviour":["default"],"wpupg_custom_link_nofollow":[],"wpupg_custom_image":[],"wpupg_custom_image_id":[],"jetpack_post_was_ever_published":false,"footnotes":""},"class_list":["post-30028","page","type-page","status-publish","has-post-thumbnail","hentry"],"jetpack-related-posts":[{"id":24315,"url":"https:\/\/deltaimage.de\/wp\/?page_id=24315","url_meta":{"origin":30028,"position":0},"title":"Neuigkeiten: Dachauer Moos","author":"EschbacP","date":"2. M\u00e4rz 2020","format":false,"excerpt":"News Blog Beitr\u00e4ge zu Dachauer Moos \u00a0","rel":"","context":"\u00c4hnlicher Beitrag","block_context":{"text":"\u00c4hnlicher Beitrag","link":""},"img":{"alt_text":"","src":"https:\/\/i0.wp.com\/deltaimage.de\/wp\/wp-content\/uploads\/writing-828911_960_7201_1200.jpg?fit=1200%2C450&ssl=1&resize=350%2C200","width":350,"height":200,"srcset":"https:\/\/i0.wp.com\/deltaimage.de\/wp\/wp-content\/uploads\/writing-828911_960_7201_1200.jpg?fit=1200%2C450&ssl=1&resize=350%2C200 1x, https:\/\/i0.wp.com\/deltaimage.de\/wp\/wp-content\/uploads\/writing-828911_960_7201_1200.jpg?fit=1200%2C450&ssl=1&resize=525%2C300 1.5x, https:\/\/i0.wp.com\/deltaimage.de\/wp\/wp-content\/uploads\/writing-828911_960_7201_1200.jpg?fit=1200%2C450&ssl=1&resize=700%2C400 2x, https:\/\/i0.wp.com\/deltaimage.de\/wp\/wp-content\/uploads\/writing-828911_960_7201_1200.jpg?fit=1200%2C450&ssl=1&resize=1050%2C600 3x"},"classes":[]},{"id":19982,"url":"https:\/\/deltaimage.de\/wp\/?page_id=19982","url_meta":{"origin":30028,"position":1},"title":"Wetter in Dachau","author":"EschbacP","date":"15. August 2018","format":false,"excerpt":"Wetter von den Experten von MeteoBlue aus der Schweiz Mehr zu Meteoblue unter >>EXTERNER LINK>> www.meteoblue.com","rel":"","context":"\u00c4hnlicher Beitrag","block_context":{"text":"\u00c4hnlicher Beitrag","link":""},"img":{"alt_text":"","src":"https:\/\/i0.wp.com\/deltaimage.de\/wp\/wp-content\/uploads\/PE1S0776_1200.jpg?fit=1200%2C450&ssl=1&resize=350%2C200","width":350,"height":200,"srcset":"https:\/\/i0.wp.com\/deltaimage.de\/wp\/wp-content\/uploads\/PE1S0776_1200.jpg?fit=1200%2C450&ssl=1&resize=350%2C200 1x, https:\/\/i0.wp.com\/deltaimage.de\/wp\/wp-content\/uploads\/PE1S0776_1200.jpg?fit=1200%2C450&ssl=1&resize=525%2C300 1.5x, https:\/\/i0.wp.com\/deltaimage.de\/wp\/wp-content\/uploads\/PE1S0776_1200.jpg?fit=1200%2C450&ssl=1&resize=700%2C400 2x, https:\/\/i0.wp.com\/deltaimage.de\/wp\/wp-content\/uploads\/PE1S0776_1200.jpg?fit=1200%2C450&ssl=1&resize=1050%2C600 3x"},"classes":[]},{"id":53272,"url":"https:\/\/deltaimage.de\/wp\/?page_id=53272","url_meta":{"origin":30028,"position":2},"title":"Buchver\u00f6ffentlichungen zur Fotografie","author":"EschbacP","date":"29. November 2025","format":false,"excerpt":"Fotograf: Andreas Pirchmoser Buchver\u00f6ffentlichungen [B-1] Foto und Video mit dem Multicopter von Paul Eschbach; mitp-Verlag, K\u00f6ln 2016; ISBN 978-3-958455-52-8 [B-2] Maisacher Moos, eine Naturlandschaft im Dachauer Moos von Paul Eschbach; EDITION KOMPAKT; DELTA IMAGE-Eigenverlag, Dachau 2024; ISBN 978-3-911461-02-3 [B-3] Maisacher Moos, eine Naturlandschaft im Dachauer Moos von Paul Eschbach; DELTA\u2026","rel":"","context":"\u00c4hnlicher Beitrag","block_context":{"text":"\u00c4hnlicher Beitrag","link":""},"img":{"alt_text":"","src":"https:\/\/i0.wp.com\/deltaimage.de\/wp\/wp-content\/uploads\/ANDI0013_1200.jpg?fit=1200%2C450&ssl=1&resize=350%2C200","width":350,"height":200,"srcset":"https:\/\/i0.wp.com\/deltaimage.de\/wp\/wp-content\/uploads\/ANDI0013_1200.jpg?fit=1200%2C450&ssl=1&resize=350%2C200 1x, https:\/\/i0.wp.com\/deltaimage.de\/wp\/wp-content\/uploads\/ANDI0013_1200.jpg?fit=1200%2C450&ssl=1&resize=525%2C300 1.5x, https:\/\/i0.wp.com\/deltaimage.de\/wp\/wp-content\/uploads\/ANDI0013_1200.jpg?fit=1200%2C450&ssl=1&resize=700%2C400 2x, https:\/\/i0.wp.com\/deltaimage.de\/wp\/wp-content\/uploads\/ANDI0013_1200.jpg?fit=1200%2C450&ssl=1&resize=1050%2C600 3x"},"classes":[]},{"id":45679,"url":"https:\/\/deltaimage.de\/wp\/?page_id=45679","url_meta":{"origin":30028,"position":3},"title":"Home4 &#8211; Professionelle Fotografie","author":"EschbacP","date":"2. Oktober 2024","format":false,"excerpt":"\u00a0 \u00a0 \u00a0 Professionelle Fotografie erleben Fotos sind \u00fcberall - und zu jeder Zeit. Im Internet stehen Bilder zu allen Themen nahezu unbeschr\u00e4nkt zur Verf\u00fcgung. Everything we see is a perspective! Was ist denn nun der Wert eines Fotos? \u00a0 \u00a0 \u00a0 \u00a0 Fotografie Galerie und Bildershop \u00a0 \u00a0 B\u00fccher\u2026","rel":"","context":"\u00c4hnlicher Beitrag","block_context":{"text":"\u00c4hnlicher Beitrag","link":""},"img":{"alt_text":"","src":"https:\/\/deltaimage.de\/wp\/wp-content\/uploads\/APP_Logo_DELTA-IMAGE.bmp","width":350,"height":200},"classes":[]},{"id":38035,"url":"https:\/\/deltaimage.de\/wp\/?page_id=38035","url_meta":{"origin":30028,"position":4},"title":"Home2","author":"EschbacP","date":"2. Oktober 2024","format":false,"excerpt":"\u00a0 Professionelle Fotografie erleben \u00a0 Fotos sind \u00fcberall - und zu jeder Zeit. Im Internet stehen Bilder zu allen Themen nahezu unbeschr\u00e4nkt zur Verf\u00fcgung. Everything we see is a perspective! Was ist der Wert eines Fotos? \u00a0 Aktuelle Beitr\u00e4ge in News Blog \u00a0 Mehr aktuelle Nachrichten im NEWS BLOG. \u00a0\u2026","rel":"","context":"\u00c4hnlicher Beitrag","block_context":{"text":"\u00c4hnlicher Beitrag","link":""},"img":{"alt_text":"","src":"https:\/\/i0.wp.com\/deltaimage.de\/wp\/wp-content\/uploads\/Banner_WESTEND61_400.jpg?resize=350%2C200&ssl=1","width":350,"height":200},"classes":[]},{"id":796,"url":"https:\/\/deltaimage.de\/wp\/?page_id=796","url_meta":{"origin":30028,"position":5},"title":"Foto Video Sessner GmbH, Dachau","author":"EschbacP","date":"10. Mai 2013","format":false,"excerpt":"www.foto-sessner.de ist ein Foto Fachunternehmen mit den Schwerpunkten Fotografie Fotoprodukte Fachgesch\u00e4ft Professionelle Fotoauftr\u00e4ge ist seit Jahrzehnten die Grundlage f\u00fcr den gesch\u00e4ftlichen Erfolg. Zu den Fotom\u00f6glichkeiten im Outdoorbereich erm\u00f6glicht Foto Sessner auch die anspruchsvolle Studiofotografie in das Leistungsportfolio zu integrieren. Auszug aus der Chronik Foto Video Sessner in Dachau 1929 Gr\u00fcndung\u2026","rel":"","context":"\u00c4hnlicher Beitrag","block_context":{"text":"\u00c4hnlicher Beitrag","link":""},"img":{"alt_text":"","src":"https:\/\/i0.wp.com\/deltaimage.de\/wp\/wp-content\/uploads\/Logo_Sessner-300x90.jpg?resize=350%2C200","width":350,"height":200},"classes":[]}],"jetpack_sharing_enabled":true,"_links":{"self":[{"href":"https:\/\/deltaimage.de\/wp\/index.php?rest_route=\/wp\/v2\/pages\/30028","targetHints":{"allow":["GET"]}}],"collection":[{"href":"https:\/\/deltaimage.de\/wp\/index.php?rest_route=\/wp\/v2\/pages"}],"about":[{"href":"https:\/\/deltaimage.de\/wp\/index.php?rest_route=\/wp\/v2\/types\/page"}],"author":[{"embeddable":true,"href":"https:\/\/deltaimage.de\/wp\/index.php?rest_route=\/wp\/v2\/users\/1"}],"replies":[{"embeddable":true,"href":"https:\/\/deltaimage.de\/wp\/index.php?rest_route=%2Fwp%2Fv2%2Fcomments&post=30028"}],"version-history":[{"count":12,"href":"https:\/\/deltaimage.de\/wp\/index.php?rest_route=\/wp\/v2\/pages\/30028\/revisions"}],"predecessor-version":[{"id":39006,"href":"https:\/\/deltaimage.de\/wp\/index.php?rest_route=\/wp\/v2\/pages\/30028\/revisions\/39006"}],"up":[{"embeddable":true,"href":"https:\/\/deltaimage.de\/wp\/index.php?rest_route=\/wp\/v2\/pages\/45048"}],"wp:featuredmedia":[{"embeddable":true,"href":"https:\/\/deltaimage.de\/wp\/index.php?rest_route=\/wp\/v2\/media\/20177"}],"wp:attachment":[{"href":"https:\/\/deltaimage.de\/wp\/index.php?rest_route=%2Fwp%2Fv2%2Fmedia&parent=30028"}],"curies":[{"name":"wp","href":"https:\/\/api.w.org\/{rel}","templated":true}]}}