{"id":3600,"date":"2014-05-17T21:57:12","date_gmt":"2014-05-17T20:57:12","guid":{"rendered":"http:\/\/deltaimage.de\/wp\/?page_id=3600"},"modified":"2024-08-20T17:22:11","modified_gmt":"2024-08-20T15:22:11","slug":"dokumentation-zur-sonderausstellung","status":"publish","type":"page","link":"https:\/\/deltaimage.de\/wp\/?page_id=3600","title":{"rendered":"Dokumentation zur Sonderausstellung"},"content":{"rendered":"<h2>Brosch\u00fcre zur Sonderausstellung<\/h2>\n<p><a href=\"https:\/\/i0.wp.com\/deltaimage.de\/wp\/wp-content\/uploads\/Titelseite_Doku.jpg\"><img data-recalc-dims=\"1\" loading=\"lazy\" decoding=\"async\" data-attachment-id=\"3606\" data-permalink=\"https:\/\/deltaimage.de\/wp\/?attachment_id=3606#main\" data-orig-file=\"https:\/\/i0.wp.com\/deltaimage.de\/wp\/wp-content\/uploads\/Titelseite_Doku.jpg?fit=1206%2C863&amp;ssl=1\" data-orig-size=\"1206,863\" data-comments-opened=\"0\" data-image-meta=\"{&quot;aperture&quot;:&quot;0&quot;,&quot;credit&quot;:&quot;Paul Eschbach&quot;,&quot;camera&quot;:&quot;&quot;,&quot;caption&quot;:&quot;&quot;,&quot;created_timestamp&quot;:&quot;1400368139&quot;,&quot;copyright&quot;:&quot;&quot;,&quot;focal_length&quot;:&quot;0&quot;,&quot;iso&quot;:&quot;0&quot;,&quot;shutter_speed&quot;:&quot;0&quot;,&quot;title&quot;:&quot;&quot;,&quot;orientation&quot;:&quot;0&quot;}\" data-image-title=\"Titelseite_Doku\" data-image-description=\"\" data-image-caption=\"\" data-large-file=\"https:\/\/i0.wp.com\/deltaimage.de\/wp\/wp-content\/uploads\/Titelseite_Doku.jpg?fit=890%2C636&amp;ssl=1\" class=\"wp-image-3606 size-large aligncenter\" src=\"https:\/\/i0.wp.com\/deltaimage.de\/wp\/wp-content\/uploads\/Titelseite_Doku-1024x732.jpg?resize=890%2C636\" alt=\"Titelseite_Doku\" width=\"890\" height=\"636\" srcset=\"https:\/\/i0.wp.com\/deltaimage.de\/wp\/wp-content\/uploads\/Titelseite_Doku.jpg?resize=1024%2C732&amp;ssl=1 1024w, https:\/\/i0.wp.com\/deltaimage.de\/wp\/wp-content\/uploads\/Titelseite_Doku.jpg?resize=300%2C214&amp;ssl=1 300w, https:\/\/i0.wp.com\/deltaimage.de\/wp\/wp-content\/uploads\/Titelseite_Doku.jpg?resize=829%2C593&amp;ssl=1 829w, https:\/\/i0.wp.com\/deltaimage.de\/wp\/wp-content\/uploads\/Titelseite_Doku.jpg?resize=629%2C450&amp;ssl=1 629w, https:\/\/i0.wp.com\/deltaimage.de\/wp\/wp-content\/uploads\/Titelseite_Doku.jpg?w=1206&amp;ssl=1 1206w\" sizes=\"auto, (max-width: 890px) 100vw, 890px\" \/><\/a><\/p>\n<p>Die Sonderausstellung f\u00fcr Sie zum Mitnehmen. Alle Bilder der Ausstellung, alle Texte in aufbereiteter Form<\/p>\n<ul>\n<li>Gebundene Heftform<\/li>\n<li>Format 21 cm x\u00a030 cm (DIA A4 quer)<\/li>\n<li>28 Farbseiten<\/li>\n<li>Zus\u00e4tzliche Grafiken und Hintergrundmaterial, \u00fcber die Ausstellung hinausgehend<\/li>\n<\/ul>\n","protected":false},"excerpt":{"rendered":"<p>Brosch\u00fcre zur Sonderausstellung Die Sonderausstellung f\u00fcr Sie zum Mitnehmen. Alle Bilder der Ausstellung, alle Texte in aufbereiteter Form Gebundene Heftform Format 21 cm x\u00a030 cm (DIA A4 quer) 28 Farbseiten [&hellip;]<\/p>\n","protected":false},"author":1,"featured_media":13284,"parent":1894,"menu_order":0,"comment_status":"closed","ping_status":"closed","template":"page-templates\/full-width-page.php","meta":{"wpupg_custom_link":[],"wpupg_custom_link_behaviour":["default"],"wpupg_custom_link_nofollow":[],"wpupg_custom_image":[],"wpupg_custom_image_id":[],"jetpack_post_was_ever_published":false,"footnotes":""},"class_list":["post-3600","page","type-page","status-publish","has-post-thumbnail","hentry"],"jetpack-related-posts":[{"id":3713,"url":"https:\/\/deltaimage.de\/wp\/?page_id=3713","url_meta":{"origin":3600,"position":0},"title":"2014 &#8211; Sonderausstellung Flugwerft Schlei\u00dfheim &#8222;Die Suche nach dem Gl\u00fcck&#8220;","author":"EschbacP","date":"19. Mai 2014","format":false,"excerpt":"Foto- und Sonderausstellung von Paul Eschbach Fotografien von Paul Eschbach und Andreas Pirchmoser Sonderausstellung in der Flugwerft Schlei\u00dfheim im Deutschen Museum \u00fcber den Fallschirmsport unter Mitwirkung von Hans Osterm\u00fcnchner und Uli Beyer \u00a0 Zur Sonderausstellung ist eine begleitende Dokumentation erschienen, mehr dazu im Online Shop. \u00a0 Die Suche nach dem\u2026","rel":"","context":"\u00c4hnlicher Beitrag","block_context":{"text":"\u00c4hnlicher Beitrag","link":""},"img":{"alt_text":"","src":"https:\/\/i0.wp.com\/deltaimage.de\/wp\/wp-content\/uploads\/Header-Plakat_1200.jpg?fit=1200%2C450&ssl=1&resize=350%2C200","width":350,"height":200,"srcset":"https:\/\/i0.wp.com\/deltaimage.de\/wp\/wp-content\/uploads\/Header-Plakat_1200.jpg?fit=1200%2C450&ssl=1&resize=350%2C200 1x, https:\/\/i0.wp.com\/deltaimage.de\/wp\/wp-content\/uploads\/Header-Plakat_1200.jpg?fit=1200%2C450&ssl=1&resize=525%2C300 1.5x, https:\/\/i0.wp.com\/deltaimage.de\/wp\/wp-content\/uploads\/Header-Plakat_1200.jpg?fit=1200%2C450&ssl=1&resize=700%2C400 2x, https:\/\/i0.wp.com\/deltaimage.de\/wp\/wp-content\/uploads\/Header-Plakat_1200.jpg?fit=1200%2C450&ssl=1&resize=1050%2C600 3x"},"classes":[]},{"id":1894,"url":"https:\/\/deltaimage.de\/wp\/?page_id=1894","url_meta":{"origin":3600,"position":1},"title":"Sonderausstellung &#8222;Die Suche nach dem Gl\u00fcck&#8220;","author":"EschbacP","date":"30. Januar 2014","format":false,"excerpt":"Zwischen Himmel und Erde kann man sein Gl\u00fcck suchen und finden. 2014 lief eine Sonderausstellung in Deutsches Museum Flugwerft Schlei\u00dfheim Wir alle suchen st\u00e4ndig den Weg zu unserem eigenen Gl\u00fcck, das Ausleben unserer stillen Sehnsucht nach etwas besonderem in unserem Leben treibt uns an. Wir alle tun es \u2013 st\u00e4ndig.\u2026","rel":"","context":"\u00c4hnlicher Beitrag","block_context":{"text":"\u00c4hnlicher Beitrag","link":""},"img":{"alt_text":"","src":"https:\/\/i0.wp.com\/deltaimage.de\/wp\/wp-content\/uploads\/ZY5M3779_1200.jpg?fit=1200%2C450&ssl=1&resize=350%2C200","width":350,"height":200,"srcset":"https:\/\/i0.wp.com\/deltaimage.de\/wp\/wp-content\/uploads\/ZY5M3779_1200.jpg?fit=1200%2C450&ssl=1&resize=350%2C200 1x, https:\/\/i0.wp.com\/deltaimage.de\/wp\/wp-content\/uploads\/ZY5M3779_1200.jpg?fit=1200%2C450&ssl=1&resize=525%2C300 1.5x, https:\/\/i0.wp.com\/deltaimage.de\/wp\/wp-content\/uploads\/ZY5M3779_1200.jpg?fit=1200%2C450&ssl=1&resize=700%2C400 2x, https:\/\/i0.wp.com\/deltaimage.de\/wp\/wp-content\/uploads\/ZY5M3779_1200.jpg?fit=1200%2C450&ssl=1&resize=1050%2C600 3x"},"classes":[]},{"id":3428,"url":"https:\/\/deltaimage.de\/wp\/?page_id=3428","url_meta":{"origin":3600,"position":2},"title":"Grade Saal Flugwerft Schlei\u00dfheim (FWS) im Deutschen Museum","author":"EschbacP","date":"13. Mai 2014","format":false,"excerpt":"\u00a0 Gr\u00fc\u00df Gott, ich darf Sie zusammen mit meiner Springerkollegin recht herzlich\u00a0zum Rundgang in der Sonderausstellung begr\u00fc\u00dfen! Der Grade-Saal ist seit vielen Jahren der zentrale Ort f\u00fcr Sonderausstellungen innerhalb der Flugwerft\u00a0 Ein gro\u00dfz\u00fcgiger, ger\u00e4umiger und lichtdurchfluteter Raum mit perfekten Bedingungen f\u00fcr eine Sonderausstellung. 34 Gro\u00dfformatfotos, dazu 20 Informationstafeln, dazu 2\u2026","rel":"","context":"\u00c4hnlicher Beitrag","block_context":{"text":"\u00c4hnlicher Beitrag","link":""},"img":{"alt_text":"","src":"https:\/\/i0.wp.com\/deltaimage.de\/wp\/wp-content\/uploads\/ZY5M3779_1200.jpg?fit=1200%2C450&ssl=1&resize=350%2C200","width":350,"height":200,"srcset":"https:\/\/i0.wp.com\/deltaimage.de\/wp\/wp-content\/uploads\/ZY5M3779_1200.jpg?fit=1200%2C450&ssl=1&resize=350%2C200 1x, https:\/\/i0.wp.com\/deltaimage.de\/wp\/wp-content\/uploads\/ZY5M3779_1200.jpg?fit=1200%2C450&ssl=1&resize=525%2C300 1.5x, https:\/\/i0.wp.com\/deltaimage.de\/wp\/wp-content\/uploads\/ZY5M3779_1200.jpg?fit=1200%2C450&ssl=1&resize=700%2C400 2x, https:\/\/i0.wp.com\/deltaimage.de\/wp\/wp-content\/uploads\/ZY5M3779_1200.jpg?fit=1200%2C450&ssl=1&resize=1050%2C600 3x"},"classes":[]},{"id":3506,"url":"https:\/\/deltaimage.de\/wp\/?page_id=3506","url_meta":{"origin":3600,"position":3},"title":"Mitwirkende","author":"EschbacP","date":"13. Mai 2014","format":false,"excerpt":"Mitwirkung und Unterst\u00fctzung An der Erstellung der Sonderausstellung haben mitgewirkt und unterst\u00fctzt: \u00a0 Quellenangaben: www.bundeswehr.de www.wikipedia.de www.dfv.aero www.daec.de www.deutsches-museum.de www.bundespolizei.de www.bayflughist.de www.foto-sessner.de www.deltaimage.de www.fallschirmdepot.de \u00a0","rel":"","context":"\u00c4hnlicher Beitrag","block_context":{"text":"\u00c4hnlicher Beitrag","link":""},"img":{"alt_text":"","src":"https:\/\/i0.wp.com\/deltaimage.de\/wp\/wp-content\/uploads\/ZY5M3779_1200.jpg?fit=1200%2C450&ssl=1&resize=350%2C200","width":350,"height":200,"srcset":"https:\/\/i0.wp.com\/deltaimage.de\/wp\/wp-content\/uploads\/ZY5M3779_1200.jpg?fit=1200%2C450&ssl=1&resize=350%2C200 1x, https:\/\/i0.wp.com\/deltaimage.de\/wp\/wp-content\/uploads\/ZY5M3779_1200.jpg?fit=1200%2C450&ssl=1&resize=525%2C300 1.5x, https:\/\/i0.wp.com\/deltaimage.de\/wp\/wp-content\/uploads\/ZY5M3779_1200.jpg?fit=1200%2C450&ssl=1&resize=700%2C400 2x, https:\/\/i0.wp.com\/deltaimage.de\/wp\/wp-content\/uploads\/ZY5M3779_1200.jpg?fit=1200%2C450&ssl=1&resize=1050%2C600 3x"},"classes":[]},{"id":53273,"url":"https:\/\/deltaimage.de\/wp\/?page_id=53273","url_meta":{"origin":3600,"position":4},"title":"FOTO-Ausstellungen","author":"EschbacP","date":"29. November 2025","format":false,"excerpt":"Fotograf: Andreas Pirchmoser Foto-Ausstellungen \u00a0 \u00a0 \u00a0 \u00a0 Paul Eschbach (Fotograf) Fotografisches Werk --> FOTO-Ausstellungen --> Buchver\u00f6ffentlichungen --> Foto-Workshops --> Foto-Wettbewerbe --> Foto-Vorlesungen --> Weblinks --> Bildnachweise --> Fu\u00dfnoten und Links -->","rel":"","context":"\u00c4hnlicher Beitrag","block_context":{"text":"\u00c4hnlicher Beitrag","link":""},"img":{"alt_text":"","src":"https:\/\/i0.wp.com\/deltaimage.de\/wp\/wp-content\/uploads\/ANDI0017_1200.jpg?fit=1200%2C450&ssl=1&resize=350%2C200","width":350,"height":200,"srcset":"https:\/\/i0.wp.com\/deltaimage.de\/wp\/wp-content\/uploads\/ANDI0017_1200.jpg?fit=1200%2C450&ssl=1&resize=350%2C200 1x, https:\/\/i0.wp.com\/deltaimage.de\/wp\/wp-content\/uploads\/ANDI0017_1200.jpg?fit=1200%2C450&ssl=1&resize=525%2C300 1.5x, https:\/\/i0.wp.com\/deltaimage.de\/wp\/wp-content\/uploads\/ANDI0017_1200.jpg?fit=1200%2C450&ssl=1&resize=700%2C400 2x, https:\/\/i0.wp.com\/deltaimage.de\/wp\/wp-content\/uploads\/ANDI0017_1200.jpg?fit=1200%2C450&ssl=1&resize=1050%2C600 3x"},"classes":[]},{"id":53280,"url":"https:\/\/deltaimage.de\/wp\/?page_id=53280","url_meta":{"origin":3600,"position":5},"title":"Weblinks &#038; Fu\u00dfnoten","author":"EschbacP","date":"29. November 2025","format":false,"excerpt":"Fotograf: Hubert Bauer-Falkner (\u2020) Weblinks [W-1] https:\/\/www.sueddeutsche.de\/muenchen\/fuerstenfeldbruck\/fotografie-schwarzweiss-erwacht-aus-dem-dornroeschenschlaf-1.5369812 [W-2] https:\/\/www.sueddeutsche.de\/muenchen\/fuerstenfeldbruck\/workshop-naturfototage-eschbach-wasserkraftwerk-stadtwerke-fotos-fotografieren-1.5778914 [W-3] https:\/\/www.merkur.de\/lokales\/dachau\/dachau-ort28553\/neue-ausstellung-im-dachauer-wasserturm-die-schoenheit-des-mooses-festhalten-93638020.html [W-4] https:\/\/www.sueddeutsche.de\/muenchen\/fuerstenfeldbruck\/maisach-moos-ausstellung-natur-klimawandel-fussbergmoos-palsweiser-moos-li.3249479?reduced=true [W-5] https:\/\/dachau.bund-naturschutz.de\/aktuelles\/artikel\/neues-foto-bildband-zum-dachauer-moos [W-6] https:\/\/www.sueddeutsche.de\/muenchen\/fuerstenfeldbruck\/grasslfinger-moos-fussbergmoos-maisacher-moos-bildband-fotos-fotograf-buch-naturschutz-eschbach-[W-1] lux.LEVmqynxPkLKi3K4weWLRN?reduced=true [W-7] https:\/\/dachau.bund-naturschutz.de\/aktuelles\/artikel\/neues-foto-bildband-zum-dachauer-moos [W-8] https:\/\/www.wunderwelten-festival.com\/seminare\/bodensee\/tilt-shift-fotografie [W-9] http:\/\/www.bayerische-flugzeug-historiker-ev.de\/bayflughist\/ausstellungen\/bfh-2008-osh-flyin.html [W-10] https:\/\/www.glanzlichter.com\/template\/index.cfm\/fuseaction\/executeMenuID\/uuidMenu\/4E35231C-F490-7B5B-F60CCBD2453A6E21\/lastuuid\/4E341E5E-0011-7146-CDB14DE2557AF4AB \u00a0 Fu\u00dfnoten und Links Naturpark Bayerischer Wald - Der Naturpark Bayerischer Wald. Abgerufen am 12.\u00a0Oktober 2025. Luftbildfotografie in der Agentur Westend61. In: Westend61 -\u2026","rel":"","context":"\u00c4hnlicher Beitrag","block_context":{"text":"\u00c4hnlicher Beitrag","link":""},"img":{"alt_text":"","src":"https:\/\/i0.wp.com\/deltaimage.de\/wp\/wp-content\/uploads\/AK3I8997_1200.jpg?fit=1200%2C450&ssl=1&resize=350%2C200","width":350,"height":200,"srcset":"https:\/\/i0.wp.com\/deltaimage.de\/wp\/wp-content\/uploads\/AK3I8997_1200.jpg?fit=1200%2C450&ssl=1&resize=350%2C200 1x, https:\/\/i0.wp.com\/deltaimage.de\/wp\/wp-content\/uploads\/AK3I8997_1200.jpg?fit=1200%2C450&ssl=1&resize=525%2C300 1.5x, https:\/\/i0.wp.com\/deltaimage.de\/wp\/wp-content\/uploads\/AK3I8997_1200.jpg?fit=1200%2C450&ssl=1&resize=700%2C400 2x, https:\/\/i0.wp.com\/deltaimage.de\/wp\/wp-content\/uploads\/AK3I8997_1200.jpg?fit=1200%2C450&ssl=1&resize=1050%2C600 3x"},"classes":[]}],"jetpack_sharing_enabled":true,"_links":{"self":[{"href":"https:\/\/deltaimage.de\/wp\/index.php?rest_route=\/wp\/v2\/pages\/3600","targetHints":{"allow":["GET"]}}],"collection":[{"href":"https:\/\/deltaimage.de\/wp\/index.php?rest_route=\/wp\/v2\/pages"}],"about":[{"href":"https:\/\/deltaimage.de\/wp\/index.php?rest_route=\/wp\/v2\/types\/page"}],"author":[{"embeddable":true,"href":"https:\/\/deltaimage.de\/wp\/index.php?rest_route=\/wp\/v2\/users\/1"}],"replies":[{"embeddable":true,"href":"https:\/\/deltaimage.de\/wp\/index.php?rest_route=%2Fwp%2Fv2%2Fcomments&post=3600"}],"version-history":[{"count":13,"href":"https:\/\/deltaimage.de\/wp\/index.php?rest_route=\/wp\/v2\/pages\/3600\/revisions"}],"predecessor-version":[{"id":43612,"href":"https:\/\/deltaimage.de\/wp\/index.php?rest_route=\/wp\/v2\/pages\/3600\/revisions\/43612"}],"up":[{"embeddable":true,"href":"https:\/\/deltaimage.de\/wp\/index.php?rest_route=\/wp\/v2\/pages\/1894"}],"wp:featuredmedia":[{"embeddable":true,"href":"https:\/\/deltaimage.de\/wp\/index.php?rest_route=\/wp\/v2\/media\/13284"}],"wp:attachment":[{"href":"https:\/\/deltaimage.de\/wp\/index.php?rest_route=%2Fwp%2Fv2%2Fmedia&parent=3600"}],"curies":[{"name":"wp","href":"https:\/\/api.w.org\/{rel}","templated":true}]}}