{"id":3659,"date":"2014-05-19T18:02:45","date_gmt":"2014-05-19T17:02:45","guid":{"rendered":"http:\/\/deltaimage.de\/wp\/?page_id=3659"},"modified":"2024-08-20T17:22:43","modified_gmt":"2024-08-20T15:22:43","slug":"fotoausstellung-die-suche-nach-dem-glueck","status":"publish","type":"page","link":"https:\/\/deltaimage.de\/wp\/?page_id=3659","title":{"rendered":"Fotoausstellung &#8222;Die Suche nach dem Gl\u00fcck&#8220;"},"content":{"rendered":"<h2>Die Suche nach dem Gl\u00fcck im Bild festzuhalten &#8211; geht das?<\/h2>\n<ul>\n<li>Kann man Gl\u00fcck im Bild zeigen?<\/li>\n<li>Welche Farbe hat Gl\u00fcck?<\/li>\n<li>Welche Symbolik hat Gl\u00fcck?<\/li>\n<\/ul>\n<p>Oder ist es vielmehr einfacher &#8211; einfach 35 offensichtlich gl\u00fcckliche Fallschirmspringer in Gro\u00dfformatbildern zu zeigen und sich von der K\u00f6rpersprache und dem ausstr\u00f6menden Gl\u00fcck mitrei\u00dfen zu lassen. Probieren Sie es aus!<\/p>\n<p>&nbsp;<\/p>\n<h2>Unser Fotoprojekt<\/h2>\n<p>Diese Unmittelbarkeit und Unverf\u00e4lschtheit l\u00e4sst sich nicht im Fotostudio reproduzieren, dazu muss die Kamera dort hingehen wo das Gl\u00fcck ist \u2013 in den Gesichtern der soeben gl\u00fccklich gelandeten Fallschirmspringerinnen und Fallschirmspringer.<\/p>\n<p>Die Reportage Fotografie mit Studiolichtaufbau auf dem Landeplatz (Drop-Zone) war die einmalige M\u00f6glichkeit, dieses breite Grinsen und den Adrenalinspiegel in der K\u00f6rpersprache in die wunderbare Landschaft des Isarwinkels einzubetten.<\/p>\n<p>Die Fallschirmspringer haben in der angespannten und professionellen Umgebung des Sprungplatzes mit gro\u00dfer Begeisterung Ihren Teil beigetragen, um die Bilder erst zu erm\u00f6glichen.<\/p>\n<p><em>Paul Eschbach &amp; Andreas Pirchmoser<\/em><\/p>\n","protected":false},"excerpt":{"rendered":"<p>Die Suche nach dem Gl\u00fcck im Bild festzuhalten &#8211; geht das? Kann man Gl\u00fcck im Bild zeigen? Welche Farbe hat Gl\u00fcck? Welche Symbolik hat Gl\u00fcck? Oder ist es vielmehr einfacher [&hellip;]<\/p>\n","protected":false},"author":1,"featured_media":13284,"parent":1894,"menu_order":0,"comment_status":"closed","ping_status":"closed","template":"page-templates\/full-width-page.php","meta":{"wpupg_custom_link":[],"wpupg_custom_link_behaviour":["default"],"wpupg_custom_link_nofollow":[],"wpupg_custom_image":[],"wpupg_custom_image_id":[],"jetpack_post_was_ever_published":false,"footnotes":""},"class_list":["post-3659","page","type-page","status-publish","has-post-thumbnail","hentry"],"jetpack-related-posts":[{"id":1894,"url":"https:\/\/deltaimage.de\/wp\/?page_id=1894","url_meta":{"origin":3659,"position":0},"title":"Sonderausstellung &#8222;Die Suche nach dem Gl\u00fcck&#8220;","author":"EschbacP","date":"30. Januar 2014","format":false,"excerpt":"Zwischen Himmel und Erde kann man sein Gl\u00fcck suchen und finden. 2014 lief eine Sonderausstellung in Deutsches Museum Flugwerft Schlei\u00dfheim Wir alle suchen st\u00e4ndig den Weg zu unserem eigenen Gl\u00fcck, das Ausleben unserer stillen Sehnsucht nach etwas besonderem in unserem Leben treibt uns an. Wir alle tun es \u2013 st\u00e4ndig.\u2026","rel":"","context":"\u00c4hnlicher Beitrag","block_context":{"text":"\u00c4hnlicher Beitrag","link":""},"img":{"alt_text":"","src":"https:\/\/i0.wp.com\/deltaimage.de\/wp\/wp-content\/uploads\/ZY5M3779_1200.jpg?fit=1200%2C450&ssl=1&resize=350%2C200","width":350,"height":200,"srcset":"https:\/\/i0.wp.com\/deltaimage.de\/wp\/wp-content\/uploads\/ZY5M3779_1200.jpg?fit=1200%2C450&ssl=1&resize=350%2C200 1x, https:\/\/i0.wp.com\/deltaimage.de\/wp\/wp-content\/uploads\/ZY5M3779_1200.jpg?fit=1200%2C450&ssl=1&resize=525%2C300 1.5x, https:\/\/i0.wp.com\/deltaimage.de\/wp\/wp-content\/uploads\/ZY5M3779_1200.jpg?fit=1200%2C450&ssl=1&resize=700%2C400 2x, https:\/\/i0.wp.com\/deltaimage.de\/wp\/wp-content\/uploads\/ZY5M3779_1200.jpg?fit=1200%2C450&ssl=1&resize=1050%2C600 3x"},"classes":[]},{"id":3442,"url":"https:\/\/deltaimage.de\/wp\/?page_id=3442","url_meta":{"origin":3659,"position":1},"title":"Der Begriff des Gl\u00fccks","author":"EschbacP","date":"13. Mai 2014","format":false,"excerpt":"Suche nach dem Gl\u00fcck und unsere Realit\u00e4t Erfolg \u2013 Geld \u2013 Gl\u00fcck, das wollen wir alle und das nicht zu knapp. Was ist Erfolg: In der Familie, im Beruf, in der Gemeinschaft? Es l\u00e4sst sich f\u00fcr jeden Beschreiben und f\u00fcr sich definieren. Was ist Geld, und wieviel ertr\u00e4umt man sich?\u2026","rel":"","context":"\u00c4hnlicher Beitrag","block_context":{"text":"\u00c4hnlicher Beitrag","link":""},"img":{"alt_text":"","src":"https:\/\/i0.wp.com\/deltaimage.de\/wp\/wp-content\/uploads\/ZY5M3779_1200.jpg?fit=1200%2C450&ssl=1&resize=350%2C200","width":350,"height":200,"srcset":"https:\/\/i0.wp.com\/deltaimage.de\/wp\/wp-content\/uploads\/ZY5M3779_1200.jpg?fit=1200%2C450&ssl=1&resize=350%2C200 1x, https:\/\/i0.wp.com\/deltaimage.de\/wp\/wp-content\/uploads\/ZY5M3779_1200.jpg?fit=1200%2C450&ssl=1&resize=525%2C300 1.5x, https:\/\/i0.wp.com\/deltaimage.de\/wp\/wp-content\/uploads\/ZY5M3779_1200.jpg?fit=1200%2C450&ssl=1&resize=700%2C400 2x, https:\/\/i0.wp.com\/deltaimage.de\/wp\/wp-content\/uploads\/ZY5M3779_1200.jpg?fit=1200%2C450&ssl=1&resize=1050%2C600 3x"},"classes":[]},{"id":3713,"url":"https:\/\/deltaimage.de\/wp\/?page_id=3713","url_meta":{"origin":3659,"position":2},"title":"2014 &#8211; Sonderausstellung Flugwerft Schlei\u00dfheim &#8222;Die Suche nach dem Gl\u00fcck&#8220;","author":"EschbacP","date":"19. Mai 2014","format":false,"excerpt":"Foto- und Sonderausstellung von Paul Eschbach Fotografien von Paul Eschbach und Andreas Pirchmoser Sonderausstellung in der Flugwerft Schlei\u00dfheim im Deutschen Museum \u00fcber den Fallschirmsport unter Mitwirkung von Hans Osterm\u00fcnchner und Uli Beyer \u00a0 Zur Sonderausstellung ist eine begleitende Dokumentation erschienen, mehr dazu im Online Shop. \u00a0 Die Suche nach dem\u2026","rel":"","context":"\u00c4hnlicher Beitrag","block_context":{"text":"\u00c4hnlicher Beitrag","link":""},"img":{"alt_text":"","src":"https:\/\/i0.wp.com\/deltaimage.de\/wp\/wp-content\/uploads\/Header-Plakat_1200.jpg?fit=1200%2C450&ssl=1&resize=350%2C200","width":350,"height":200,"srcset":"https:\/\/i0.wp.com\/deltaimage.de\/wp\/wp-content\/uploads\/Header-Plakat_1200.jpg?fit=1200%2C450&ssl=1&resize=350%2C200 1x, https:\/\/i0.wp.com\/deltaimage.de\/wp\/wp-content\/uploads\/Header-Plakat_1200.jpg?fit=1200%2C450&ssl=1&resize=525%2C300 1.5x, https:\/\/i0.wp.com\/deltaimage.de\/wp\/wp-content\/uploads\/Header-Plakat_1200.jpg?fit=1200%2C450&ssl=1&resize=700%2C400 2x, https:\/\/i0.wp.com\/deltaimage.de\/wp\/wp-content\/uploads\/Header-Plakat_1200.jpg?fit=1200%2C450&ssl=1&resize=1050%2C600 3x"},"classes":[]},{"id":53281,"url":"https:\/\/deltaimage.de\/wp\/?page_id=53281","url_meta":{"origin":3659,"position":3},"title":"Bildnachweise","author":"EschbacP","date":"29. November 2025","format":false,"excerpt":"Bildnachweise Paul Eschbach (Fotograf) --> Fotografisches Werk --> FOTO-Ausstellungen --> Buchver\u00f6ffentlichungen --> Foto-Workshops --> Foto-Wettbewerbe --> Foto-Vorlesungen --> Weblinks --> Bildnachweise --> Fu\u00dfnoten und Links -->","rel":"","context":"\u00c4hnlicher Beitrag","block_context":{"text":"\u00c4hnlicher Beitrag","link":""},"img":{"alt_text":"","src":"https:\/\/i0.wp.com\/deltaimage.de\/wp\/wp-content\/uploads\/IMG_3458_1200-1.jpg?fit=1200%2C450&ssl=1&resize=350%2C200","width":350,"height":200,"srcset":"https:\/\/i0.wp.com\/deltaimage.de\/wp\/wp-content\/uploads\/IMG_3458_1200-1.jpg?fit=1200%2C450&ssl=1&resize=350%2C200 1x, https:\/\/i0.wp.com\/deltaimage.de\/wp\/wp-content\/uploads\/IMG_3458_1200-1.jpg?fit=1200%2C450&ssl=1&resize=525%2C300 1.5x, https:\/\/i0.wp.com\/deltaimage.de\/wp\/wp-content\/uploads\/IMG_3458_1200-1.jpg?fit=1200%2C450&ssl=1&resize=700%2C400 2x, https:\/\/i0.wp.com\/deltaimage.de\/wp\/wp-content\/uploads\/IMG_3458_1200-1.jpg?fit=1200%2C450&ssl=1&resize=1050%2C600 3x"},"classes":[]},{"id":53271,"url":"https:\/\/deltaimage.de\/wp\/?page_id=53271","url_meta":{"origin":3659,"position":4},"title":"Fotografisches Werk","author":"EschbacP","date":"29. November 2025","format":false,"excerpt":"Fotograf: Andreas Pirchmoser Fotografisches Werk 1991 - 1999 entsteht zusammen mit seinem Studienfreund Hubert Bauer-Falkner (\u2020) aus Hauzenberg im Bayerischen Wald das Foto-Team BAYERWALDTEAM. Viele gemeinsame Multivisions-Vortr\u00e4ge zum Bayerischen Wald, B\u00f6hmerwald und Prag entstehen in der Zeit bis zum Jahr 2000 und werden vor gro\u00dfem und interessiertem Publikum in Nieder-\u2026","rel":"","context":"\u00c4hnlicher Beitrag","block_context":{"text":"\u00c4hnlicher Beitrag","link":""},"img":{"alt_text":"","src":"https:\/\/i0.wp.com\/deltaimage.de\/wp\/wp-content\/uploads\/Greiling_311_1200.jpg?fit=1200%2C450&ssl=1&resize=350%2C200","width":350,"height":200,"srcset":"https:\/\/i0.wp.com\/deltaimage.de\/wp\/wp-content\/uploads\/Greiling_311_1200.jpg?fit=1200%2C450&ssl=1&resize=350%2C200 1x, https:\/\/i0.wp.com\/deltaimage.de\/wp\/wp-content\/uploads\/Greiling_311_1200.jpg?fit=1200%2C450&ssl=1&resize=525%2C300 1.5x, https:\/\/i0.wp.com\/deltaimage.de\/wp\/wp-content\/uploads\/Greiling_311_1200.jpg?fit=1200%2C450&ssl=1&resize=700%2C400 2x, https:\/\/i0.wp.com\/deltaimage.de\/wp\/wp-content\/uploads\/Greiling_311_1200.jpg?fit=1200%2C450&ssl=1&resize=1050%2C600 3x"},"classes":[]},{"id":53273,"url":"https:\/\/deltaimage.de\/wp\/?page_id=53273","url_meta":{"origin":3659,"position":5},"title":"FOTO-Ausstellungen","author":"EschbacP","date":"29. November 2025","format":false,"excerpt":"Fotograf: Andreas Pirchmoser Foto-Ausstellungen \u00a0 \u00a0 \u00a0 \u00a0 Paul Eschbach (Fotograf) Fotografisches Werk --> FOTO-Ausstellungen --> Buchver\u00f6ffentlichungen --> Foto-Workshops --> Foto-Wettbewerbe --> Foto-Vorlesungen --> Weblinks --> Bildnachweise --> Fu\u00dfnoten und Links -->","rel":"","context":"\u00c4hnlicher Beitrag","block_context":{"text":"\u00c4hnlicher Beitrag","link":""},"img":{"alt_text":"","src":"https:\/\/i0.wp.com\/deltaimage.de\/wp\/wp-content\/uploads\/ANDI0017_1200.jpg?fit=1200%2C450&ssl=1&resize=350%2C200","width":350,"height":200,"srcset":"https:\/\/i0.wp.com\/deltaimage.de\/wp\/wp-content\/uploads\/ANDI0017_1200.jpg?fit=1200%2C450&ssl=1&resize=350%2C200 1x, https:\/\/i0.wp.com\/deltaimage.de\/wp\/wp-content\/uploads\/ANDI0017_1200.jpg?fit=1200%2C450&ssl=1&resize=525%2C300 1.5x, https:\/\/i0.wp.com\/deltaimage.de\/wp\/wp-content\/uploads\/ANDI0017_1200.jpg?fit=1200%2C450&ssl=1&resize=700%2C400 2x, https:\/\/i0.wp.com\/deltaimage.de\/wp\/wp-content\/uploads\/ANDI0017_1200.jpg?fit=1200%2C450&ssl=1&resize=1050%2C600 3x"},"classes":[]}],"jetpack_sharing_enabled":true,"_links":{"self":[{"href":"https:\/\/deltaimage.de\/wp\/index.php?rest_route=\/wp\/v2\/pages\/3659","targetHints":{"allow":["GET"]}}],"collection":[{"href":"https:\/\/deltaimage.de\/wp\/index.php?rest_route=\/wp\/v2\/pages"}],"about":[{"href":"https:\/\/deltaimage.de\/wp\/index.php?rest_route=\/wp\/v2\/types\/page"}],"author":[{"embeddable":true,"href":"https:\/\/deltaimage.de\/wp\/index.php?rest_route=\/wp\/v2\/users\/1"}],"replies":[{"embeddable":true,"href":"https:\/\/deltaimage.de\/wp\/index.php?rest_route=%2Fwp%2Fv2%2Fcomments&post=3659"}],"version-history":[{"count":10,"href":"https:\/\/deltaimage.de\/wp\/index.php?rest_route=\/wp\/v2\/pages\/3659\/revisions"}],"predecessor-version":[{"id":43613,"href":"https:\/\/deltaimage.de\/wp\/index.php?rest_route=\/wp\/v2\/pages\/3659\/revisions\/43613"}],"up":[{"embeddable":true,"href":"https:\/\/deltaimage.de\/wp\/index.php?rest_route=\/wp\/v2\/pages\/1894"}],"wp:featuredmedia":[{"embeddable":true,"href":"https:\/\/deltaimage.de\/wp\/index.php?rest_route=\/wp\/v2\/media\/13284"}],"wp:attachment":[{"href":"https:\/\/deltaimage.de\/wp\/index.php?rest_route=%2Fwp%2Fv2%2Fmedia&parent=3659"}],"curies":[{"name":"wp","href":"https:\/\/api.w.org\/{rel}","templated":true}]}}