{"id":43981,"date":"2024-09-14T20:26:51","date_gmt":"2024-09-14T18:26:51","guid":{"rendered":"https:\/\/deltaimage.de\/wp\/?page_id=43981"},"modified":"2024-09-15T20:33:03","modified_gmt":"2024-09-15T18:33:03","slug":"partner-im-projekt-dachauer-moos","status":"publish","type":"page","link":"https:\/\/deltaimage.de\/wp\/?page_id=43981","title":{"rendered":"Partner im Projekt: Dachauer Moos"},"content":{"rendered":"<p>&nbsp;<\/p>\n<table>\n<tbody>\n<tr>\n<td width=\"201\">BUND Naturschutz in Bayern e.V.<\/p>\n<p>Kreisgruppe Dachau<\/td>\n<td width=\"201\">BUND Naturschutz in Bayern e.V.<\/p>\n<p>Kreisgruppe F\u00fcrstenfeldbruck<\/td>\n<td width=\"201\">Verein Dachauer Moos e.V., Eschenried<\/td>\n<\/tr>\n<tr>\n<td width=\"201\">Foto Sessner GmbH, Dachau<\/td>\n<td width=\"201\"><\/td>\n<td width=\"201\"><\/td>\n<\/tr>\n<tr>\n<td width=\"201\"><\/td>\n<td width=\"201\"><\/td>\n<td width=\"201\"><\/td>\n<\/tr>\n<tr>\n<td width=\"201\"><\/td>\n<td width=\"201\"><\/td>\n<td width=\"201\"><\/td>\n<\/tr>\n<tr>\n<td width=\"201\"><\/td>\n<td width=\"201\"><\/td>\n<td width=\"201\"><\/td>\n<\/tr>\n<tr>\n<td width=\"201\"><\/td>\n<td width=\"201\"><\/td>\n<td width=\"201\"><\/td>\n<\/tr>\n<\/tbody>\n<\/table>\n<p>&nbsp;<\/p>\n<p>&nbsp;<\/p>\n<p>&nbsp;<\/p>\n<p>&nbsp;<\/p>\n<h3>Hier navigieren Sie einfach:<\/h3>\n<ul>\n<li><strong><a href=\"https:\/\/deltaimage.de\/wp\/?page_id=43677\">Zur\u00fcck zur \u00dcbersicht<\/a><\/strong><\/li>\n<li>weiter zur n\u00e4chsten Seite &#8222;<strong>Stimmen zum Projekt<\/strong><b><\/b>&#8222;<\/li>\n<li>weiter zur vorherigen Seite <strong>&#8222;<a href=\"https:\/\/deltaimage.de\/wp\/?page_id=43694\">Termine<\/a>&#8222;.<\/strong><\/li>\n<\/ul>\n","protected":false},"excerpt":{"rendered":"<p>&nbsp; BUND Naturschutz in Bayern e.V. Kreisgruppe Dachau BUND Naturschutz in Bayern e.V. Kreisgruppe F\u00fcrstenfeldbruck Verein Dachauer Moos e.V., Eschenried Foto Sessner GmbH, Dachau &nbsp; &nbsp; &nbsp; &nbsp; Hier navigieren [&hellip;]<\/p>\n","protected":false},"author":1,"featured_media":43856,"parent":43677,"menu_order":0,"comment_status":"closed","ping_status":"closed","template":"page-templates\/full-width-page.php","meta":{"wpupg_custom_link":[],"wpupg_custom_link_behaviour":["default"],"wpupg_custom_link_nofollow":[],"wpupg_custom_image":[],"wpupg_custom_image_id":[],"footnotes":""},"class_list":["post-43981","page","type-page","status-publish","has-post-thumbnail","hentry"],"jetpack-related-posts":[{"id":43688,"url":"https:\/\/deltaimage.de\/wp\/?page_id=43688","url_meta":{"origin":43981,"position":0},"title":"Die B\u00fccher zum Dachauer Moos","author":"EschbacP","date":"1. September 2024","format":false,"excerpt":"Paul Eschbach fotografiert das Dachauer Moos seit \u00fcber drei\u00dfig Jahren Diese und viele andere Ver\u00e4nderungen interessiert den Landschafts- und Naturfotograf Paul Eschbach aus Dachau. Er ist fotografisch im Dachauer Moos seit etwa drei\u00dfig Jahren unterwegs und auf der Suche nach der Sch\u00f6nheit der Reste des Dachauer Mooses. \u201eDas Dachauer Moos\u2026","rel":"","context":"\u00c4hnlicher Beitrag","block_context":{"text":"\u00c4hnlicher Beitrag","link":""},"img":{"alt_text":"","src":"https:\/\/i0.wp.com\/deltaimage.de\/wp\/wp-content\/uploads\/IMG_9082_1200.jpg?fit=1200%2C450&ssl=1&resize=350%2C200","width":350,"height":200,"srcset":"https:\/\/i0.wp.com\/deltaimage.de\/wp\/wp-content\/uploads\/IMG_9082_1200.jpg?fit=1200%2C450&ssl=1&resize=350%2C200 1x, https:\/\/i0.wp.com\/deltaimage.de\/wp\/wp-content\/uploads\/IMG_9082_1200.jpg?fit=1200%2C450&ssl=1&resize=525%2C300 1.5x, https:\/\/i0.wp.com\/deltaimage.de\/wp\/wp-content\/uploads\/IMG_9082_1200.jpg?fit=1200%2C450&ssl=1&resize=700%2C400 2x, https:\/\/i0.wp.com\/deltaimage.de\/wp\/wp-content\/uploads\/IMG_9082_1200.jpg?fit=1200%2C450&ssl=1&resize=1050%2C600 3x"},"classes":[]},{"id":7660,"url":"https:\/\/deltaimage.de\/wp\/?page_id=7660","url_meta":{"origin":43981,"position":1},"title":"\u00dcber mich &#8211; Bio Page Paul Eschbach","author":"EschbacP","date":"11. April 2015","format":false,"excerpt":"Fast 40 Jahre ernsthafte und leidenschaftliche Besch\u00e4ftigung mit der Fotografie in vielen Themenbereichen und fotografischen Techniken bildet einen Spannungsbogen um immer das gleiche Motiv: \"Die n\u00e4here Heimat selber und auch f\u00fcr andere visuell erlebbar machen\" Heimat und Landschaft passieren nicht zu Hause und nicht im Umkreis eines Parkplatzes \u2013 da\u2026","rel":"","context":"\u00c4hnlicher Beitrag","block_context":{"text":"\u00c4hnlicher Beitrag","link":""},"img":{"alt_text":"","src":"https:\/\/i0.wp.com\/deltaimage.de\/wp\/wp-content\/uploads\/IMG_2660_1200.jpg?fit=1200%2C450&ssl=1&resize=350%2C200","width":350,"height":200,"srcset":"https:\/\/i0.wp.com\/deltaimage.de\/wp\/wp-content\/uploads\/IMG_2660_1200.jpg?fit=1200%2C450&ssl=1&resize=350%2C200 1x, https:\/\/i0.wp.com\/deltaimage.de\/wp\/wp-content\/uploads\/IMG_2660_1200.jpg?fit=1200%2C450&ssl=1&resize=525%2C300 1.5x, https:\/\/i0.wp.com\/deltaimage.de\/wp\/wp-content\/uploads\/IMG_2660_1200.jpg?fit=1200%2C450&ssl=1&resize=700%2C400 2x, https:\/\/i0.wp.com\/deltaimage.de\/wp\/wp-content\/uploads\/IMG_2660_1200.jpg?fit=1200%2C450&ssl=1&resize=1050%2C600 3x"},"classes":[]},{"id":43690,"url":"https:\/\/deltaimage.de\/wp\/?page_id=43690","url_meta":{"origin":43981,"position":2},"title":"Ausstellungen &#038; Aktionen zum Moos","author":"EschbacP","date":"1. September 2024","format":false,"excerpt":"Die Kommunikation mit der \u00d6ffentlichkeit in der Fotografie erfolgt in drei verschiedenen Interaktionen mit dem interessierten Publikum: B\u00fccher Die Bilder und Texte zum mitnehmen stellt die intensivste und langfristigste Besch\u00e4ftigung mit den Themen der Fotografie (hier dem Dachauer Moos) dar. Dazu haben wir ein Buchprogramm aufgelegt. Bilderausstellungen Die Interaktion mit\u2026","rel":"","context":"\u00c4hnlicher Beitrag","block_context":{"text":"\u00c4hnlicher Beitrag","link":""},"img":{"alt_text":"","src":"https:\/\/i0.wp.com\/deltaimage.de\/wp\/wp-content\/uploads\/IMG_7906_1200.jpg?fit=1200%2C616&ssl=1&resize=350%2C200","width":350,"height":200,"srcset":"https:\/\/i0.wp.com\/deltaimage.de\/wp\/wp-content\/uploads\/IMG_7906_1200.jpg?fit=1200%2C616&ssl=1&resize=350%2C200 1x, https:\/\/i0.wp.com\/deltaimage.de\/wp\/wp-content\/uploads\/IMG_7906_1200.jpg?fit=1200%2C616&ssl=1&resize=525%2C300 1.5x, https:\/\/i0.wp.com\/deltaimage.de\/wp\/wp-content\/uploads\/IMG_7906_1200.jpg?fit=1200%2C616&ssl=1&resize=700%2C400 2x, https:\/\/i0.wp.com\/deltaimage.de\/wp\/wp-content\/uploads\/IMG_7906_1200.jpg?fit=1200%2C616&ssl=1&resize=1050%2C600 3x"},"classes":[]},{"id":53273,"url":"https:\/\/deltaimage.de\/wp\/?page_id=53273","url_meta":{"origin":43981,"position":3},"title":"FOTO-Ausstellungen","author":"EschbacP","date":"29. November 2025","format":false,"excerpt":"Fotograf: Andreas Pirchmoser Foto-Ausstellungen \u00a0 \u00a0 \u00a0 \u00a0 Paul Eschbach (Fotograf) Fotografisches Werk --> FOTO-Ausstellungen --> Buchver\u00f6ffentlichungen --> Foto-Workshops --> Foto-Wettbewerbe --> Foto-Vorlesungen --> Weblinks --> Bildnachweise --> Fu\u00dfnoten und Links -->","rel":"","context":"\u00c4hnlicher Beitrag","block_context":{"text":"\u00c4hnlicher Beitrag","link":""},"img":{"alt_text":"","src":"https:\/\/i0.wp.com\/deltaimage.de\/wp\/wp-content\/uploads\/ANDI0017_1200.jpg?fit=1200%2C450&ssl=1&resize=350%2C200","width":350,"height":200,"srcset":"https:\/\/i0.wp.com\/deltaimage.de\/wp\/wp-content\/uploads\/ANDI0017_1200.jpg?fit=1200%2C450&ssl=1&resize=350%2C200 1x, https:\/\/i0.wp.com\/deltaimage.de\/wp\/wp-content\/uploads\/ANDI0017_1200.jpg?fit=1200%2C450&ssl=1&resize=525%2C300 1.5x, https:\/\/i0.wp.com\/deltaimage.de\/wp\/wp-content\/uploads\/ANDI0017_1200.jpg?fit=1200%2C450&ssl=1&resize=700%2C400 2x, https:\/\/i0.wp.com\/deltaimage.de\/wp\/wp-content\/uploads\/ANDI0017_1200.jpg?fit=1200%2C450&ssl=1&resize=1050%2C600 3x"},"classes":[]},{"id":83,"url":"https:\/\/deltaimage.de\/wp\/","url_meta":{"origin":43981,"position":4},"title":"Home &#8211; Professionelle Fotografie","author":"EschbacP","date":"8. Mai 2013","format":false,"excerpt":"\u00a0 \u00a0 \u00a0 Professionelle Fotografie erleben Fotos sind \u00fcberall - und zu jeder Zeit. Im Internet stehen Bilder zu allen Themen nahezu unbeschr\u00e4nkt zur Verf\u00fcgung. Everything we see is a perspective! Was ist denn nun der Wert eines Fotos? \u00a0 \u00a0 \u00a0 \u00a0 \u00a0 Fotografie Galerie und Bildershop \u00a0 Behalten\u2026","rel":"","context":"Mit 6 Kommentaren","block_context":{"text":"Mit 6 Kommentaren","link":"https:\/\/deltaimage.de\/wp\/#comments"},"img":{"alt_text":"","src":"https:\/\/deltaimage.de\/wp\/wp-content\/uploads\/APP_Logo_DELTA-IMAGE.bmp","width":350,"height":200},"classes":[]},{"id":53280,"url":"https:\/\/deltaimage.de\/wp\/?page_id=53280","url_meta":{"origin":43981,"position":5},"title":"Weblinks &#038; Fu\u00dfnoten","author":"EschbacP","date":"29. November 2025","format":false,"excerpt":"Fotograf: Hubert Bauer-Falkner (\u2020) Weblinks [W-1] https:\/\/www.sueddeutsche.de\/muenchen\/fuerstenfeldbruck\/fotografie-schwarzweiss-erwacht-aus-dem-dornroeschenschlaf-1.5369812 [W-2] https:\/\/www.sueddeutsche.de\/muenchen\/fuerstenfeldbruck\/workshop-naturfototage-eschbach-wasserkraftwerk-stadtwerke-fotos-fotografieren-1.5778914 [W-3] https:\/\/www.merkur.de\/lokales\/dachau\/dachau-ort28553\/neue-ausstellung-im-dachauer-wasserturm-die-schoenheit-des-mooses-festhalten-93638020.html [W-4] https:\/\/www.sueddeutsche.de\/muenchen\/fuerstenfeldbruck\/maisach-moos-ausstellung-natur-klimawandel-fussbergmoos-palsweiser-moos-li.3249479?reduced=true [W-5] https:\/\/dachau.bund-naturschutz.de\/aktuelles\/artikel\/neues-foto-bildband-zum-dachauer-moos [W-6] https:\/\/www.sueddeutsche.de\/muenchen\/fuerstenfeldbruck\/grasslfinger-moos-fussbergmoos-maisacher-moos-bildband-fotos-fotograf-buch-naturschutz-eschbach-[W-1] lux.LEVmqynxPkLKi3K4weWLRN?reduced=true [W-7] https:\/\/dachau.bund-naturschutz.de\/aktuelles\/artikel\/neues-foto-bildband-zum-dachauer-moos [W-8] https:\/\/www.wunderwelten-festival.com\/seminare\/bodensee\/tilt-shift-fotografie [W-9] http:\/\/www.bayerische-flugzeug-historiker-ev.de\/bayflughist\/ausstellungen\/bfh-2008-osh-flyin.html [W-10] https:\/\/www.glanzlichter.com\/template\/index.cfm\/fuseaction\/executeMenuID\/uuidMenu\/4E35231C-F490-7B5B-F60CCBD2453A6E21\/lastuuid\/4E341E5E-0011-7146-CDB14DE2557AF4AB \u00a0 Fu\u00dfnoten und Links Naturpark Bayerischer Wald - Der Naturpark Bayerischer Wald. Abgerufen am 12.\u00a0Oktober 2025. Luftbildfotografie in der Agentur Westend61. In: Westend61 -\u2026","rel":"","context":"\u00c4hnlicher Beitrag","block_context":{"text":"\u00c4hnlicher Beitrag","link":""},"img":{"alt_text":"","src":"https:\/\/i0.wp.com\/deltaimage.de\/wp\/wp-content\/uploads\/AK3I8997_1200.jpg?fit=1200%2C450&ssl=1&resize=350%2C200","width":350,"height":200,"srcset":"https:\/\/i0.wp.com\/deltaimage.de\/wp\/wp-content\/uploads\/AK3I8997_1200.jpg?fit=1200%2C450&ssl=1&resize=350%2C200 1x, https:\/\/i0.wp.com\/deltaimage.de\/wp\/wp-content\/uploads\/AK3I8997_1200.jpg?fit=1200%2C450&ssl=1&resize=525%2C300 1.5x, https:\/\/i0.wp.com\/deltaimage.de\/wp\/wp-content\/uploads\/AK3I8997_1200.jpg?fit=1200%2C450&ssl=1&resize=700%2C400 2x, https:\/\/i0.wp.com\/deltaimage.de\/wp\/wp-content\/uploads\/AK3I8997_1200.jpg?fit=1200%2C450&ssl=1&resize=1050%2C600 3x"},"classes":[]}],"jetpack_sharing_enabled":true,"_links":{"self":[{"href":"https:\/\/deltaimage.de\/wp\/index.php?rest_route=\/wp\/v2\/pages\/43981","targetHints":{"allow":["GET"]}}],"collection":[{"href":"https:\/\/deltaimage.de\/wp\/index.php?rest_route=\/wp\/v2\/pages"}],"about":[{"href":"https:\/\/deltaimage.de\/wp\/index.php?rest_route=\/wp\/v2\/types\/page"}],"author":[{"embeddable":true,"href":"https:\/\/deltaimage.de\/wp\/index.php?rest_route=\/wp\/v2\/users\/1"}],"replies":[{"embeddable":true,"href":"https:\/\/deltaimage.de\/wp\/index.php?rest_route=%2Fwp%2Fv2%2Fcomments&post=43981"}],"version-history":[{"count":6,"href":"https:\/\/deltaimage.de\/wp\/index.php?rest_route=\/wp\/v2\/pages\/43981\/revisions"}],"predecessor-version":[{"id":44056,"href":"https:\/\/deltaimage.de\/wp\/index.php?rest_route=\/wp\/v2\/pages\/43981\/revisions\/44056"}],"up":[{"embeddable":true,"href":"https:\/\/deltaimage.de\/wp\/index.php?rest_route=\/wp\/v2\/pages\/43677"}],"wp:featuredmedia":[{"embeddable":true,"href":"https:\/\/deltaimage.de\/wp\/index.php?rest_route=\/wp\/v2\/media\/43856"}],"wp:attachment":[{"href":"https:\/\/deltaimage.de\/wp\/index.php?rest_route=%2Fwp%2Fv2%2Fmedia&parent=43981"}],"curies":[{"name":"wp","href":"https:\/\/api.w.org\/{rel}","templated":true}]}}