{"id":44298,"date":"2024-09-17T22:12:11","date_gmt":"2024-09-17T20:12:11","guid":{"rendered":"https:\/\/deltaimage.de\/wp\/?page_id=44298"},"modified":"2024-10-02T14:11:31","modified_gmt":"2024-10-02T12:11:31","slug":"lernen","status":"publish","type":"page","link":"https:\/\/deltaimage.de\/wp\/?page_id=44298","title":{"rendered":"| Lernen"},"content":{"rendered":"<p>Der pers\u00f6nliche Zugang zur Fotografie ist einfacher denn je, die M\u00f6glichkeiten gr\u00f6\u00dfer und vielf\u00e4ltiger durch die digitale Technik. Ob <strong>EinsteigerIn<\/strong>, oder <strong>AufsteigerIn<\/strong> vom Smartphone oder bereits <strong>fortgeschrittene FotografIn<\/strong>, das <strong>Erlebnis Fotografie<\/strong> begeistert Menschen jeden Alters in zunehmenden Ma\u00dfe.<\/p>\n<p>Digitale Bilder sind ein selbstverst\u00e4ndlicher <strong>Bestandteil unseres t\u00e4glichen Lebens<\/strong>. In Medien, Zeitschriften und Online konsumieren wir st\u00e4ndig tausende Bilder \u2013 meist schon ganz unbewusst. Unser Leben teilen wir immer mehr selbstverst\u00e4ndlich mit Millionen Menschen auf der Welt.<\/p>\n<blockquote>\n<pre>Wer m\u00f6chte da nicht auch seine eigene Welt, \r\n\u00fcber das kreative Mittel der Fotografie, \r\nmit anderen Menschen teilen, \r\ngute Bilder sind der Schl\u00fcssel dazu.<\/pre>\n<\/blockquote>\n<p>In den <strong>Foto-Kursen<\/strong> nehmen wir <strong>Anf\u00e4ngerInnen<\/strong> und <strong>Fortgeschrittene<\/strong> bei der Hand und zeigen den Weg zu sch\u00f6neren Fotos und einer besseren Nutzung der eigenen Fotoausr\u00fcstung auf. Die <strong>Foto-Kurse<\/strong> sind ganz bewusst auch f\u00fcr <strong>Anf\u00e4ngerInnen<\/strong> gemacht \u2013 die ExpertInnen finden im Internet gen\u00fcgend Material um sich selbst weiter zu bilden.<\/p>\n<p>&nbsp;<\/p>\n<hr \/>\n<p>&nbsp;<\/p>\n<h2>Fotografie Kurse in individuellen Lern-Formaten<\/h2>\n<p>Fotografie-Kurse sind sehr gefragt, die Komplexit\u00e4t eines Kamerasystems ist alleine nicht die L\u00f6sung f\u00fcr bessere Fotos. Viele FotografInnen kommen aus der Smartphone-Fotografie oder von kompakten Digitalkameras, die Kamera \u00fcbernimmt nahezu alles wichtige und es bleibt nur noch den Knopf zu dr\u00fccken. Trotzdem w\u00fcnschen sich viele FotografInnen mehr von der Fotografie. Die Bilder sollen irgendwie besser werden, sch\u00f6ner, toller \u2013 einfach so wie in den Magazinen und im Internet zu sehen.<\/p>\n<p><strong>DELTA IMAGE<\/strong>\u00a0hat ein breites Programm an\u00a0<strong>Foto-Kursen<\/strong>,\u00a0<strong>eLearning \u2013 Angebot, Begelitb\u00fccher zum eLearning<\/strong>\u00a0und\u00a0<strong>1:1-Coaching<\/strong>\u00a0f\u00fcr Sie zusammengestellt:<\/p>\n<div class=\"su-row\"><div class=\"su-column su-column-size-1-3\"><div class=\"su-column-inner su-u-clearfix su-u-trim\">\n<p><img data-recalc-dims=\"1\" loading=\"lazy\" decoding=\"async\" data-attachment-id=\"38342\" data-permalink=\"https:\/\/deltaimage.de\/wp\/?attachment_id=38342#main\" data-orig-file=\"https:\/\/i0.wp.com\/deltaimage.de\/wp\/wp-content\/uploads\/camera-1500826_1920_1200.jpg?fit=1200%2C450&amp;ssl=1\" data-orig-size=\"1200,450\" data-comments-opened=\"0\" data-image-meta=\"{&quot;aperture&quot;:&quot;0&quot;,&quot;credit&quot;:&quot;&quot;,&quot;camera&quot;:&quot;&quot;,&quot;caption&quot;:&quot;&quot;,&quot;created_timestamp&quot;:&quot;0&quot;,&quot;copyright&quot;:&quot;&quot;,&quot;focal_length&quot;:&quot;0&quot;,&quot;iso&quot;:&quot;0&quot;,&quot;shutter_speed&quot;:&quot;0&quot;,&quot;title&quot;:&quot;&quot;,&quot;orientation&quot;:&quot;0&quot;}\" data-image-title=\"camera-1500826_1920_1200\" data-image-description=\"\" data-image-caption=\"\" data-large-file=\"https:\/\/i0.wp.com\/deltaimage.de\/wp\/wp-content\/uploads\/camera-1500826_1920_1200.jpg?fit=890%2C334&amp;ssl=1\" class=\"aligncenter size-full wp-image-38342\" src=\"https:\/\/i0.wp.com\/deltaimage.de\/wp\/wp-content\/uploads\/camera-1500826_1920_1200.jpg?resize=890%2C334&#038;ssl=1\" alt=\"\" width=\"890\" height=\"334\" srcset=\"https:\/\/i0.wp.com\/deltaimage.de\/wp\/wp-content\/uploads\/camera-1500826_1920_1200.jpg?w=1200&amp;ssl=1 1200w, https:\/\/i0.wp.com\/deltaimage.de\/wp\/wp-content\/uploads\/camera-1500826_1920_1200.jpg?resize=900%2C338&amp;ssl=1 900w, https:\/\/i0.wp.com\/deltaimage.de\/wp\/wp-content\/uploads\/camera-1500826_1920_1200.jpg?resize=300%2C113&amp;ssl=1 300w, https:\/\/i0.wp.com\/deltaimage.de\/wp\/wp-content\/uploads\/camera-1500826_1920_1200.jpg?resize=890%2C334&amp;ssl=1 890w, https:\/\/i0.wp.com\/deltaimage.de\/wp\/wp-content\/uploads\/camera-1500826_1920_1200.jpg?resize=1067%2C400&amp;ssl=1 1067w\" sizes=\"auto, (max-width: 890px) 100vw, 890px\" \/><\/p>\n<h2><strong><a href=\"https:\/\/deltaimage.de\/wp\/?page_id=38284\">Pr\u00e4senz-Kurse, Lernen in der Gruppe<\/a><\/strong><\/h2>\n<p>Unsere beliebten Fotografie Kurse gibt es auch als besonderes Angebote als <strong>Fotografie Pr\u00e4senz Kurse<\/strong> in <strong>kleinen Workshop Gruppen<\/strong> f\u00fcr ein intensives Lernerlebnis, weiterhin in Dachau. Die TeilnehmerInnen berichten immer wieder \u00fcbereinstimmend, der unmittelbare Austausch untereinander ist ganz besonders wertvoll. So lernt es sich leichter und schneller.<\/p>\n<\/div><\/div> <div class=\"su-column su-column-size-1-3\"><div class=\"su-column-inner su-u-clearfix su-u-trim\">\n<p><img data-recalc-dims=\"1\" loading=\"lazy\" decoding=\"async\" data-attachment-id=\"38022\" data-permalink=\"https:\/\/deltaimage.de\/wp\/?attachment_id=38022#main\" data-orig-file=\"https:\/\/i0.wp.com\/deltaimage.de\/wp\/wp-content\/uploads\/laptop-5673901_1920_1200.jpg?fit=1200%2C450&amp;ssl=1\" data-orig-size=\"1200,450\" data-comments-opened=\"0\" data-image-meta=\"{&quot;aperture&quot;:&quot;0&quot;,&quot;credit&quot;:&quot;&quot;,&quot;camera&quot;:&quot;&quot;,&quot;caption&quot;:&quot;&quot;,&quot;created_timestamp&quot;:&quot;0&quot;,&quot;copyright&quot;:&quot;&quot;,&quot;focal_length&quot;:&quot;0&quot;,&quot;iso&quot;:&quot;0&quot;,&quot;shutter_speed&quot;:&quot;0&quot;,&quot;title&quot;:&quot;&quot;,&quot;orientation&quot;:&quot;0&quot;}\" data-image-title=\"laptop-5673901_1920_1200\" data-image-description=\"\" data-image-caption=\"\" data-large-file=\"https:\/\/i0.wp.com\/deltaimage.de\/wp\/wp-content\/uploads\/laptop-5673901_1920_1200.jpg?fit=890%2C334&amp;ssl=1\" class=\"aligncenter size-full wp-image-38022\" src=\"https:\/\/i0.wp.com\/deltaimage.de\/wp\/wp-content\/uploads\/laptop-5673901_1920_1200.jpg?resize=890%2C334&#038;ssl=1\" alt=\"\" width=\"890\" height=\"334\" srcset=\"https:\/\/i0.wp.com\/deltaimage.de\/wp\/wp-content\/uploads\/laptop-5673901_1920_1200.jpg?w=1200&amp;ssl=1 1200w, https:\/\/i0.wp.com\/deltaimage.de\/wp\/wp-content\/uploads\/laptop-5673901_1920_1200.jpg?resize=900%2C338&amp;ssl=1 900w, https:\/\/i0.wp.com\/deltaimage.de\/wp\/wp-content\/uploads\/laptop-5673901_1920_1200.jpg?resize=300%2C113&amp;ssl=1 300w, https:\/\/i0.wp.com\/deltaimage.de\/wp\/wp-content\/uploads\/laptop-5673901_1920_1200.jpg?resize=890%2C334&amp;ssl=1 890w, https:\/\/i0.wp.com\/deltaimage.de\/wp\/wp-content\/uploads\/laptop-5673901_1920_1200.jpg?resize=1067%2C400&amp;ssl=1 1067w\" sizes=\"auto, (max-width: 890px) 100vw, 890px\" \/><\/p>\n<h2><a href=\"https:\/\/lernen.deltaimage.de\"><strong>eLearning, Online lernen<\/strong><\/a><\/h2>\n<p>Ich arbeite seit 10 Jahren als Dozent an verschiedenen Hochschulen und Universit\u00e4ten und gebe seit dieser Zeit auch Pr\u00e4senzkurse in der Fotografie und der\u00a0<a href=\"https:\/\/lernen.deltaimage.de\/fachthemen\/elearning-unbemannte-luftfahrt\/\"><strong>Unbemannten Luftfahrt<\/strong><\/a>. Diese Erfahrungen haben wir in die\u00a0<strong>eLearning<\/strong>\u00a0Kurse f\u00fcr verschiedene Fachthemen umgesetzt.<\/p>\n<h2>F\u00fcr jede Lernende der passende eLearning Kurs<\/h2>\n<p>Das <strong>eLearning Kurssystem<\/strong> unterscheidet drei verschiedene <strong>Kurs-Levels<\/strong>, so k\u00f6nnen sich alle Interessierte selbst in dem passenden Kurs-Level anmelden und die Erwartungen auch umsetzen.<\/p>\n<\/div><\/div> <div class=\"su-column su-column-size-1-3\"><div class=\"su-column-inner su-u-clearfix su-u-trim\">\n<p><img data-recalc-dims=\"1\" loading=\"lazy\" decoding=\"async\" data-attachment-id=\"38343\" data-permalink=\"https:\/\/deltaimage.de\/wp\/?attachment_id=38343#main\" data-orig-file=\"https:\/\/i0.wp.com\/deltaimage.de\/wp\/wp-content\/uploads\/camera-114260_1920_1200.jpg?fit=1200%2C450&amp;ssl=1\" data-orig-size=\"1200,450\" data-comments-opened=\"0\" data-image-meta=\"{&quot;aperture&quot;:&quot;0&quot;,&quot;credit&quot;:&quot;&quot;,&quot;camera&quot;:&quot;&quot;,&quot;caption&quot;:&quot;&quot;,&quot;created_timestamp&quot;:&quot;0&quot;,&quot;copyright&quot;:&quot;&quot;,&quot;focal_length&quot;:&quot;0&quot;,&quot;iso&quot;:&quot;0&quot;,&quot;shutter_speed&quot;:&quot;0&quot;,&quot;title&quot;:&quot;&quot;,&quot;orientation&quot;:&quot;0&quot;}\" data-image-title=\"camera-114260_1920_1200\" data-image-description=\"\" data-image-caption=\"\" data-large-file=\"https:\/\/i0.wp.com\/deltaimage.de\/wp\/wp-content\/uploads\/camera-114260_1920_1200.jpg?fit=890%2C334&amp;ssl=1\" class=\"aligncenter size-full wp-image-38343\" src=\"https:\/\/i0.wp.com\/deltaimage.de\/wp\/wp-content\/uploads\/camera-114260_1920_1200.jpg?resize=890%2C334&#038;ssl=1\" alt=\"\" width=\"890\" height=\"334\" srcset=\"https:\/\/i0.wp.com\/deltaimage.de\/wp\/wp-content\/uploads\/camera-114260_1920_1200.jpg?w=1200&amp;ssl=1 1200w, https:\/\/i0.wp.com\/deltaimage.de\/wp\/wp-content\/uploads\/camera-114260_1920_1200.jpg?resize=900%2C338&amp;ssl=1 900w, https:\/\/i0.wp.com\/deltaimage.de\/wp\/wp-content\/uploads\/camera-114260_1920_1200.jpg?resize=300%2C113&amp;ssl=1 300w, https:\/\/i0.wp.com\/deltaimage.de\/wp\/wp-content\/uploads\/camera-114260_1920_1200.jpg?resize=890%2C334&amp;ssl=1 890w, https:\/\/i0.wp.com\/deltaimage.de\/wp\/wp-content\/uploads\/camera-114260_1920_1200.jpg?resize=1067%2C400&amp;ssl=1 1067w\" sizes=\"auto, (max-width: 890px) 100vw, 890px\" \/><\/p>\n<h2><strong><a href=\"https:\/\/deltaimage.de\/wp\/?page_id=38286\">1:1 Coaching, Lernen im Dialog<\/a><\/strong><\/h2>\n<p>Unser besonderes Angebot f\u00fcr FotografInnen, wir unterst\u00fctzen in einem\u00a0<strong>1:1 Coaching<\/strong>\u00a0in den fotografischen Grundlagen, Bildgestaltung, Bildbearbeitung und Bildverwendung.<\/p>\n<blockquote>\n<pre>Nur Sie und ich, \r\nnach Ihren Bed\u00fcrfnissen.<\/pre>\n<\/blockquote>\n<p><strong>1:1 Coaching<\/strong>\u00a0bieten wir als Video-Meeting oder vor Ort an.\u00a0Die Details des\u00a0<strong>1:1 Coaching<\/strong>\u00a0Angebots und die Bestellung bei DELTA IMAGE erfolgt<\/p>\n<ul>\n<li>auf dem Online Store\u00a0<strong><a href=\"http:\/\/shop.deltaimage.de\/\">shop.deltaimage.de<\/a><\/strong>,<\/li>\n<li>per eMail an\u00a0<strong><a href=\"mailto:pe@deltaadvice.eu\">pe@deltaadvice.eu<\/a><\/strong><\/li>\n<\/ul>\n<p>Sie bleiben auf den Webseiten von\u00a0<strong>DELTA IMAGE<\/strong>.<\/p>\n<\/div><\/div><\/div>\n<div class=\"su-row\"><div class=\"su-column su-column-size-1-3\"><div class=\"su-column-inner su-u-clearfix su-u-trim\">\n<p><img data-recalc-dims=\"1\" loading=\"lazy\" decoding=\"async\" data-attachment-id=\"14299\" data-permalink=\"https:\/\/deltaimage.de\/wp\/?attachment_id=14299\" data-orig-file=\"https:\/\/i0.wp.com\/deltaimage.de\/wp\/wp-content\/uploads\/Kopterworkshop_003_1200.jpg?fit=1200%2C450&amp;ssl=1\" data-orig-size=\"1200,450\" data-comments-opened=\"0\" data-image-meta=\"{&quot;aperture&quot;:&quot;6.3&quot;,&quot;credit&quot;:&quot;Andi Pirchmoser&quot;,&quot;camera&quot;:&quot;Canon EOS 5D Mark III&quot;,&quot;caption&quot;:&quot;&quot;,&quot;created_timestamp&quot;:&quot;1494512766&quot;,&quot;copyright&quot;:&quot;Foto Sessner&quot;,&quot;focal_length&quot;:&quot;24&quot;,&quot;iso&quot;:&quot;100&quot;,&quot;shutter_speed&quot;:&quot;0.005&quot;,&quot;title&quot;:&quot;&quot;,&quot;orientation&quot;:&quot;0&quot;}\" data-image-title=\"Kopterworkshop_003_1200\" data-image-description=\"\" data-image-caption=\"\" data-large-file=\"https:\/\/i0.wp.com\/deltaimage.de\/wp\/wp-content\/uploads\/Kopterworkshop_003_1200.jpg?fit=890%2C334&amp;ssl=1\" class=\"aligncenter size-full wp-image-14299\" src=\"https:\/\/i0.wp.com\/deltaimage.de\/wp\/wp-content\/uploads\/Kopterworkshop_003_1200.jpg?resize=890%2C334&#038;ssl=1\" alt=\"\" width=\"890\" height=\"334\" srcset=\"https:\/\/i0.wp.com\/deltaimage.de\/wp\/wp-content\/uploads\/Kopterworkshop_003_1200.jpg?w=1200&amp;ssl=1 1200w, https:\/\/i0.wp.com\/deltaimage.de\/wp\/wp-content\/uploads\/Kopterworkshop_003_1200.jpg?resize=200%2C75&amp;ssl=1 200w, https:\/\/i0.wp.com\/deltaimage.de\/wp\/wp-content\/uploads\/Kopterworkshop_003_1200.jpg?resize=300%2C113&amp;ssl=1 300w, https:\/\/i0.wp.com\/deltaimage.de\/wp\/wp-content\/uploads\/Kopterworkshop_003_1200.jpg?resize=768%2C288&amp;ssl=1 768w, https:\/\/i0.wp.com\/deltaimage.de\/wp\/wp-content\/uploads\/Kopterworkshop_003_1200.jpg?resize=1024%2C384&amp;ssl=1 1024w, https:\/\/i0.wp.com\/deltaimage.de\/wp\/wp-content\/uploads\/Kopterworkshop_003_1200.jpg?resize=890%2C334&amp;ssl=1 890w, https:\/\/i0.wp.com\/deltaimage.de\/wp\/wp-content\/uploads\/Kopterworkshop_003_1200.jpg?resize=1067%2C400&amp;ssl=1 1067w\" sizes=\"auto, (max-width: 890px) 100vw, 890px\" \/><\/p>\n<h2><a href=\"https:\/\/deltaimage.de\/wp\/?page_id=27672\"><strong>Drohnen \/ UAS theoretisch und praktisch lernen<\/strong><\/a><\/h2>\n<p>Was gibt es nicht alles an neuer Technik in der Fotografie und Videografie. neue Kameras, neue Objektive, Stative, Tonzubeh\u00f6r, Filter und was auch immer. Viel versprochen vom Hersteller, dass ganz neue Bilder und Fotos damit entstehen. Ja, teilweise.<\/p>\n<p>In unseren Einstiegsworkshops f\u00fcr Fotografen zeigen wir es wie es geht. Alles beginnt mit den rechtlichen Rahmenbedingungen der unbemannten Luftfahrt in Deutschland. Die Workshop Teilnehmer d\u00fcrfen dann auch selbst einen Multicopter fliegen und wieder heil landen. Das erlernen wir Schritt f\u00fcr Schritt, so dass sich jeder in dem Zweitagesworkshop an das eigene Fliegen heran trauen kann und ein unbeschreibliches Gl\u00fccksgef\u00fchl empfindet. Nur mit den eigenen Steuereingaben solch ein Flugger\u00e4t sicher und stabil in der Luft zu bewegen und dabei Fotos und Videos aufzunehmen.<\/p>\n<\/div><\/div> <div class=\"su-column su-column-size-1-3\"><div class=\"su-column-inner su-u-clearfix su-u-trim\"><\/div><\/div> <div class=\"su-column su-column-size-1-3\"><div class=\"su-column-inner su-u-clearfix su-u-trim\"><\/div><\/div><\/div>\n<p>&nbsp;<\/p>\n<hr \/>\n<p><img data-recalc-dims=\"1\" loading=\"lazy\" decoding=\"async\" data-attachment-id=\"20548\" data-permalink=\"https:\/\/deltaimage.de\/wp\/?attachment_id=20548#main\" data-orig-file=\"https:\/\/i0.wp.com\/deltaimage.de\/wp\/wp-content\/uploads\/D85_4598_web_900.jpg?fit=890%2C562&amp;ssl=1\" data-orig-size=\"890,562\" data-comments-opened=\"0\" data-image-meta=\"{&quot;aperture&quot;:&quot;5.6&quot;,&quot;credit&quot;:&quot;Dieter Froehling&quot;,&quot;camera&quot;:&quot;NIKON D850&quot;,&quot;caption&quot;:&quot;&quot;,&quot;created_timestamp&quot;:&quot;1541336615&quot;,&quot;copyright&quot;:&quot;Dieter Froehling&quot;,&quot;focal_length&quot;:&quot;24&quot;,&quot;iso&quot;:&quot;400&quot;,&quot;shutter_speed&quot;:&quot;0.008&quot;,&quot;title&quot;:&quot;&quot;,&quot;orientation&quot;:&quot;0&quot;}\" data-image-title=\"D85_4598_web_900\" data-image-description=\"\" data-image-caption=\"\" data-large-file=\"https:\/\/i0.wp.com\/deltaimage.de\/wp\/wp-content\/uploads\/D85_4598_web_900.jpg?fit=890%2C562&amp;ssl=1\" class=\"aligncenter wp-image-20548 size-full\" src=\"https:\/\/i0.wp.com\/deltaimage.de\/wp\/wp-content\/uploads\/D85_4598_web_900.jpg?resize=890%2C562&#038;ssl=1\" alt=\"\" width=\"890\" height=\"562\" srcset=\"https:\/\/i0.wp.com\/deltaimage.de\/wp\/wp-content\/uploads\/D85_4598_web_900.jpg?w=890&amp;ssl=1 890w, https:\/\/i0.wp.com\/deltaimage.de\/wp\/wp-content\/uploads\/D85_4598_web_900.jpg?resize=200%2C126&amp;ssl=1 200w, https:\/\/i0.wp.com\/deltaimage.de\/wp\/wp-content\/uploads\/D85_4598_web_900.jpg?resize=300%2C189&amp;ssl=1 300w, https:\/\/i0.wp.com\/deltaimage.de\/wp\/wp-content\/uploads\/D85_4598_web_900.jpg?resize=713%2C450&amp;ssl=1 713w, https:\/\/i0.wp.com\/deltaimage.de\/wp\/wp-content\/uploads\/D85_4598_web_900.jpg?resize=633%2C400&amp;ssl=1 633w\" sizes=\"auto, (max-width: 890px) 100vw, 890px\" \/><\/p>\n<p>&nbsp;<\/p>\n<h2>Beliebte Foto Workshops mit anderen Veranstaltern<\/h2>\n<p>Eine sehr gro\u00dfe Beliebtheit erfreuen sich die Foto-Workshops mit anderen namhaften Veranstaltern zu verschiedenen Themen der Fotografie, f\u00fcr unterschiedliche Wissensstufen. Die Workshops werden von den Veranstaltern organisiert, dort l\u00e4uft auch die Buchung beim Veranstalter direkt ab, wir sind in diesen Workshops nur der\u00a0<strong>Moderator und der Workshop Leiter<\/strong>.<\/p>\n<blockquote>\n<pre>Ich freue mich auf Ihr kommen!<\/pre>\n<\/blockquote>\n","protected":false},"excerpt":{"rendered":"<p>Der pers\u00f6nliche Zugang zur Fotografie ist einfacher denn je, die M\u00f6glichkeiten gr\u00f6\u00dfer und vielf\u00e4ltiger durch die digitale Technik. Ob EinsteigerIn, oder AufsteigerIn vom Smartphone oder bereits fortgeschrittene FotografIn, das Erlebnis [&hellip;]<\/p>\n","protected":false},"author":1,"featured_media":45566,"parent":0,"menu_order":0,"comment_status":"closed","ping_status":"closed","template":"page-templates\/full-width-page.php","meta":{"wpupg_custom_link":[],"wpupg_custom_link_behaviour":["default"],"wpupg_custom_link_nofollow":[],"wpupg_custom_image":[],"wpupg_custom_image_id":[],"jetpack_post_was_ever_published":false,"footnotes":""},"class_list":["post-44298","page","type-page","status-publish","has-post-thumbnail","hentry"],"jetpack-related-posts":[{"id":14429,"url":"https:\/\/deltaimage.de\/wp\/?page_id=14429","url_meta":{"origin":44298,"position":0},"title":"Fotokurse f\u00fcr Einsteiger und Fortgeschrittene","author":"EschbacP","date":"24. September 2022","format":false,"excerpt":"Digitale Bilder sind ein selbstverst\u00e4ndlicher Bestandteil unseres t\u00e4glichen Lebens. In Medien, Zeitschriften und Online konsumieren wir st\u00e4ndig tausende Bilder - meist schon ganz unbewu\u00dft. Unser Leben teilen wir wie selbstverst\u00e4ndlich mit Milliarden Menschen auf der Welt. Wer m\u00f6chte da nicht auch seine eigene Welt \u00fcber das kreative Mittel der Fotografie\u2026","rel":"","context":"\u00c4hnlicher Beitrag","block_context":{"text":"\u00c4hnlicher Beitrag","link":""},"img":{"alt_text":"","src":"https:\/\/i0.wp.com\/deltaimage.de\/wp\/wp-content\/uploads\/Banner_Fotokurse_Einsteiger_1200.jpg?fit=1200%2C491&ssl=1&resize=350%2C200","width":350,"height":200,"srcset":"https:\/\/i0.wp.com\/deltaimage.de\/wp\/wp-content\/uploads\/Banner_Fotokurse_Einsteiger_1200.jpg?fit=1200%2C491&ssl=1&resize=350%2C200 1x, https:\/\/i0.wp.com\/deltaimage.de\/wp\/wp-content\/uploads\/Banner_Fotokurse_Einsteiger_1200.jpg?fit=1200%2C491&ssl=1&resize=525%2C300 1.5x, https:\/\/i0.wp.com\/deltaimage.de\/wp\/wp-content\/uploads\/Banner_Fotokurse_Einsteiger_1200.jpg?fit=1200%2C491&ssl=1&resize=700%2C400 2x, https:\/\/i0.wp.com\/deltaimage.de\/wp\/wp-content\/uploads\/Banner_Fotokurse_Einsteiger_1200.jpg?fit=1200%2C491&ssl=1&resize=1050%2C600 3x"},"classes":[]},{"id":40118,"url":"https:\/\/deltaimage.de\/wp\/?page_id=40118","url_meta":{"origin":44298,"position":1},"title":"DELTA IMAGE Qualit\u00e4ts-Aussage","author":"EschbacP","date":"28. Mai 2023","format":false,"excerpt":"Die Welt der Fotografie ver\u00e4ndert sich, teils unmerklich, andererseits mit einem dicken Bang! Im Mai 2023 stellt der weltweite Branchenf\u00fchrer f\u00fcr Bildbearbeitung eine neue Beta-Version zum Testen f\u00fcr alle Abonnementen bereit. Die neue und bahnbrechende Funktion lautet: Generative F\u00fcllung und nutzt dabei die konzerneigene Bilddatenbank, zusammen mit k\u00fcnstlicher Intelligenz (KI\/AI),\u2026","rel":"","context":"\u00c4hnlicher Beitrag","block_context":{"text":"\u00c4hnlicher Beitrag","link":""},"img":{"alt_text":"","src":"https:\/\/i0.wp.com\/deltaimage.de\/wp\/wp-content\/uploads\/Stempel_DELTA-IMAGE_Quality.png?fit=961%2C960&ssl=1&resize=350%2C200","width":350,"height":200,"srcset":"https:\/\/i0.wp.com\/deltaimage.de\/wp\/wp-content\/uploads\/Stempel_DELTA-IMAGE_Quality.png?fit=961%2C960&ssl=1&resize=350%2C200 1x, https:\/\/i0.wp.com\/deltaimage.de\/wp\/wp-content\/uploads\/Stempel_DELTA-IMAGE_Quality.png?fit=961%2C960&ssl=1&resize=525%2C300 1.5x, https:\/\/i0.wp.com\/deltaimage.de\/wp\/wp-content\/uploads\/Stempel_DELTA-IMAGE_Quality.png?fit=961%2C960&ssl=1&resize=700%2C400 2x"},"classes":[]},{"id":31009,"url":"https:\/\/deltaimage.de\/wp\/?page_id=31009","url_meta":{"origin":44298,"position":2},"title":"Natur und Mooslandschaft fotografieren: Fotokurs f\u00fcr Fortgeschrittene","author":"EschbacP","date":"19. Dezember 2021","format":false,"excerpt":"Der Verein Dachauer Moos e.V. und DELTA IMAGE bieten im Jahr 2022 zwei Fotografie-Workshops im Umwelthaus am Obergrashof an - f\u00fcr Einsteiger und Fortgeschrittene Die Naturlandschaften rund um Dachau bieten so viel spannende Abwechslung, dass immer mehr Menschen die nahe Umgebung erkunden m\u00f6chten. Was liegt dabei n\u00e4her, als die Sch\u00f6nheiten\u2026","rel":"","context":"\u00c4hnlicher Beitrag","block_context":{"text":"\u00c4hnlicher Beitrag","link":""},"img":{"alt_text":"","src":"https:\/\/i0.wp.com\/deltaimage.de\/wp\/wp-content\/uploads\/Banner_Moos_Fortgeschrittene_2023_1200.jpg?fit=1200%2C491&ssl=1&resize=350%2C200","width":350,"height":200,"srcset":"https:\/\/i0.wp.com\/deltaimage.de\/wp\/wp-content\/uploads\/Banner_Moos_Fortgeschrittene_2023_1200.jpg?fit=1200%2C491&ssl=1&resize=350%2C200 1x, https:\/\/i0.wp.com\/deltaimage.de\/wp\/wp-content\/uploads\/Banner_Moos_Fortgeschrittene_2023_1200.jpg?fit=1200%2C491&ssl=1&resize=525%2C300 1.5x, https:\/\/i0.wp.com\/deltaimage.de\/wp\/wp-content\/uploads\/Banner_Moos_Fortgeschrittene_2023_1200.jpg?fit=1200%2C491&ssl=1&resize=700%2C400 2x, https:\/\/i0.wp.com\/deltaimage.de\/wp\/wp-content\/uploads\/Banner_Moos_Fortgeschrittene_2023_1200.jpg?fit=1200%2C491&ssl=1&resize=1050%2C600 3x"},"classes":[]},{"id":38286,"url":"https:\/\/deltaimage.de\/wp\/?page_id=38286","url_meta":{"origin":44298,"position":3},"title":"Foto-Coaching 1:1","author":"EschbacP","date":"26. Dezember 2022","format":false,"excerpt":"FotografInnen sind vor allem Menschen mit ihrer Individualit\u00e4t und ihren eigenen Bed\u00fcrfnissen. Jeder Mensch lernt anders und vor allem individuell. Mit unseren Lern-Angeboten setzen wir einen Rahmen in dem sich die meisten Menschen orientieren k\u00f6nnen. Die einzelnen Bausteine sind Routenabschnitte ihrer ganz individuellen reise zur Fotografie. Jeder Mensch hat dabei\u2026","rel":"","context":"\u00c4hnlicher Beitrag","block_context":{"text":"\u00c4hnlicher Beitrag","link":""},"img":{"alt_text":"","src":"https:\/\/i0.wp.com\/deltaimage.de\/wp\/wp-content\/uploads\/camera-114260_1920_1200.jpg?fit=1200%2C450&ssl=1&resize=350%2C200","width":350,"height":200,"srcset":"https:\/\/i0.wp.com\/deltaimage.de\/wp\/wp-content\/uploads\/camera-114260_1920_1200.jpg?fit=1200%2C450&ssl=1&resize=350%2C200 1x, https:\/\/i0.wp.com\/deltaimage.de\/wp\/wp-content\/uploads\/camera-114260_1920_1200.jpg?fit=1200%2C450&ssl=1&resize=525%2C300 1.5x, https:\/\/i0.wp.com\/deltaimage.de\/wp\/wp-content\/uploads\/camera-114260_1920_1200.jpg?fit=1200%2C450&ssl=1&resize=700%2C400 2x, https:\/\/i0.wp.com\/deltaimage.de\/wp\/wp-content\/uploads\/camera-114260_1920_1200.jpg?fit=1200%2C450&ssl=1&resize=1050%2C600 3x"},"classes":[]},{"id":44742,"url":"https:\/\/deltaimage.de\/wp\/?page_id=44742","url_meta":{"origin":44298,"position":4},"title":"| Projekt","author":"EschbacP","date":"18. September 2024","format":false,"excerpt":"Die Fotografie ist in all ihren verschiedenen Erscheinungsformen eines der wichtigsten Medien zur Kommunikation mit- und zwischen Menschen \u00fcber aktuelle Themen des Lebens. Ohne Bilder oder Fotos gibt es kein Fernsehen, keine Zeitung, keinen Flyer, keine Werbung und keine kulturelle Interaktion zwischen Menschen. Bei DELTA IMAGE stellen wir die Fotografie\u2026","rel":"","context":"\u00c4hnlicher Beitrag","block_context":{"text":"\u00c4hnlicher Beitrag","link":""},"img":{"alt_text":"","src":"https:\/\/i0.wp.com\/deltaimage.de\/wp\/wp-content\/uploads\/Banner_Projekt.jpg?fit=1200%2C450&ssl=1&resize=350%2C200","width":350,"height":200,"srcset":"https:\/\/i0.wp.com\/deltaimage.de\/wp\/wp-content\/uploads\/Banner_Projekt.jpg?fit=1200%2C450&ssl=1&resize=350%2C200 1x, https:\/\/i0.wp.com\/deltaimage.de\/wp\/wp-content\/uploads\/Banner_Projekt.jpg?fit=1200%2C450&ssl=1&resize=525%2C300 1.5x, https:\/\/i0.wp.com\/deltaimage.de\/wp\/wp-content\/uploads\/Banner_Projekt.jpg?fit=1200%2C450&ssl=1&resize=700%2C400 2x, https:\/\/i0.wp.com\/deltaimage.de\/wp\/wp-content\/uploads\/Banner_Projekt.jpg?fit=1200%2C450&ssl=1&resize=1050%2C600 3x"},"classes":[]},{"id":36625,"url":"https:\/\/deltaimage.de\/wp\/?page_id=36625","url_meta":{"origin":44298,"position":5},"title":"Foto-Kurs: Aufbaukurs","author":"EschbacP","date":"15. September 2022","format":false,"excerpt":"Der Foto-Kurs ist speziell f\u00fcr Fortgeschrittene in der Fotografie, aufbauend auf den Inhalten im Grundkurs bauen wir die fotografischen Themen Schritt f\u00fcr Schritt weiter aus und gewinnen Sicherheit und \u00dcbung in der Fotografie.\u00a0Die Fotografie hat noch so viel mehr an M\u00f6glichkeiten zu bieten und Herausforderungen zu beherrschen, dass die Neugierde\u2026","rel":"","context":"\u00c4hnlicher Beitrag","block_context":{"text":"\u00c4hnlicher Beitrag","link":""},"img":{"alt_text":"","src":"https:\/\/i0.wp.com\/deltaimage.de\/wp\/wp-content\/uploads\/Portrait_Paul_Eschbach_600-265x300.jpg?resize=350%2C200&ssl=1","width":350,"height":200},"classes":[]}],"jetpack_sharing_enabled":true,"_links":{"self":[{"href":"https:\/\/deltaimage.de\/wp\/index.php?rest_route=\/wp\/v2\/pages\/44298","targetHints":{"allow":["GET"]}}],"collection":[{"href":"https:\/\/deltaimage.de\/wp\/index.php?rest_route=\/wp\/v2\/pages"}],"about":[{"href":"https:\/\/deltaimage.de\/wp\/index.php?rest_route=\/wp\/v2\/types\/page"}],"author":[{"embeddable":true,"href":"https:\/\/deltaimage.de\/wp\/index.php?rest_route=\/wp\/v2\/users\/1"}],"replies":[{"embeddable":true,"href":"https:\/\/deltaimage.de\/wp\/index.php?rest_route=%2Fwp%2Fv2%2Fcomments&post=44298"}],"version-history":[{"count":19,"href":"https:\/\/deltaimage.de\/wp\/index.php?rest_route=\/wp\/v2\/pages\/44298\/revisions"}],"predecessor-version":[{"id":45675,"href":"https:\/\/deltaimage.de\/wp\/index.php?rest_route=\/wp\/v2\/pages\/44298\/revisions\/45675"}],"wp:featuredmedia":[{"embeddable":true,"href":"https:\/\/deltaimage.de\/wp\/index.php?rest_route=\/wp\/v2\/media\/45566"}],"wp:attachment":[{"href":"https:\/\/deltaimage.de\/wp\/index.php?rest_route=%2Fwp%2Fv2%2Fmedia&parent=44298"}],"curies":[{"name":"wp","href":"https:\/\/api.w.org\/{rel}","templated":true}]}}