{"id":45481,"date":"2024-09-30T17:43:34","date_gmt":"2024-09-30T15:43:34","guid":{"rendered":"https:\/\/deltaimage.de\/wp\/?page_id=45481"},"modified":"2024-09-30T17:58:30","modified_gmt":"2024-09-30T15:58:30","slug":"angebote-foto","status":"publish","type":"page","link":"https:\/\/deltaimage.de\/wp\/?page_id=45481","title":{"rendered":"Angebote | Foto"},"content":{"rendered":"<h2>Unsere Angebote in der Fotografie<\/h2>\n\t\t\t\t<div class=\"jetpack-portfolio-shortcode column-3\">\n\t\t\t\t\t\t\t\t\t<div class=\"portfolio-entry portfolio-entry-column-3 type-a-foto portfolio-entry-mobile-first-item-row portfolio-entry-first-item-row\">\n\t\t\t\t\t\t<header class=\"portfolio-entry-header\">\n\t\t\t\t\t\t<a class=\"portfolio-featured-image\" href=\"https:\/\/deltaimage.de\/wp\/?portfolio=archiv-fotografie\"><img loading=\"lazy\" decoding=\"async\" width=\"890\" height=\"332\" src=\"https:\/\/i0.wp.com\/deltaimage.de\/wp\/wp-content\/uploads\/Angebot_Archiv_Fotografie.jpg?fit=890%2C332&amp;ssl=1\" class=\"attachment-large size-large wp-post-image\" alt=\"\" srcset=\"https:\/\/i0.wp.com\/deltaimage.de\/wp\/wp-content\/uploads\/Angebot_Archiv_Fotografie.jpg?w=1200&amp;ssl=1 1200w, https:\/\/i0.wp.com\/deltaimage.de\/wp\/wp-content\/uploads\/Angebot_Archiv_Fotografie.jpg?resize=900%2C335&amp;ssl=1 900w, https:\/\/i0.wp.com\/deltaimage.de\/wp\/wp-content\/uploads\/Angebot_Archiv_Fotografie.jpg?resize=300%2C112&amp;ssl=1 300w, https:\/\/i0.wp.com\/deltaimage.de\/wp\/wp-content\/uploads\/Angebot_Archiv_Fotografie.jpg?resize=1074%2C400&amp;ssl=1 1074w\" sizes=\"auto, (max-width: 890px) 100vw, 890px\" data-attachment-id=\"45537\" data-permalink=\"https:\/\/deltaimage.de\/wp\/?attachment_id=45537#main\" data-orig-file=\"https:\/\/i0.wp.com\/deltaimage.de\/wp\/wp-content\/uploads\/Angebot_Archiv_Fotografie.jpg?fit=1200%2C447&amp;ssl=1\" data-orig-size=\"1200,447\" data-comments-opened=\"1\" data-image-meta=\"{&quot;aperture&quot;:&quot;0&quot;,&quot;credit&quot;:&quot;&quot;,&quot;camera&quot;:&quot;&quot;,&quot;caption&quot;:&quot;&quot;,&quot;created_timestamp&quot;:&quot;0&quot;,&quot;copyright&quot;:&quot;&quot;,&quot;focal_length&quot;:&quot;0&quot;,&quot;iso&quot;:&quot;0&quot;,&quot;shutter_speed&quot;:&quot;0&quot;,&quot;title&quot;:&quot;&quot;,&quot;orientation&quot;:&quot;1&quot;}\" data-image-title=\"Angebot_Archiv_Fotografie\" data-image-description=\"\" data-image-caption=\"\" data-large-file=\"https:\/\/i0.wp.com\/deltaimage.de\/wp\/wp-content\/uploads\/Angebot_Archiv_Fotografie.jpg?fit=890%2C332&amp;ssl=1\" \/><\/a>\n\t\t\t\t\t\t<h2 class=\"portfolio-entry-title\"><a href=\"https:\/\/deltaimage.de\/wp\/?portfolio=archiv-fotografie\" title=\"Archiv-Fotografie\">Archiv-Fotografie<\/a><\/h2>\n\n\t\t\t\t\t\t\t<div class=\"portfolio-entry-meta\">\n\t\t\t\t\t\t\t<div class=\"project-tags\"><span>Schlagw\u00f6rter:<\/span> <a href=\"https:\/\/deltaimage.de\/wp\/?jetpack-portfolio-tag=archiv-fotografie\" rel=\"tag\">Archiv Fotografie<\/a>, <a href=\"https:\/\/deltaimage.de\/wp\/?jetpack-portfolio-tag=archiv-materialien\" rel=\"tag\">Archiv-Materialien<\/a>, <a href=\"https:\/\/deltaimage.de\/wp\/?jetpack-portfolio-tag=archive\" rel=\"tag\">Archive<\/a>, <a href=\"https:\/\/deltaimage.de\/wp\/?jetpack-portfolio-tag=digitalisierung\" rel=\"tag\">Digitalisierung<\/a>, <a href=\"https:\/\/deltaimage.de\/wp\/?jetpack-portfolio-tag=repro-fotografie\" rel=\"tag\">Repro-Fotografie<\/a><\/div>\t\t\t\t\t\t\t<\/div>\n\n\t\t\t\t\t\t<\/header>\n\n\t\t\t\t\t\t\t\t\t\t\t\t<div class=\"portfolio-entry-content\"><p>Weltweit sind die meisten Dokumente \u00fcber hunderte Jahre der Zeitzeugen der Geschichte noch in analoger Form in Archiven gelagert. F\u00fcr anspruchsvolle Projekte f\u00fcr die Kommunikation \u00fcber B\u00fccher, Fachartikel, digitale Beitr\u00e4ge [&hellip;]<\/p>\n<\/div>\n\t\t\t\t\t\t\t\t\t\t\t\t<\/div><!-- close .portfolio-entry -->\n\t\t\t\t\t\t\t\t\t\t<div class=\"portfolio-entry portfolio-entry-column-3 type-a-foto portfolio-entry-mobile-last-item-row\">\n\t\t\t\t\t\t<header class=\"portfolio-entry-header\">\n\t\t\t\t\t\t\n\t\t\t\t\t\t<h2 class=\"portfolio-entry-title\"><a href=\"https:\/\/deltaimage.de\/wp\/?portfolio=event-fotografie\" title=\"Event-Fotografie\">Event-Fotografie<\/a><\/h2>\n\n\t\t\t\t\t\t\t<div class=\"portfolio-entry-meta\">\n\t\t\t\t\t\t\t\t\t\t\t\t\t\t<\/div>\n\n\t\t\t\t\t\t<\/header>\n\n\t\t\t\t\t\t\t\t\t\t\t\t<div class=\"portfolio-entry-content\"><p>Text dazu<\/p>\n<\/div>\n\t\t\t\t\t\t\t\t\t\t\t\t<\/div><!-- close .portfolio-entry -->\n\t\t\t\t\t\t\t\t\t\t<div class=\"portfolio-entry portfolio-entry-column-3 type-a-foto portfolio-entry-mobile-first-item-row portfolio-entry-last-item-row\">\n\t\t\t\t\t\t<header class=\"portfolio-entry-header\">\n\t\t\t\t\t\t\n\t\t\t\t\t\t<h2 class=\"portfolio-entry-title\"><a href=\"https:\/\/deltaimage.de\/wp\/?portfolio=fotografie-fuer-digitale-medien\" title=\"Fotografie f\u00fcr digitale Medien\">Fotografie f\u00fcr digitale Medien<\/a><\/h2>\n\n\t\t\t\t\t\t\t<div class=\"portfolio-entry-meta\">\n\t\t\t\t\t\t\t\t\t\t\t\t\t\t<\/div>\n\n\t\t\t\t\t\t<\/header>\n\n\t\t\t\t\t\t\t\t\t\t\t\t<div class=\"portfolio-entry-content\"><p>Text dazu<\/p>\n<\/div>\n\t\t\t\t\t\t\t\t\t\t\t\t<\/div><!-- close .portfolio-entry -->\n\t\t\t\t\t\t\t\t\t\t<div class=\"portfolio-entry portfolio-entry-column-3 type-a-foto portfolio-entry-mobile-last-item-row portfolio-entry-first-item-row\">\n\t\t\t\t\t\t<header class=\"portfolio-entry-header\">\n\t\t\t\t\t\t\n\t\t\t\t\t\t<h2 class=\"portfolio-entry-title\"><a href=\"https:\/\/deltaimage.de\/wp\/?portfolio=fotografie-fuer-druck-publikationen\" title=\"Fotografie f\u00fcr Druck-Publikationen\">Fotografie f\u00fcr Druck-Publikationen<\/a><\/h2>\n\n\t\t\t\t\t\t\t<div class=\"portfolio-entry-meta\">\n\t\t\t\t\t\t\t\t\t\t\t\t\t\t<\/div>\n\n\t\t\t\t\t\t<\/header>\n\n\t\t\t\t\t\t\t\t\t\t\t\t<div class=\"portfolio-entry-content\"><p>Text dazu<\/p>\n<\/div>\n\t\t\t\t\t\t\t\t\t\t\t\t<\/div><!-- close .portfolio-entry -->\n\t\t\t\t\t\t\t\t\t\t<div class=\"portfolio-entry portfolio-entry-column-3 type-a-foto portfolio-entry-mobile-first-item-row\">\n\t\t\t\t\t\t<header class=\"portfolio-entry-header\">\n\t\t\t\t\t\t\n\t\t\t\t\t\t<h2 class=\"portfolio-entry-title\"><a href=\"https:\/\/deltaimage.de\/wp\/?portfolio=luftbild-fotografie-und-drohnen-fotografie\" title=\"Luftbild Fotografie und Drohnen-Fotografie\">Luftbild Fotografie und Drohnen-Fotografie<\/a><\/h2>\n\n\t\t\t\t\t\t\t<div class=\"portfolio-entry-meta\">\n\t\t\t\t\t\t\t\t\t\t\t\t\t\t<\/div>\n\n\t\t\t\t\t\t<\/header>\n\n\t\t\t\t\t\t\t\t\t\t\t\t<div class=\"portfolio-entry-content\"><p>Text dazu<\/p>\n<\/div>\n\t\t\t\t\t\t\t\t\t\t\t\t<\/div><!-- close .portfolio-entry -->\n\t\t\t\t\t\t\t\t\t\t<div class=\"portfolio-entry portfolio-entry-column-3 type-a-foto portfolio-entry-mobile-last-item-row portfolio-entry-last-item-row\">\n\t\t\t\t\t\t<header class=\"portfolio-entry-header\">\n\t\t\t\t\t\t\n\t\t\t\t\t\t<h2 class=\"portfolio-entry-title\"><a href=\"https:\/\/deltaimage.de\/wp\/?portfolio=repro-fotografie\" title=\"Repro-Fotografie\">Repro-Fotografie<\/a><\/h2>\n\n\t\t\t\t\t\t\t<div class=\"portfolio-entry-meta\">\n\t\t\t\t\t\t\t\t\t\t\t\t\t\t<\/div>\n\n\t\t\t\t\t\t<\/header>\n\n\t\t\t\t\t\t\t\t\t\t\t\t<div class=\"portfolio-entry-content\"><p>Text dazu<\/p>\n<\/div>\n\t\t\t\t\t\t\t\t\t\t\t\t<\/div><!-- close .portfolio-entry -->\n\t\t\t\t\t\t\t\t\t\t<div class=\"portfolio-entry portfolio-entry-column-3 type-a-foto portfolio-entry-mobile-first-item-row portfolio-entry-first-item-row\">\n\t\t\t\t\t\t<header class=\"portfolio-entry-header\">\n\t\t\t\t\t\t\n\t\t\t\t\t\t<h2 class=\"portfolio-entry-title\"><a href=\"https:\/\/deltaimage.de\/wp\/?portfolio=themen-reportage\" title=\"Themen-Reportage\">Themen-Reportage<\/a><\/h2>\n\n\t\t\t\t\t\t\t<div class=\"portfolio-entry-meta\">\n\t\t\t\t\t\t\t\t\t\t\t\t\t\t<\/div>\n\n\t\t\t\t\t\t<\/header>\n\n\t\t\t\t\t\t\t\t\t\t\t\t<div class=\"portfolio-entry-content\"><p>Text dazu<\/p>\n<\/div>\n\t\t\t\t\t\t\t\t\t\t\t\t<\/div><!-- close .portfolio-entry -->\n\t\t\t\t\t\t\t\t\t<\/div><!-- close .jetpack-portfolio -->\n\t\t\t\t\n<h2><\/h2>\n","protected":false},"excerpt":{"rendered":"<p>Unsere Angebote in der Fotografie<\/p>\n","protected":false},"author":1,"featured_media":0,"parent":44296,"menu_order":0,"comment_status":"closed","ping_status":"closed","template":"page-templates\/full-width-page.php","meta":{"wpupg_custom_link":[],"wpupg_custom_link_behaviour":["default"],"wpupg_custom_link_nofollow":[],"wpupg_custom_image":[],"wpupg_custom_image_id":[],"jetpack_post_was_ever_published":false,"footnotes":""},"class_list":["post-45481","page","type-page","status-publish","hentry"],"jetpack-related-posts":[{"id":45490,"url":"https:\/\/deltaimage.de\/wp\/?page_id=45490","url_meta":{"origin":45481,"position":0},"title":"Angebote | Rund um das Foto","author":"EschbacP","date":"30. September 2024","format":false,"excerpt":"\u00a0 Unsere Angebote Rund um die Fotografie","rel":"","context":"\u00c4hnlicher Beitrag","block_context":{"text":"\u00c4hnlicher Beitrag","link":""},"img":{"alt_text":"","src":"","width":0,"height":0},"classes":[]},{"id":195,"url":"https:\/\/deltaimage.de\/wp\/?page_id=195","url_meta":{"origin":45481,"position":1},"title":"| Angebot","author":"EschbacP","date":"8. Mai 2013","format":false,"excerpt":"Seite in Bearbeitung. \u00a0 \u00a0","rel":"","context":"\u00c4hnlicher Beitrag","block_context":{"text":"\u00c4hnlicher Beitrag","link":""},"img":{"alt_text":"","src":"https:\/\/i0.wp.com\/deltaimage.de\/wp\/wp-content\/uploads\/ZY5M3779_1200-1.jpg?fit=1200%2C450&ssl=1&resize=350%2C200","width":350,"height":200,"srcset":"https:\/\/i0.wp.com\/deltaimage.de\/wp\/wp-content\/uploads\/ZY5M3779_1200-1.jpg?fit=1200%2C450&ssl=1&resize=350%2C200 1x, https:\/\/i0.wp.com\/deltaimage.de\/wp\/wp-content\/uploads\/ZY5M3779_1200-1.jpg?fit=1200%2C450&ssl=1&resize=525%2C300 1.5x, https:\/\/i0.wp.com\/deltaimage.de\/wp\/wp-content\/uploads\/ZY5M3779_1200-1.jpg?fit=1200%2C450&ssl=1&resize=700%2C400 2x, https:\/\/i0.wp.com\/deltaimage.de\/wp\/wp-content\/uploads\/ZY5M3779_1200-1.jpg?fit=1200%2C450&ssl=1&resize=1050%2C600 3x"},"classes":[]},{"id":44296,"url":"https:\/\/deltaimage.de\/wp\/?page_id=44296","url_meta":{"origin":45481,"position":2},"title":"| Foto","author":"EschbacP","date":"17. September 2024","format":false,"excerpt":"Die Fotografie bedeutet f\u00fcr uns, die intensive Auseinandersetzung mit unserer Umgebung auf allen sichtbaren und f\u00fchrbaren Ebenen und somit eine immerw\u00e4hrende spannende Herausforderung. Das Leben h\u00e4lt immer wieder neue Begegnungen und Erlebnisse f\u00fcr uns alle parat, als Fotograf ist man noch viel mehr auf das\u00a0 sensible Beobachten und Erfassen von\u2026","rel":"","context":"\u00c4hnlicher Beitrag","block_context":{"text":"\u00c4hnlicher Beitrag","link":""},"img":{"alt_text":"","src":"https:\/\/i0.wp.com\/deltaimage.de\/wp\/wp-content\/uploads\/Banner_Foto.jpg?fit=1200%2C449&ssl=1&resize=350%2C200","width":350,"height":200,"srcset":"https:\/\/i0.wp.com\/deltaimage.de\/wp\/wp-content\/uploads\/Banner_Foto.jpg?fit=1200%2C449&ssl=1&resize=350%2C200 1x, https:\/\/i0.wp.com\/deltaimage.de\/wp\/wp-content\/uploads\/Banner_Foto.jpg?fit=1200%2C449&ssl=1&resize=525%2C300 1.5x, https:\/\/i0.wp.com\/deltaimage.de\/wp\/wp-content\/uploads\/Banner_Foto.jpg?fit=1200%2C449&ssl=1&resize=700%2C400 2x, https:\/\/i0.wp.com\/deltaimage.de\/wp\/wp-content\/uploads\/Banner_Foto.jpg?fit=1200%2C449&ssl=1&resize=1050%2C600 3x"},"classes":[]},{"id":38284,"url":"https:\/\/deltaimage.de\/wp\/?page_id=38284","url_meta":{"origin":45481,"position":3},"title":"Foto-Pr\u00e4senz-Kurse","author":"EschbacP","date":"26. Dezember 2022","format":false,"excerpt":"Unsere beliebten Fotografie Kurse gibt es auch als besonderes Angebote als Fotografie Pr\u00e4senz Kurse in kleinen Workshop Gruppen f\u00fcr ein intensives Lernerlebnis, weiterhin in Dachau. Die TeilnehmerInnen berichten immer wieder \u00fcbereinstimmend, der unmittelbare Austausch untereinander ist ganz besonders wertvoll. So lernt es sich leichter und schneller. \u00a0 Fotografie lernen f\u00fcr\u2026","rel":"","context":"\u00c4hnlicher Beitrag","block_context":{"text":"\u00c4hnlicher Beitrag","link":""},"img":{"alt_text":"","src":"https:\/\/i0.wp.com\/deltaimage.de\/wp\/wp-content\/uploads\/Folie1-1.jpg?fit=1200%2C449&ssl=1&resize=350%2C200","width":350,"height":200,"srcset":"https:\/\/i0.wp.com\/deltaimage.de\/wp\/wp-content\/uploads\/Folie1-1.jpg?fit=1200%2C449&ssl=1&resize=350%2C200 1x, https:\/\/i0.wp.com\/deltaimage.de\/wp\/wp-content\/uploads\/Folie1-1.jpg?fit=1200%2C449&ssl=1&resize=525%2C300 1.5x, https:\/\/i0.wp.com\/deltaimage.de\/wp\/wp-content\/uploads\/Folie1-1.jpg?fit=1200%2C449&ssl=1&resize=700%2C400 2x, https:\/\/i0.wp.com\/deltaimage.de\/wp\/wp-content\/uploads\/Folie1-1.jpg?fit=1200%2C449&ssl=1&resize=1050%2C600 3x"},"classes":[]},{"id":83,"url":"https:\/\/deltaimage.de\/wp\/","url_meta":{"origin":45481,"position":4},"title":"Home &#8211; Professionelle Fotografie","author":"EschbacP","date":"8. Mai 2013","format":false,"excerpt":"\u00a0 \u00a0 \u00a0 Professionelle Fotografie erleben Fotos sind \u00fcberall - und zu jeder Zeit. Im Internet stehen Bilder zu allen Themen nahezu unbeschr\u00e4nkt zur Verf\u00fcgung. Everything we see is a perspective! Was ist denn nun der Wert eines Fotos? \u00a0 stellt die n\u00e4chste FOTO-Ausstellung zum Thema: Dachauer Moos vor. Im\u2026","rel":"","context":"Mit 6 Kommentaren","block_context":{"text":"Mit 6 Kommentaren","link":"https:\/\/deltaimage.de\/wp\/#comments"},"img":{"alt_text":"","src":"https:\/\/deltaimage.de\/wp\/wp-content\/uploads\/APP_Logo_DELTA-IMAGE.bmp","width":350,"height":200},"classes":[]},{"id":18739,"url":"https:\/\/deltaimage.de\/wp\/?page_id=18739","url_meta":{"origin":45481,"position":5},"title":"Veranstalter Foto Kurse","author":"EschbacP","date":"19. Mai 2018","format":false,"excerpt":"DELTA IMAGE f\u00fchrt verschiedene Foto-Kurse bei den nachfolgenden Veranstalter in S\u00fcddeutschland durch. Mehr zu den Veranstaltern und deren Programme finden Sie in den jeweiligen Beitr\u00e4gen. \u00a0 Veranstalter der Foto Kurse und -Workshops mit Paul Eschbach","rel":"","context":"\u00c4hnlicher Beitrag","block_context":{"text":"\u00c4hnlicher Beitrag","link":""},"img":{"alt_text":"","src":"https:\/\/i0.wp.com\/deltaimage.de\/wp\/wp-content\/uploads\/IMG_0190_1200-1.jpg?fit=1200%2C500&ssl=1&resize=350%2C200","width":350,"height":200,"srcset":"https:\/\/i0.wp.com\/deltaimage.de\/wp\/wp-content\/uploads\/IMG_0190_1200-1.jpg?fit=1200%2C500&ssl=1&resize=350%2C200 1x, https:\/\/i0.wp.com\/deltaimage.de\/wp\/wp-content\/uploads\/IMG_0190_1200-1.jpg?fit=1200%2C500&ssl=1&resize=525%2C300 1.5x, https:\/\/i0.wp.com\/deltaimage.de\/wp\/wp-content\/uploads\/IMG_0190_1200-1.jpg?fit=1200%2C500&ssl=1&resize=700%2C400 2x, https:\/\/i0.wp.com\/deltaimage.de\/wp\/wp-content\/uploads\/IMG_0190_1200-1.jpg?fit=1200%2C500&ssl=1&resize=1050%2C600 3x"},"classes":[]}],"jetpack_sharing_enabled":true,"_links":{"self":[{"href":"https:\/\/deltaimage.de\/wp\/index.php?rest_route=\/wp\/v2\/pages\/45481","targetHints":{"allow":["GET"]}}],"collection":[{"href":"https:\/\/deltaimage.de\/wp\/index.php?rest_route=\/wp\/v2\/pages"}],"about":[{"href":"https:\/\/deltaimage.de\/wp\/index.php?rest_route=\/wp\/v2\/types\/page"}],"author":[{"embeddable":true,"href":"https:\/\/deltaimage.de\/wp\/index.php?rest_route=\/wp\/v2\/users\/1"}],"replies":[{"embeddable":true,"href":"https:\/\/deltaimage.de\/wp\/index.php?rest_route=%2Fwp%2Fv2%2Fcomments&post=45481"}],"version-history":[{"count":2,"href":"https:\/\/deltaimage.de\/wp\/index.php?rest_route=\/wp\/v2\/pages\/45481\/revisions"}],"predecessor-version":[{"id":45492,"href":"https:\/\/deltaimage.de\/wp\/index.php?rest_route=\/wp\/v2\/pages\/45481\/revisions\/45492"}],"up":[{"embeddable":true,"href":"https:\/\/deltaimage.de\/wp\/index.php?rest_route=\/wp\/v2\/pages\/44296"}],"wp:attachment":[{"href":"https:\/\/deltaimage.de\/wp\/index.php?rest_route=%2Fwp%2Fv2%2Fmedia&parent=45481"}],"curies":[{"name":"wp","href":"https:\/\/api.w.org\/{rel}","templated":true}]}}