{"id":49767,"date":"2025-07-27T13:29:55","date_gmt":"2025-07-27T11:29:55","guid":{"rendered":"https:\/\/deltaimage.de\/wp\/?page_id=49767"},"modified":"2025-07-27T14:24:57","modified_gmt":"2025-07-27T12:24:57","slug":"barrierefreiheit","status":"publish","type":"page","link":"https:\/\/deltaimage.de\/wp\/?page_id=49767","title":{"rendered":"Erkl\u00e4rung zur Barrierefreiheit"},"content":{"rendered":"<h1>Erkl\u00e4rung zur Barrierefreiheit<img data-recalc-dims=\"1\" loading=\"lazy\" decoding=\"async\" data-attachment-id=\"32604\" data-permalink=\"https:\/\/deltaimage.de\/wp\/?attachment_id=32604#main\" data-orig-file=\"https:\/\/i0.wp.com\/deltaimage.de\/wp\/wp-content\/uploads\/DELTA-IMAGE-Logo.jpg?fit=697%2C141&amp;ssl=1\" data-orig-size=\"697,141\" data-comments-opened=\"0\" data-image-meta=\"{&quot;aperture&quot;:&quot;0&quot;,&quot;credit&quot;:&quot;Eschbach&quot;,&quot;camera&quot;:&quot;&quot;,&quot;caption&quot;:&quot;&quot;,&quot;created_timestamp&quot;:&quot;1367602127&quot;,&quot;copyright&quot;:&quot;&quot;,&quot;focal_length&quot;:&quot;0&quot;,&quot;iso&quot;:&quot;0&quot;,&quot;shutter_speed&quot;:&quot;0&quot;,&quot;title&quot;:&quot;&quot;,&quot;orientation&quot;:&quot;0&quot;}\" data-image-title=\"DELTA IMAGE-Logo\" data-image-description=\"\" data-image-caption=\"\" data-large-file=\"https:\/\/i0.wp.com\/deltaimage.de\/wp\/wp-content\/uploads\/DELTA-IMAGE-Logo.jpg?fit=697%2C141&amp;ssl=1\" class=\"alignright wp-image-32604 size-thumbnail\" src=\"https:\/\/i0.wp.com\/deltaimage.de\/wp\/wp-content\/uploads\/DELTA-IMAGE-Logo.jpg?resize=300%2C61&#038;ssl=1\" alt=\"\" width=\"300\" height=\"61\" srcset=\"https:\/\/i0.wp.com\/deltaimage.de\/wp\/wp-content\/uploads\/DELTA-IMAGE-Logo.jpg?resize=300%2C61&amp;ssl=1 300w, https:\/\/i0.wp.com\/deltaimage.de\/wp\/wp-content\/uploads\/DELTA-IMAGE-Logo.jpg?w=697&amp;ssl=1 697w\" sizes=\"auto, (max-width: 300px) 100vw, 300px\" \/><\/h1>\n<p>F\u00fcr <strong>DELTA IMAGE<\/strong> (https:\/\/deltaimage.de) bedeutet der Begriff der <strong>Barrierefreiheit<\/strong>, dass unser Internet-Angebot f\u00fcr alle Menschen mit unterschiedlichsten Einschr\u00e4nkungen nutzbar ist und damit ein pers\u00f6nliches Erlebnis und eine Erweiterung des Wissens und des Erlebnisses erm\u00f6glicht. Insbesondere bedeutet dies, dass die Inhalte der Webseite f\u00fcr alle Menschen nach den technischen und organisatorischen M\u00f6glichkeiten entsprechend lesbar und bedienbar sind. Dies gilt insbesondere unter den gegebenen technischen Aspekten (Internet-Browser, Betriebssystem), und ebenso bezogen auf die inhaltlichen Aspekte aus der Verst\u00e4ndlichkeit und der Benutzerfreundlichkeit heraus.<\/p>\n<blockquote><p><strong>Die ab Juli 2025 anzuwendende Barrierefreie-Informationstechnik-Verordnung (BITV) legt Anforderungen an die barrierefreie Gestaltung von Websites, Webanwendungen und anderen IT-L\u00f6sungen fest, die von \u00f6ffentlichen Stellen des Bundes bereitgestellt werden. Sie soll sicherstellen, dass Informationen und Dienstleistungen f\u00fcr Menschen mit Behinderungen zug\u00e4nglich sind. Zu den \u00f6ffentlichen Stellen geh\u00f6ren auch alle \u00f6ffentlich zug\u00e4nglichen Webseiten.<\/strong><\/p><\/blockquote>\n<p>Die gesetzliche Grundlage dazu besteht in Europa mit dem <strong>Barrierefreiheitsst\u00e4rkungsgesetz (BFSG)<\/strong>, welches die<strong> EU-Richtlinie 2019\/882 \u2013 European Accessibility Act (EAA)<\/strong> &#8211; in nationales Recht umsetzt. Die <strong>DELTA IMAGE<\/strong> f\u00e4llt unter die Ausnahmeregelungen f\u00fcr Kleinunternehmer, somit ist die Umsetzung dieser Standards durch <strong>DELTA IMAGE<\/strong> freiwillig und nicht verpflichtend.<\/p>\n<p><strong>DELTA IMAGE<\/strong> bem\u00fcht sich in diesen Webseiten, die nach diesen Ma\u00dfgaben zu entwickeln und auch die bereits umfangreichen Inhalte dahin umzugestalten. Der Internetauftritt soll soweit als technisch und organisatorisch m\u00f6glich, im\u00a0Einklang mit<\/p>\n<ul>\n<li>der <a href=\"https:\/\/www.gesetze-bayern.de\/Content\/Document\/BayDiV\"><strong>Bayerischen E-Government-Verordnung (BayEGovV)<\/strong><\/a><\/li>\n<li><strong>Barrierefreiheitsst\u00e4rkungsgesetz (BFSG)<\/strong><\/li>\n<li><strong>Barrierefreie-Informationstechnik-Verordnung (BITV 2.0)<\/strong><\/li>\n<li><a href=\"https:\/\/eur-lex.europa.eu\/legal-content\/EN\/TXT\/?uri=CELEX%3A32019L0882\">entsprechende Verordnungen und Gesetze auf der EU-Ebene, wie das <strong>European Accessibility Act<\/strong> f\u00fcr barrierefreies Webdesign in der EU<\/a><\/li>\n<\/ul>\n<p>als &#8222;barrierefrei&#8220; zug\u00e4nglich gemacht werden.\u00a0Der Internetauftritt der <strong>DELTA IMAGE<\/strong> (https:\/\/deltaimage.de) erf\u00fcllt im Wesentlichen bereits jetzt und seit der ersten Erstellung im Jahr 2013 die folgenden allgemeinverbindlich formulierten Standards.<\/p>\n<p>&nbsp;<\/p>\n<h2 class=\"wp-block-heading\">Die gesetzliche Grundlage BFSG &amp; EAA<\/h2>\n<p>Das\u00a0<strong>Barrierefreiheitsst\u00e4rkungsgesetz (BFSG)<\/strong>\u00a0setzt die EU-Richtlinie 2019\/882 \u2013 auch bekannt als\u00a0<strong>European Accessibility Act (EAA)<\/strong> \u2013 in deutsches Recht um. Das Zieldabei ist die <strong>Digitale Gleichstellung f\u00fcr Verbraucher im Online-Zugang zu Produkten und Dienstleistungen.<\/strong><\/p>\n<p>&nbsp;<\/p>\n<p style=\"text-align: left;\"><div class=\"su-table su-table-responsive su-table-alternate su-table-fixed\">\n<h2><\/h2>\n<h1 style=\"text-align: left\">Bereits auf DELTA IMAGE (https:\/\/deltaimage.de) umgesetzte Standrads f\u00fcr barrierefreien Zugang<\/h1>\n<table class=\" alignleft\">\n<tbody>\n<tr>\n<td style=\"text-align: left\"><strong>1. Die Website ist browserunabh\u00e4ngig.<br \/>\n<\/strong>Die Webseite wird regelm\u00e4\u00dfig auf verschiedenen Plattformen von uns getestet. Alle \u00fcblichen Browser k\u00f6nnen verwendet werden.<strong><br \/>\n<\/strong><\/td>\n<td><\/td>\n<\/tr>\n<tr>\n<td style=\"text-align: left\"><strong>2. Die Webseite ist auf mobilen Ger\u00e4ten ebenso geeignet.<br \/>\n<\/strong>Auf Smartphones und Tabletts kann die Webseite ohne Einschr\u00e4nkungen ebenso verwendet werden, die Webseite ist &#8222;responsive&#8220; auf die unterschiedlichen Gr\u00f6\u00dfen der Anzeigeger\u00e4te.<\/td>\n<td><\/td>\n<\/tr>\n<tr>\n<td style=\"text-align: left\"><strong>3. Hintergrund der Webseite:<\/strong><br \/>\nDadurch wird bei unterschiedlichen Formen von Sehschw\u00e4chen ein maximaler Helligkeits- und Konturkontrast erzeugt. F\u00fcr die Anwendung von technischen Hilfsmitteln verbessert dies auch die Erkennung der Webseiten Inhalte.<\/td>\n<td style=\"text-align: left\">Hintergrund einheitlich in wei\u00dfer Farbe gestaltet.<\/td>\n<\/tr>\n<tr>\n<td style=\"text-align: left\"><strong>4. Hoher Kontrast: Schrift, Grafik und Bedienelemente verf\u00fcgen \u00fcber ausreichende Farbkontraste:<\/strong><br \/>\nCD\/CI Konzept f\u00fcr alle Webseiten ist umgesetzt.<\/td>\n<td style=\"text-align: left\">Inhalte der Webseite sind meist in schwarzer Farbe als Standard ausgef\u00fchrt.<br \/>\nWichtige Schl\u00fcsselworte sind meist zus\u00e4tzlich im Format BOLD\/FETT zus\u00e4tzlich hervorgehoben, um die Struktur schneller erfassen zu k\u00f6nnen.CD = Corporate DesignCI = Corporate Identity<\/td>\n<\/tr>\n<tr>\n<td style=\"text-align: left\"><strong>5. Der Aufbau der Seiten und Beitr\u00e4ge sind nach einem einheitlichen Konzept realisiert.<br \/>\n<\/strong>CD\/CI Konzept f\u00fcr alle Webseiten ist umgesetzt.<\/p>\n<\/td>\n<td><\/td>\n<\/tr>\n<tr>\n<td style=\"text-align: left\"><strong>6. \u00dcberschriften sind als inhaltsstarke Titel ausgef\u00fchrt.<\/strong><\/td>\n<td style=\"text-align: left\">\u00dcberschriften von Beitr\u00e4gen sind als &#8222;Talking Headline&#8220; mit einer unmittelbaren Hinf\u00fchrung auf den zu erwartenden Inhalt realisiert.<\/td>\n<\/tr>\n<tr>\n<td style=\"text-align: left\"><strong>7. Die Schrift ist ausreichend gro\u00df.<\/strong><\/td>\n<td style=\"text-align: left\">Verwendung der \u00fcber alle Webseiten einheitlichen Auszeichnungen von Schriftgr\u00f6\u00dfen:<br \/>\nH1 f\u00fcr Seiten- und beitrags-\u00dcberschriften<br \/>\nH2 f\u00fcr Zwischen\u00fcberschriften<br \/>\nH3 f\u00fcr ausgezeichnete Textteile<br \/>\nZitate zum Hervorheben von wichtigen Aussagen und Inhalten.<\/td>\n<\/tr>\n<tr>\n<td style=\"text-align: left\"><strong>8. Die Schriftart ist gut lesbar.<\/strong><\/td>\n<td style=\"text-align: left\">Es wird nur eine Schriftart verwendet, ein Wechsel findet nicht statt.<br \/>\nAls Schriftart wird gem\u00e4\u00df CD\/CI eine Schriftart mit Serifen verwendet, die m\u00f6glichst nahe an der Schriftart GARAMOND liegt, verwendet. GARAMOND zeichnet sich durch die sehr gute Lesbarkeit aus.<\/td>\n<\/tr>\n<tr>\n<td style=\"text-align: left\"><strong>9. Texte sind mit Zwischen\u00fcberschriften strukturiert.<br \/>\n<\/strong>Gedankeng\u00e4nge werden in sinnlogischen Abschnitten unter reichhaltigen Zwischen\u00fcberschriften zusammengefasst und strukturiert.<\/td>\n<td style=\"text-align: left\">Zwischen\u00fcberschriften heben sich als H2 deutlich vom Text ab.<\/td>\n<\/tr>\n<tr>\n<td style=\"text-align: left\"><strong>10. Texte sind durchwegs als Text und nicht als Scan eingef\u00fcgt.<\/strong><\/td>\n<td style=\"text-align: left\">Ausnahmen sind das Einbinden von Scans als Referenz, z.B. bei Zeitungsartikeln. Die Inhalte des Artikels werden dann zus\u00e4tzlich im Rahmen der Copyright-M\u00f6glichkeiten ganz oder als Auszug wiedergegeben.<\/td>\n<\/tr>\n<tr>\n<td style=\"text-align: left\"><strong>11. Auf die Verwendung von blinkenden Elementen wird verzichtet.<\/strong><\/td>\n<td style=\"text-align: left\">Blinkende Elemente sind nicht Bestandteil des CD\/CI Konzeptes bei DELTA IMAGE.<\/td>\n<\/tr>\n<tr>\n<td style=\"text-align: left\"><strong>12. Einfache Sprache.<\/strong><br \/>\nDie Webseite verwendet soweit es m\u00f6glich ist, eine m\u00f6glichst einfache und verst\u00e4ndliche Sprache, die von m\u00f6glichst vielen BesucherInnen verstanden werden k\u00f6nnen. Abk\u00fcrzungen und Begriffe werden so gut und so verst\u00e4ndlich als m\u00f6glich erl\u00e4utert.<\/td>\n<td><\/td>\n<\/tr>\n<tr>\n<td style=\"text-align: left\"><strong>13. Inhalte werden m\u00f6glichst strukturiert verwendet.<\/strong><br \/>\nInhalte werden so gut als m\u00f6glich strukturiert und in einer verst\u00e4ndlichen Art und Weise dargebracht. Dies schlie\u00dft in unserem Verst\u00e4ndnis explizit die Verwendung von:<\/p>\n<ul>\n<li>Tabellen<\/li>\n<li>bestimmte Aufz\u00e4hlungen (Bullet Points)<\/li>\n<li>Ranglisten<\/li>\n<\/ul>\n<p>mit ein.<\/td>\n<td style=\"text-align: left\">Dabei sind zwischen den besonderen Anforderungen von BesucherInnen mit Beeintr\u00e4chtigungen und einer verst\u00e4ndlichen Informationsvermittlung abzuw\u00e4gen. So wird keine BesucherIn eine l\u00e4ngere Liste an Veranstaltungsterminen als einen reinen Text \u00fcberhaupt aufnehmen und verstehen k\u00f6nnen. Da ist eine strukturierte Pr\u00e4sentation als Tabelle f\u00fcr alle BesucherInnen viel vorteilhafter und damit Teil des Konzeptes von DELTA IMAGE..<\/td>\n<\/tr>\n<tr>\n<td style=\"text-align: left\"><strong>14. Geschlechtsneutrale Absprache von allen Menschen in den Texten.<\/strong><br \/>\nDELTA IMAGE (https:\/\/deltaimage.de) hat einheitlich festgelegt, dass Menschen in einer geschlechtsneutralen Form angesprochen werden sollen, um auch emotional alle BesucherInnen zu erreichen.<\/td>\n<td style=\"text-align: left\">DELTA IMAGE (https:\/\/deltaimage.de) verwendet dazu einheitlich entweder die geschlechtsneutrale Form, wie Studierende anstelle Studenten und Studentinnen sofern es m\u00f6glich ist. Als weitere geschlechtsneutrale Form wird das -In oder -Innen an der maskulinen Form verwendet. Andere Formen sind auf den Webseiten nicht zul\u00e4ssig. Bei \u00e4lteren Inhalten kann die Umsetzung noch ausstehen.<\/td>\n<\/tr>\n<tr>\n<td style=\"text-align: left\"><strong>15. Navigation auf der Webseite.<\/strong><br \/>\nDELTA IMAGE (https:\/\/deltaimage.de) hat die Navigation innerhalb der Webseite mit den verschiedenartigen Inhalten auf mehrfache und unterschiedliche Art und Weise angelegt. Der Zugang zu Inhalten innerhalb der Gesamtstruktur ist auf verschiedenen Wegen m\u00f6glich, so k\u00f6nnen besondere Anforderungen ebenso umgesetzt werden, wie auch eigene Vorleben und Gewohnheiten.<\/td>\n<\/tr>\n<\/tbody>\n<\/table>\n<p style=\"text-align: left\"><\/div>\n<p style=\"text-align: left;\"><div class=\"su-table su-table-responsive su-table-alternate su-table-fixed\">\n<h2><\/h2>\n<h1 style=\"text-align: left\">Noch nicht bzw. nicht umfassend auf DELTA IMAGE umgesetzte Standrads f\u00fcr barrierefreien Zugang<\/h1>\n<table class=\" alignleft\">\n<tbody>\n<tr>\n<td style=\"text-align: left\"><strong>1. Eingebettete Grafiken sind noch nicht vollst\u00e4ndig mit einem Alternativtext versehen.<\/strong><strong><br \/>\n<\/strong><\/td>\n<td><\/td>\n<\/tr>\n<tr>\n<td style=\"text-align: left\"><strong>2. Noch nicht alle Bilder haben ein Alt-Attribut, welches das Bild beschreibt.<\/strong><\/td>\n<td style=\"text-align: left\">Die Webseite hat weit \u00fcber tausend eingebundene Bilder, die Umsetzung ben\u00f6tigt Zeit zur Formulierung der Alternativtexte f\u00fcr alle betroffenen Bilder.<\/td>\n<\/tr>\n<tr>\n<td style=\"text-align: left\"><strong>3. Die Elemente sind weitgehend ohne Maus erreichbar und gr\u00f6\u00dftenteils mit der Tastatur steuerbar.<br \/>\n<\/strong>Dies betrifft alle Funktionen der Webseite. Es besteht ein weiterer Umsetzungsbedard bei der Bedienung des Men\u00fcsystems und dessen Navigation.<\/td>\n<td><\/td>\n<\/tr>\n<\/tbody>\n<\/table>\n<p style=\"text-align: left\"><\/div>\n<p>&nbsp;<\/p>\n<p>Diese Erkl\u00e4rung wurde am 25.7.2025 erstellt. Die Erkl\u00e4rung wurde zuletzt am 25.7.2025 \u00fcberpr\u00fcft.<\/p>\n","protected":false},"excerpt":{"rendered":"<p>Erkl\u00e4rung zur Barrierefreiheit F\u00fcr DELTA IMAGE (https:\/\/deltaimage.de) bedeutet der Begriff der Barrierefreiheit, dass unser Internet-Angebot f\u00fcr alle Menschen mit unterschiedlichsten Einschr\u00e4nkungen nutzbar ist und damit ein pers\u00f6nliches Erlebnis und eine [&hellip;]<\/p>\n","protected":false},"author":1,"featured_media":0,"parent":0,"menu_order":0,"comment_status":"closed","ping_status":"closed","template":"page-templates\/full-width-page.php","meta":{"wpupg_custom_link":[],"wpupg_custom_link_behaviour":["default"],"wpupg_custom_link_nofollow":["default"],"wpupg_custom_image":[],"wpupg_custom_image_id":[],"jetpack_post_was_ever_published":false,"footnotes":""},"class_list":["post-49767","page","type-page","status-publish","hentry"],"jetpack-related-posts":[{"id":2024,"url":"https:\/\/deltaimage.de\/wp\/?page_id=2024","url_meta":{"origin":49767,"position":0},"title":"Technische Fotografie","author":"EschbacP","date":"4. Februar 2014","format":false,"excerpt":"\u00c4sthetik der Technik in technisch\/dokumentarische Bilder umgesetzt. Die modernen M\u00f6glichkeiten erlauben Sichtweisen auf unsere technischen Einrichtungen in unserem t\u00e4glichen Leben die noch vor wenigen Jahren schlicht technisch nicht m\u00f6glich waren. \u00a0 Thermografie f\u00fcr technische Inspektionen Alle technische Prozesse sind mit technischen Verlusten behaftet - damit muss der Ingenieur leben. Im\u2026","rel":"","context":"\u00c4hnlicher Beitrag","block_context":{"text":"\u00c4hnlicher Beitrag","link":""},"img":{"alt_text":"UW_1","src":"https:\/\/i0.wp.com\/deltaimage.de\/wp\/wp-content\/uploads\/UW_1.jpg?resize=350%2C200","width":350,"height":200,"srcset":"https:\/\/i0.wp.com\/deltaimage.de\/wp\/wp-content\/uploads\/UW_1.jpg?resize=350%2C200 1x, https:\/\/i0.wp.com\/deltaimage.de\/wp\/wp-content\/uploads\/UW_1.jpg?resize=525%2C300 1.5x, https:\/\/i0.wp.com\/deltaimage.de\/wp\/wp-content\/uploads\/UW_1.jpg?resize=700%2C400 2x, https:\/\/i0.wp.com\/deltaimage.de\/wp\/wp-content\/uploads\/UW_1.jpg?resize=1050%2C600 3x, https:\/\/i0.wp.com\/deltaimage.de\/wp\/wp-content\/uploads\/UW_1.jpg?resize=1400%2C800 4x"},"classes":[]},{"id":14429,"url":"https:\/\/deltaimage.de\/wp\/?page_id=14429","url_meta":{"origin":49767,"position":1},"title":"Fotokurse f\u00fcr Einsteiger und Fortgeschrittene","author":"EschbacP","date":"24. September 2022","format":false,"excerpt":"Digitale Bilder sind ein selbstverst\u00e4ndlicher Bestandteil unseres t\u00e4glichen Lebens. In Medien, Zeitschriften und Online konsumieren wir st\u00e4ndig tausende Bilder - meist schon ganz unbewu\u00dft. Unser Leben teilen wir wie selbstverst\u00e4ndlich mit Milliarden Menschen auf der Welt. Wer m\u00f6chte da nicht auch seine eigene Welt \u00fcber das kreative Mittel der Fotografie\u2026","rel":"","context":"\u00c4hnlicher Beitrag","block_context":{"text":"\u00c4hnlicher Beitrag","link":""},"img":{"alt_text":"","src":"https:\/\/i0.wp.com\/deltaimage.de\/wp\/wp-content\/uploads\/Banner_Fotokurse_Einsteiger_1200.jpg?fit=1200%2C491&ssl=1&resize=350%2C200","width":350,"height":200,"srcset":"https:\/\/i0.wp.com\/deltaimage.de\/wp\/wp-content\/uploads\/Banner_Fotokurse_Einsteiger_1200.jpg?fit=1200%2C491&ssl=1&resize=350%2C200 1x, https:\/\/i0.wp.com\/deltaimage.de\/wp\/wp-content\/uploads\/Banner_Fotokurse_Einsteiger_1200.jpg?fit=1200%2C491&ssl=1&resize=525%2C300 1.5x, https:\/\/i0.wp.com\/deltaimage.de\/wp\/wp-content\/uploads\/Banner_Fotokurse_Einsteiger_1200.jpg?fit=1200%2C491&ssl=1&resize=700%2C400 2x, https:\/\/i0.wp.com\/deltaimage.de\/wp\/wp-content\/uploads\/Banner_Fotokurse_Einsteiger_1200.jpg?fit=1200%2C491&ssl=1&resize=1050%2C600 3x"},"classes":[]},{"id":18181,"url":"https:\/\/deltaimage.de\/wp\/?page_id=18181","url_meta":{"origin":49767,"position":2},"title":"Datenschutzerkl\u00e4rung","author":"EschbacP","date":"26. April 2018","format":false,"excerpt":"Die DELTA ADVICE (und alle verbundenen Organisationen) nimmt den Schutz Ihrer personenbezogenen Daten sehr ernst. Wir m\u00f6chten, dass Sie wissen, wann wir welche Daten erheben und wie wir sie verwenden. Im Zuge der Weiterentwicklung unserer Internet-Seiten und der Implementierung neuer Technologien k\u00f6nnen auch \u00c4nderungen dieser Datenschutzerkl\u00e4rung erforderlich werden. Daher empfehlen\u2026","rel":"","context":"\u00c4hnlicher Beitrag","block_context":{"text":"\u00c4hnlicher Beitrag","link":""},"img":{"alt_text":"","src":"https:\/\/i0.wp.com\/deltaimage.de\/wp\/wp-content\/uploads\/Banner_Pressearbeit_1200.jpg?fit=1200%2C450&ssl=1&resize=350%2C200","width":350,"height":200,"srcset":"https:\/\/i0.wp.com\/deltaimage.de\/wp\/wp-content\/uploads\/Banner_Pressearbeit_1200.jpg?fit=1200%2C450&ssl=1&resize=350%2C200 1x, https:\/\/i0.wp.com\/deltaimage.de\/wp\/wp-content\/uploads\/Banner_Pressearbeit_1200.jpg?fit=1200%2C450&ssl=1&resize=525%2C300 1.5x, https:\/\/i0.wp.com\/deltaimage.de\/wp\/wp-content\/uploads\/Banner_Pressearbeit_1200.jpg?fit=1200%2C450&ssl=1&resize=700%2C400 2x, https:\/\/i0.wp.com\/deltaimage.de\/wp\/wp-content\/uploads\/Banner_Pressearbeit_1200.jpg?fit=1200%2C450&ssl=1&resize=1050%2C600 3x"},"classes":[]},{"id":38286,"url":"https:\/\/deltaimage.de\/wp\/?page_id=38286","url_meta":{"origin":49767,"position":3},"title":"Foto-Coaching 1:1","author":"EschbacP","date":"26. Dezember 2022","format":false,"excerpt":"FotografInnen sind vor allem Menschen mit ihrer Individualit\u00e4t und ihren eigenen Bed\u00fcrfnissen. Jeder Mensch lernt anders und vor allem individuell. Mit unseren Lern-Angeboten setzen wir einen Rahmen in dem sich die meisten Menschen orientieren k\u00f6nnen. Die einzelnen Bausteine sind Routenabschnitte ihrer ganz individuellen reise zur Fotografie. Jeder Mensch hat dabei\u2026","rel":"","context":"\u00c4hnlicher Beitrag","block_context":{"text":"\u00c4hnlicher Beitrag","link":""},"img":{"alt_text":"","src":"https:\/\/i0.wp.com\/deltaimage.de\/wp\/wp-content\/uploads\/camera-114260_1920_1200.jpg?fit=1200%2C450&ssl=1&resize=350%2C200","width":350,"height":200,"srcset":"https:\/\/i0.wp.com\/deltaimage.de\/wp\/wp-content\/uploads\/camera-114260_1920_1200.jpg?fit=1200%2C450&ssl=1&resize=350%2C200 1x, https:\/\/i0.wp.com\/deltaimage.de\/wp\/wp-content\/uploads\/camera-114260_1920_1200.jpg?fit=1200%2C450&ssl=1&resize=525%2C300 1.5x, https:\/\/i0.wp.com\/deltaimage.de\/wp\/wp-content\/uploads\/camera-114260_1920_1200.jpg?fit=1200%2C450&ssl=1&resize=700%2C400 2x, https:\/\/i0.wp.com\/deltaimage.de\/wp\/wp-content\/uploads\/camera-114260_1920_1200.jpg?fit=1200%2C450&ssl=1&resize=1050%2C600 3x"},"classes":[]},{"id":1467,"url":"https:\/\/deltaimage.de\/wp\/?page_id=1467","url_meta":{"origin":49767,"position":4},"title":"Impressum","author":"EschbacP","date":"26. Januar 2014","format":false,"excerpt":"Diensteanbieter und inhaltliche Verantwortung DELTA IMAGE ist eine Marke der DELTA ADVICE GmbH Paul Eschbach Benediktenwandstra\u00dfe 10 85221 Dachau Telefon: +49 89 41 61 65 55 E-Mail\u00a0 pe@deltaadvice.eu Registergericht: Amtsgericht M\u00fcnchen Registernummer: HRB 184811 Umsatzsteueridentifikationsnummer: DE 270560371 Vertretungsberechtigte Gesch\u00e4ftsf\u00fchrung Dipl.Ing(FH), Dipl.Wirtschafts-Ing.(FH) Paul Eschbach Links zu anderen Internetseiten Inhalte anderer Anbieter,\u2026","rel":"","context":"\u00c4hnlicher Beitrag","block_context":{"text":"\u00c4hnlicher Beitrag","link":""},"img":{"alt_text":"Aktuelles","src":"https:\/\/i0.wp.com\/deltaimage.de\/wp\/wp-content\/uploads\/ZY5M4644_1200.jpg?fit=1200%2C500&ssl=1&resize=350%2C200","width":350,"height":200,"srcset":"https:\/\/i0.wp.com\/deltaimage.de\/wp\/wp-content\/uploads\/ZY5M4644_1200.jpg?fit=1200%2C500&ssl=1&resize=350%2C200 1x, https:\/\/i0.wp.com\/deltaimage.de\/wp\/wp-content\/uploads\/ZY5M4644_1200.jpg?fit=1200%2C500&ssl=1&resize=525%2C300 1.5x, https:\/\/i0.wp.com\/deltaimage.de\/wp\/wp-content\/uploads\/ZY5M4644_1200.jpg?fit=1200%2C500&ssl=1&resize=700%2C400 2x, https:\/\/i0.wp.com\/deltaimage.de\/wp\/wp-content\/uploads\/ZY5M4644_1200.jpg?fit=1200%2C500&ssl=1&resize=1050%2C600 3x"},"classes":[]},{"id":43954,"url":"https:\/\/deltaimage.de\/wp\/?page_id=43954","url_meta":{"origin":49767,"position":5},"title":"Vielf\u00e4ltigkeit der Landschaftsr\u00e4ume im Dachauer Moos","author":"EschbacP","date":"14. September 2024","format":false,"excerpt":"Was macht das Niedermoor (Moos) als Landschafts- und Naturraum so wertvoll? Im Dachauer Moos treffen am Nordrand der M\u00fcnchener Schotterebene eiszeitbedingte Lebensr\u00e4ume vollkommen unterschiedlicher Gestalt aufeinander und bereichern das Angebot an tief strukturierten Lebensr\u00e4umen und Habitaten f\u00fcr die Natur. Diese Auflistung mag auch bei Weitem noch nicht vollst\u00e4ndig sein, zeigt\u2026","rel":"","context":"\u00c4hnlicher Beitrag","block_context":{"text":"\u00c4hnlicher Beitrag","link":""},"img":{"alt_text":"","src":"https:\/\/i0.wp.com\/deltaimage.de\/wp\/wp-content\/uploads\/IMG_6419-Pano_1200.jpg?fit=1200%2C450&ssl=1&resize=350%2C200","width":350,"height":200,"srcset":"https:\/\/i0.wp.com\/deltaimage.de\/wp\/wp-content\/uploads\/IMG_6419-Pano_1200.jpg?fit=1200%2C450&ssl=1&resize=350%2C200 1x, https:\/\/i0.wp.com\/deltaimage.de\/wp\/wp-content\/uploads\/IMG_6419-Pano_1200.jpg?fit=1200%2C450&ssl=1&resize=525%2C300 1.5x, https:\/\/i0.wp.com\/deltaimage.de\/wp\/wp-content\/uploads\/IMG_6419-Pano_1200.jpg?fit=1200%2C450&ssl=1&resize=700%2C400 2x, https:\/\/i0.wp.com\/deltaimage.de\/wp\/wp-content\/uploads\/IMG_6419-Pano_1200.jpg?fit=1200%2C450&ssl=1&resize=1050%2C600 3x"},"classes":[]}],"jetpack_sharing_enabled":true,"_links":{"self":[{"href":"https:\/\/deltaimage.de\/wp\/index.php?rest_route=\/wp\/v2\/pages\/49767","targetHints":{"allow":["GET"]}}],"collection":[{"href":"https:\/\/deltaimage.de\/wp\/index.php?rest_route=\/wp\/v2\/pages"}],"about":[{"href":"https:\/\/deltaimage.de\/wp\/index.php?rest_route=\/wp\/v2\/types\/page"}],"author":[{"embeddable":true,"href":"https:\/\/deltaimage.de\/wp\/index.php?rest_route=\/wp\/v2\/users\/1"}],"replies":[{"embeddable":true,"href":"https:\/\/deltaimage.de\/wp\/index.php?rest_route=%2Fwp%2Fv2%2Fcomments&post=49767"}],"version-history":[{"count":30,"href":"https:\/\/deltaimage.de\/wp\/index.php?rest_route=\/wp\/v2\/pages\/49767\/revisions"}],"predecessor-version":[{"id":49797,"href":"https:\/\/deltaimage.de\/wp\/index.php?rest_route=\/wp\/v2\/pages\/49767\/revisions\/49797"}],"wp:attachment":[{"href":"https:\/\/deltaimage.de\/wp\/index.php?rest_route=%2Fwp%2Fv2%2Fmedia&parent=49767"}],"curies":[{"name":"wp","href":"https:\/\/api.w.org\/{rel}","templated":true}]}}