{"id":796,"date":"2013-05-10T12:29:27","date_gmt":"2013-05-10T10:29:27","guid":{"rendered":"http:\/\/deltaimage.de\/wp\/?page_id=796"},"modified":"2015-01-20T16:35:15","modified_gmt":"2015-01-20T15:35:15","slug":"foto-video-sessner-gmbh-dachau","status":"publish","type":"page","link":"https:\/\/deltaimage.de\/wp\/?page_id=796","title":{"rendered":"Foto Video Sessner GmbH, Dachau"},"content":{"rendered":"<p><a href=\"http:\/\/www.foto-sessner.de\">www.foto-sessner.de<\/a><\/p>\n<p><a href=\"https:\/\/i0.wp.com\/deltaimage.de\/wp\/wp-content\/uploads\/Logo_Sessner.jpg\"><img data-recalc-dims=\"1\" loading=\"lazy\" decoding=\"async\" class=\"alignnone  wp-image-2459\" src=\"https:\/\/i0.wp.com\/deltaimage.de\/wp\/wp-content\/uploads\/Logo_Sessner-300x90.jpg?resize=210%2C63\" alt=\"\" width=\"210\" height=\"63\" \/><\/a><\/p>\n<p>ist ein Foto Fachunternehmen mit den Schwerpunkten<\/p>\n<ul>\n<li>Fotografie<\/li>\n<li>Fotoprodukte<\/li>\n<li>Fachgesch\u00e4ft<\/li>\n<\/ul>\n<p><a href=\"https:\/\/i0.wp.com\/deltaimage.de\/wp\/wp-content\/uploads\/Studio_Sessner.jpg\"><img data-recalc-dims=\"1\" loading=\"lazy\" decoding=\"async\" class=\"alignnone size-full wp-image-2658\" src=\"https:\/\/i0.wp.com\/deltaimage.de\/wp\/wp-content\/uploads\/Studio_Sessner.jpg?resize=890%2C359\" alt=\"\" width=\"890\" height=\"359\" \/><\/a><\/p>\n<p>Professionelle Fotoauftr\u00e4ge ist seit Jahrzehnten die Grundlage f\u00fcr den gesch\u00e4ftlichen Erfolg. Zu den Fotom\u00f6glichkeiten im Outdoorbereich erm\u00f6glicht Foto Sessner auch die anspruchsvolle Studiofotografie in das Leistungsportfolio zu integrieren.<\/p>\n<h1>Auszug aus der Chronik Foto Video Sessner in Dachau<\/h1>\n<p><strong>1929<\/strong> Gr\u00fcndung des Fotostudio Sessner mit Labor in der Dachauer Altstadt durch Paul Wolfgang Sessner Senior.<\/p>\n<p><strong>1954<\/strong> Start der bis zum heutigen Tag anhaltenden Zusammenarbeit mit dem <strong>Bayerischen Rundfunk<\/strong>.<\/p>\n<p><strong>1970<\/strong> Start der Zusammenarbeit mit dem Amerikanischen <strong>Fernsehsender &#8222;ABC&#8220;<\/strong> aufgrund der<strong> Olympiade `72<\/strong>.<\/p>\n<p><strong>1975<\/strong> Gro\u00dfe Fotoreise mit <strong>Luis Trenker<\/strong> durch die USA<\/p>\n<p><strong>1980<\/strong> Paul Sessner ver\u00f6ffentlicht in Zusammenarbeit mit dem BR <strong>&#8222;Das Bayerische Fernsehbilderbuch&#8220;<\/strong>. Nach bereits 25j\u00e4hriger T\u00e4tigkeit wurden aus \u00fcber einer Million Fotos 500 Bilder ausgew\u00e4hlt.<\/p>\n<p><strong>1986<\/strong> Szenenfotos zur beliebten Fernsehserie <strong>&#8222;Zur Freiheit&#8220;<\/strong> von <strong>Franz X. Bogner<\/strong> und Schauspielern wie <strong>Ruth Drexel<\/strong>, <strong>Toni Berger<\/strong> uvm.<\/p>\n<p><strong>1987<\/strong> Privataudienz bei <strong>Papst Johannes Paul II<\/strong> aufgrund der damals bereits ver\u00f6ffentlichten Krippenb\u00fccher. Insgesamt hat Paul Sessner sieben Krippenb\u00fccher ver\u00f6ffentlicht.<\/p>\n<p><strong>2006<\/strong> Fotobetreuung des Besuchs von <strong>Papst Benedikt XVI<\/strong> in Bayern.<\/p>\n<p><strong>2012<\/strong> Werksfotograf der <strong>MTU Aero Engines<\/strong><\/p>\n<p>&nbsp;<\/p>\n<h3>Fotograf Andreas Pirchmoser<\/h3>\n<div>\n<h3><a href=\"https:\/\/i0.wp.com\/deltaimage.de\/wp\/wp-content\/uploads\/Pirchmoser-Andi.jpg\"><img data-recalc-dims=\"1\" loading=\"lazy\" decoding=\"async\" src=\"https:\/\/i0.wp.com\/deltaimage.de\/wp\/wp-content\/uploads\/Pirchmoser-Andi.jpg?resize=141%2C212\" alt=\"Andreas Pirchmoser Foto Video Sessner GmbH\" width=\"141\" height=\"212\" \/><\/a><\/h3>\n<\/div>\n<ul>\n<li>Wohnort: Dachau<\/li>\n<li>Gesch\u00e4ftsf\u00fchrer Foto Video Sessner GmbH<\/li>\n<li>Berufsfotograf<\/li>\n<li>Fotoproduktionen f\u00fcr Bayerisches Fernsehen, \u00d6ffentlich rechtliche Sender, Privatsender<\/li>\n<li>Studioproduktionen<\/li>\n<li>Au\u00dfenaufnahmen f\u00fcr Foto und Video<\/li>\n<li>Reportagen<\/li>\n<\/ul>\n<p>Ich fotografiere seit 25 Jahren beruflich und fotografiere viele Events in Bayern und im nahen Ausland.<\/p>\n","protected":false},"excerpt":{"rendered":"<p>www.foto-sessner.de ist ein Foto Fachunternehmen mit den Schwerpunkten Fotografie Fotoprodukte Fachgesch\u00e4ft Professionelle Fotoauftr\u00e4ge ist seit Jahrzehnten die Grundlage f\u00fcr den gesch\u00e4ftlichen Erfolg. Zu den Fotom\u00f6glichkeiten im Outdoorbereich erm\u00f6glicht Foto Sessner [&hellip;]<\/p>\n","protected":false},"author":1,"featured_media":0,"parent":1475,"menu_order":0,"comment_status":"closed","ping_status":"closed","template":"page-templates\/full-width-page.php","meta":{"wpupg_custom_link":[],"wpupg_custom_link_behaviour":[],"wpupg_custom_link_nofollow":[],"wpupg_custom_image":[],"wpupg_custom_image_id":[],"jetpack_post_was_ever_published":false,"footnotes":""},"class_list":["post-796","page","type-page","status-publish","hentry"],"jetpack-related-posts":[{"id":53277,"url":"https:\/\/deltaimage.de\/wp\/?page_id=53277","url_meta":{"origin":796,"position":0},"title":"Foto-Workshops &#038; Fotowettbewerbe","author":"EschbacP","date":"29. November 2025","format":false,"excerpt":"Fotograf: Hubert Bauer-Falkner (\u2020) Foto-Workshops, -Wettbewerbe & -Vorlesungen Oberstdorfer Fotogipfel, Oberstdorf Wunderwelten am Bodensee, Friedrichshafen Naturfototage F\u00fcrstenfeld, F\u00fcrstenfeldbruck bei M\u00fcnchen Verein Dachauer Moos e.V., Eschenried bei Dachau Foto Video Sessner GmbH, Dachau \u00a0 Fotowettbewerbe Aerial Views of Nature \u2013 Naturfotos mit der Drohne\/UAS im Rahmen der Glanzlichter der Naturfotografie; Initiierung\u2026","rel":"","context":"\u00c4hnlicher Beitrag","block_context":{"text":"\u00c4hnlicher Beitrag","link":""},"img":{"alt_text":"","src":"https:\/\/i0.wp.com\/deltaimage.de\/wp\/wp-content\/uploads\/1DX20085_1200.jpg?fit=1200%2C450&ssl=1&resize=350%2C200","width":350,"height":200,"srcset":"https:\/\/i0.wp.com\/deltaimage.de\/wp\/wp-content\/uploads\/1DX20085_1200.jpg?fit=1200%2C450&ssl=1&resize=350%2C200 1x, https:\/\/i0.wp.com\/deltaimage.de\/wp\/wp-content\/uploads\/1DX20085_1200.jpg?fit=1200%2C450&ssl=1&resize=525%2C300 1.5x, https:\/\/i0.wp.com\/deltaimage.de\/wp\/wp-content\/uploads\/1DX20085_1200.jpg?fit=1200%2C450&ssl=1&resize=700%2C400 2x, https:\/\/i0.wp.com\/deltaimage.de\/wp\/wp-content\/uploads\/1DX20085_1200.jpg?fit=1200%2C450&ssl=1&resize=1050%2C600 3x"},"classes":[]},{"id":24334,"url":"https:\/\/deltaimage.de\/wp\/?page_id=24334","url_meta":{"origin":796,"position":1},"title":"Foto Kurse","author":"EschbacP","date":"17. M\u00e4rz 2020","format":false,"excerpt":"Fotokurse sind sehr gefragt, die Komplexit\u00e4t eines Kamerasystems ist alleine nicht die L\u00f6sung f\u00fcr bessere Fotos. Viele Fotografen kommen aus der Smartphone-Fotografie oder von kompakten Digitalkameras. Die Kamera \u00fcbernimmt nahezu alles wichtige und es bleibt nur noch den Knopf zu dr\u00fccken. Trotzdem w\u00fcnschen sich viele Fotografen mehr von der Fotografie.\u2026","rel":"","context":"\u00c4hnlicher Beitrag","block_context":{"text":"\u00c4hnlicher Beitrag","link":""},"img":{"alt_text":"ARTEMiS Schauspielstudio","src":"https:\/\/i0.wp.com\/deltaimage.de\/wp\/wp-content\/uploads\/Sessner_Logo1.jpg?resize=350%2C200","width":350,"height":200},"classes":[]},{"id":14429,"url":"https:\/\/deltaimage.de\/wp\/?page_id=14429","url_meta":{"origin":796,"position":2},"title":"Fotokurse f\u00fcr Einsteiger und Fortgeschrittene","author":"EschbacP","date":"24. September 2022","format":false,"excerpt":"Digitale Bilder sind ein selbstverst\u00e4ndlicher Bestandteil unseres t\u00e4glichen Lebens. In Medien, Zeitschriften und Online konsumieren wir st\u00e4ndig tausende Bilder - meist schon ganz unbewu\u00dft. Unser Leben teilen wir wie selbstverst\u00e4ndlich mit Milliarden Menschen auf der Welt. Wer m\u00f6chte da nicht auch seine eigene Welt \u00fcber das kreative Mittel der Fotografie\u2026","rel":"","context":"\u00c4hnlicher Beitrag","block_context":{"text":"\u00c4hnlicher Beitrag","link":""},"img":{"alt_text":"","src":"https:\/\/i0.wp.com\/deltaimage.de\/wp\/wp-content\/uploads\/Banner_Fotokurse_Einsteiger_1200.jpg?fit=1200%2C491&ssl=1&resize=350%2C200","width":350,"height":200,"srcset":"https:\/\/i0.wp.com\/deltaimage.de\/wp\/wp-content\/uploads\/Banner_Fotokurse_Einsteiger_1200.jpg?fit=1200%2C491&ssl=1&resize=350%2C200 1x, https:\/\/i0.wp.com\/deltaimage.de\/wp\/wp-content\/uploads\/Banner_Fotokurse_Einsteiger_1200.jpg?fit=1200%2C491&ssl=1&resize=525%2C300 1.5x, https:\/\/i0.wp.com\/deltaimage.de\/wp\/wp-content\/uploads\/Banner_Fotokurse_Einsteiger_1200.jpg?fit=1200%2C491&ssl=1&resize=700%2C400 2x, https:\/\/i0.wp.com\/deltaimage.de\/wp\/wp-content\/uploads\/Banner_Fotokurse_Einsteiger_1200.jpg?fit=1200%2C491&ssl=1&resize=1050%2C600 3x"},"classes":[]},{"id":3713,"url":"https:\/\/deltaimage.de\/wp\/?page_id=3713","url_meta":{"origin":796,"position":3},"title":"2014 &#8211; Sonderausstellung Flugwerft Schlei\u00dfheim &#8222;Die Suche nach dem Gl\u00fcck&#8220;","author":"EschbacP","date":"19. Mai 2014","format":false,"excerpt":"Foto- und Sonderausstellung von Paul Eschbach Fotografien von Paul Eschbach und Andreas Pirchmoser Sonderausstellung in der Flugwerft Schlei\u00dfheim im Deutschen Museum \u00fcber den Fallschirmsport unter Mitwirkung von Hans Osterm\u00fcnchner und Uli Beyer \u00a0 Zur Sonderausstellung ist eine begleitende Dokumentation erschienen, mehr dazu im Online Shop. \u00a0 Die Suche nach dem\u2026","rel":"","context":"\u00c4hnlicher Beitrag","block_context":{"text":"\u00c4hnlicher Beitrag","link":""},"img":{"alt_text":"","src":"https:\/\/i0.wp.com\/deltaimage.de\/wp\/wp-content\/uploads\/Header-Plakat_1200.jpg?fit=1200%2C450&ssl=1&resize=350%2C200","width":350,"height":200,"srcset":"https:\/\/i0.wp.com\/deltaimage.de\/wp\/wp-content\/uploads\/Header-Plakat_1200.jpg?fit=1200%2C450&ssl=1&resize=350%2C200 1x, https:\/\/i0.wp.com\/deltaimage.de\/wp\/wp-content\/uploads\/Header-Plakat_1200.jpg?fit=1200%2C450&ssl=1&resize=525%2C300 1.5x, https:\/\/i0.wp.com\/deltaimage.de\/wp\/wp-content\/uploads\/Header-Plakat_1200.jpg?fit=1200%2C450&ssl=1&resize=700%2C400 2x, https:\/\/i0.wp.com\/deltaimage.de\/wp\/wp-content\/uploads\/Header-Plakat_1200.jpg?fit=1200%2C450&ssl=1&resize=1050%2C600 3x"},"classes":[]},{"id":7660,"url":"https:\/\/deltaimage.de\/wp\/?page_id=7660","url_meta":{"origin":796,"position":4},"title":"\u00dcber mich &#8211; Bio Page Paul Eschbach","author":"EschbacP","date":"11. April 2015","format":false,"excerpt":"Fast 40 Jahre ernsthafte und leidenschaftliche Besch\u00e4ftigung mit der Fotografie in vielen Themenbereichen und fotografischen Techniken bildet einen Spannungsbogen um immer das gleiche Motiv: \"Die n\u00e4here Heimat selber und auch f\u00fcr andere visuell erlebbar machen\" Heimat und Landschaft passieren nicht zu Hause und nicht im Umkreis eines Parkplatzes \u2013 da\u2026","rel":"","context":"\u00c4hnlicher Beitrag","block_context":{"text":"\u00c4hnlicher Beitrag","link":""},"img":{"alt_text":"","src":"https:\/\/i0.wp.com\/deltaimage.de\/wp\/wp-content\/uploads\/IMG_2660_1200.jpg?fit=1200%2C450&ssl=1&resize=350%2C200","width":350,"height":200,"srcset":"https:\/\/i0.wp.com\/deltaimage.de\/wp\/wp-content\/uploads\/IMG_2660_1200.jpg?fit=1200%2C450&ssl=1&resize=350%2C200 1x, https:\/\/i0.wp.com\/deltaimage.de\/wp\/wp-content\/uploads\/IMG_2660_1200.jpg?fit=1200%2C450&ssl=1&resize=525%2C300 1.5x, https:\/\/i0.wp.com\/deltaimage.de\/wp\/wp-content\/uploads\/IMG_2660_1200.jpg?fit=1200%2C450&ssl=1&resize=700%2C400 2x, https:\/\/i0.wp.com\/deltaimage.de\/wp\/wp-content\/uploads\/IMG_2660_1200.jpg?fit=1200%2C450&ssl=1&resize=1050%2C600 3x"},"classes":[]},{"id":38035,"url":"https:\/\/deltaimage.de\/wp\/?page_id=38035","url_meta":{"origin":796,"position":5},"title":"Home2","author":"EschbacP","date":"2. Oktober 2024","format":false,"excerpt":"\u00a0 Professionelle Fotografie erleben \u00a0 Fotos sind \u00fcberall - und zu jeder Zeit. Im Internet stehen Bilder zu allen Themen nahezu unbeschr\u00e4nkt zur Verf\u00fcgung. Everything we see is a perspective! Was ist der Wert eines Fotos? \u00a0 Aktuelle Beitr\u00e4ge in News Blog \u00a0 Mehr aktuelle Nachrichten im NEWS BLOG. \u00a0\u2026","rel":"","context":"\u00c4hnlicher Beitrag","block_context":{"text":"\u00c4hnlicher Beitrag","link":""},"img":{"alt_text":"","src":"https:\/\/i0.wp.com\/deltaimage.de\/wp\/wp-content\/uploads\/Banner_WESTEND61_400.jpg?resize=350%2C200&ssl=1","width":350,"height":200},"classes":[]}],"jetpack_sharing_enabled":true,"_links":{"self":[{"href":"https:\/\/deltaimage.de\/wp\/index.php?rest_route=\/wp\/v2\/pages\/796","targetHints":{"allow":["GET"]}}],"collection":[{"href":"https:\/\/deltaimage.de\/wp\/index.php?rest_route=\/wp\/v2\/pages"}],"about":[{"href":"https:\/\/deltaimage.de\/wp\/index.php?rest_route=\/wp\/v2\/types\/page"}],"author":[{"embeddable":true,"href":"https:\/\/deltaimage.de\/wp\/index.php?rest_route=\/wp\/v2\/users\/1"}],"replies":[{"embeddable":true,"href":"https:\/\/deltaimage.de\/wp\/index.php?rest_route=%2Fwp%2Fv2%2Fcomments&post=796"}],"version-history":[{"count":10,"href":"https:\/\/deltaimage.de\/wp\/index.php?rest_route=\/wp\/v2\/pages\/796\/revisions"}],"predecessor-version":[{"id":6557,"href":"https:\/\/deltaimage.de\/wp\/index.php?rest_route=\/wp\/v2\/pages\/796\/revisions\/6557"}],"up":[{"embeddable":true,"href":"https:\/\/deltaimage.de\/wp\/index.php?rest_route=\/wp\/v2\/pages\/1475"}],"wp:attachment":[{"href":"https:\/\/deltaimage.de\/wp\/index.php?rest_route=%2Fwp%2Fv2%2Fmedia&parent=796"}],"curies":[{"name":"wp","href":"https:\/\/api.w.org\/{rel}","templated":true}]}}